{"id":45691,"date":"2023-02-17T09:58:09","date_gmt":"2023-02-17T08:58:09","guid":{"rendered":"https:\/\/owego-family.com\/?page_id=45691"},"modified":"2026-03-05T14:42:12","modified_gmt":"2026-03-05T13:42:12","slug":"cookie-richtlinie","status":"publish","type":"page","link":"https:\/\/owego-family.com\/de\/cookie-richtlinie\/","title":{"rendered":"cookie-Richtlinie"},"content":{"rendered":"[vc_row type=&#8220;in_container&#8220; full_screen_row_position=&#8220;middle&#8220; column_margin=&#8220;default&#8220; column_direction=&#8220;default&#8220; column_direction_tablet=&#8220;default&#8220; column_direction_phone=&#8220;default&#8220; scene_position=&#8220;center&#8220; text_color=&#8220;dark&#8220; text_align=&#8220;left&#8220; row_border_radius=&#8220;none&#8220; row_border_radius_applies=&#8220;bg&#8220; overflow=&#8220;visible&#8220; overlay_strength=&#8220;0.3&#8243; gradient_direction=&#8220;left_to_right&#8220; shape_divider_position=&#8220;bottom&#8220; bg_image_animation=&#8220;none&#8220;][vc_column column_padding=&#8220;no-extra-padding&#8220; column_padding_tablet=&#8220;inherit&#8220; column_padding_phone=&#8220;inherit&#8220; column_padding_position=&#8220;all&#8220; column_element_direction_desktop=&#8220;default&#8220; column_element_spacing=&#8220;default&#8220; desktop_text_alignment=&#8220;default&#8220; tablet_text_alignment=&#8220;default&#8220; phone_text_alignment=&#8220;default&#8220; background_color_opacity=&#8220;1&#8243; background_hover_color_opacity=&#8220;1&#8243; column_backdrop_filter=&#8220;none&#8220; column_shadow=&#8220;none&#8220; column_border_radius=&#8220;none&#8220; column_link_target=&#8220;_self&#8220; column_position=&#8220;default&#8220; gradient_direction=&#8220;left_to_right&#8220; overlay_strength=&#8220;0.3&#8243; width=&#8220;1\/1&#8243; tablet_width_inherit=&#8220;default&#8220; animation_type=&#8220;default&#8220; bg_image_animation=&#8220;none&#8220; border_type=&#8220;simple&#8220; column_border_width=&#8220;none&#8220; column_border_style=&#8220;solid&#8220;][vc_column_text]\r\n\r\n<h1 class=\"wp-block-heading\">Cookie-Richtlinie<\/h1>\r\n<p>&nbsp;<\/p>\r\n<p id=\"tw-target-text\" class=\"tw-data-text tw-text-large tw-ta\" dir=\"ltr\" style=\"text-align: justify;\" data-placeholder=\"Vertaling\"><span class=\"Y2IQFc\" lang=\"de\">Diese Cookie-Richtlinie gilt f\u00fcr die Website von Owego, einem Handelsnamen und Warenzeichen von The Quality Group BV, einer Gesellschaft mit beschr\u00e4nkter Haftung, mit eingetragener Adresse in Atomiumsquare 1\/2, 1020 Brussels, Belgien, Unternehmens- und Umsatzsteuer-Identifikationsnummer BE 0682.473 .093, RPR Gent (Bezirk Dendermonde), im Folgenden \u201eOwego\u201c genannt.<\/span><\/p>\r\n<p id=\"tw-target-text\" class=\"tw-data-text tw-text-large tw-ta\" dir=\"ltr\" style=\"text-align: justify;\" data-placeholder=\"Vertaling\"><span class=\"Y2IQFc\" lang=\"de\">Owego beh\u00e4lt sich das Recht vor, diese Cookie-Richtlinie jederzeit zu \u00e4ndern. Owego ver\u00f6ffentlicht die neueste Version der Cookie-Richtlinie auf seiner Website. Es wird empfohlen, diese Cookie-Richtlinie regelm\u00e4\u00dfig zu konsultieren. <\/span><\/p>\r\n<p class=\"tw-data-text tw-text-large tw-ta\" dir=\"ltr\" data-placeholder=\"Vertaling\"><span class=\"Y2IQFc\" lang=\"de\">Datum der letzten Aktualisierung dieser Cookie-Richtlinie: 12. M\u00e4rz 2019. <\/span><\/p>\r\n<p class=\"tw-data-text tw-text-large tw-ta\" dir=\"ltr\" style=\"text-align: justify;\" data-placeholder=\"Vertaling\"><span class=\"Y2IQFc\" lang=\"de\">Indem Sie unsere Website nutzen und\/oder die Cookies \u00fcber das Banner akzeptieren, stimmen Sie unserer Verwendung von Cookies und dieser Cookie-Richtlinie bedingungslos und unwiderruflich zu.<\/span><\/p>\r\n<h2>was sind Cookies?<\/h2>\r\n<p id=\"tw-target-text\" class=\"tw-data-text tw-text-large tw-ta\" dir=\"ltr\" style=\"text-align: justify;\" data-placeholder=\"Vertaling\"><span class=\"Y2IQFc\" lang=\"de\">W\u00e4hrend eines Besuchs auf der Website k\u00f6nnen Cookies vom Website-Server auf der Festplatte Ihres Ger\u00e4ts abgelegt werden. Cookies k\u00f6nnen personenbezogene Daten erheben und verarbeiten. Bitte konsultieren Sie auch unsere\u00a0<a href=\"https:\/\/owego-family.com\/de\/datenschutz-bestimmungen\/\">Datenschutzerkl\u00e4rung \u00fcber diesen Link.<\/a><\/span><\/p>\r\n<p id=\"tw-target-text\" class=\"tw-data-text tw-text-large tw-ta\" dir=\"ltr\" style=\"text-align: justify;\" data-placeholder=\"Vertaling\"><span class=\"Y2IQFc\" lang=\"de\">Cookies k\u00f6nnen Ihnen helfen, auf einer Website zu navigieren, und k\u00f6nnen dem Eigent\u00fcmer einer Website die notwendigen Informationen liefern, um eine Website zu optimieren. Als solche k\u00f6nnen sie sich beispielsweise die von Ihnen besuchten Seiten und Ihre Einstellungen (wie Benutzername, Sprache, Schriftart und andere Einstellungen) merken, um zu vermeiden, dass diese Einstellungen bei Ihrem n\u00e4chsten Besuch erneut \u00fcbermittelt werden.<\/span><\/p>\r\n<h2 id=\"tw-target-text\" class=\"tw-data-text tw-text-large tw-ta\" dir=\"ltr\" data-placeholder=\"Vertaling\"><span class=\"Y2IQFc\" lang=\"de\">welche Cookies werden auf dieser Website verwendet?<\/span><\/h2>\r\n<p id=\"tw-target-text\" class=\"tw-data-text tw-text-large tw-ta\" dir=\"ltr\" data-placeholder=\"Vertaling\"><span class=\"Y2IQFc\" lang=\"de\">Diese Website verwendet derzeit folgende Cookies:<\/span><\/p>\r\n<h4>1\/ notwendige\/ technische cookies<\/h4>\r\n<p id=\"tw-target-text\" class=\"tw-data-text tw-text-large tw-ta\" dir=\"ltr\" style=\"text-align: justify;\" data-placeholder=\"Vertaling\"><span class=\"Y2IQFc\" lang=\"de\">Die Website ben\u00f6tigt diese Cookies, um ordnungsgem\u00e4\u00df zu funktionieren oder eine personalisierte Benutzererfahrung zu gew\u00e4hrleisten. Beispiel f\u00fcr ein solches Cookie, das auf dieser Website verwendet wird: WordPress.<\/span><\/p>\r\n<h4>2\/ analytische cookies<\/h4>\r\n<p id=\"tw-target-text\" class=\"tw-data-text tw-text-large tw-ta\" dir=\"ltr\" style=\"text-align: justify;\" data-placeholder=\"Vertaling\"><span class=\"Y2IQFc\" lang=\"de\">Diese Cookies sammeln Informationen \u00fcber die Nutzung der Website, um den Inhalt zu verbessern und die Website an die W\u00fcnsche ihrer Besucher anzupassen oder die Benutzererfahrung zu verbessern. Beispiel f\u00fcr ein solches Cookie, das auf dieser Website verwendet wird: Google Analytics.<\/span><\/p>\r\n<h4>3\/ marketing-cookies<\/h4>\r\n<p id=\"tw-target-text\" class=\"tw-data-text tw-text-large tw-ta\" dir=\"ltr\" style=\"text-align: justify;\" data-placeholder=\"Vertaling\"><span class=\"Y2IQFc\" lang=\"de\">Diese Cookies werden verwendet, um den Besuchern der Website beispielsweise relevante Anzeigen zu zeigen. Beispiel f\u00fcr ein solches Cookie, das auf dieser Website verwendet wird: Facebook Pixel.<\/span><\/p>\r\n<p id=\"tw-target-text\" class=\"tw-data-text tw-text-large tw-ta\" dir=\"ltr\" style=\"text-align: justify;\" data-placeholder=\"Vertaling\"><span class=\"Y2IQFc\" lang=\"de\">Zur Klarstellung: Diese Website enth\u00e4lt Drittanbieter-Cookies, d. h. Cookies, die nicht von der Website selbst stammen, sondern von Dritten, z. Marketing- oder Werbe-Plug-ins.<\/span><\/p>\r\n<p id=\"tw-target-text\" class=\"tw-data-text tw-text-large tw-ta\" dir=\"ltr\" style=\"text-align: justify;\" data-placeholder=\"Vertaling\"><span class=\"Y2IQFc\" lang=\"de\">Bitte beachten Sie, dass sich diese Informationen von Zeit zu Zeit \u00e4ndern k\u00f6nnen, beispielsweise weil Owego seine Website ge\u00e4ndert hat. Owego wird alle angemessenen Anstrengungen unternehmen, um die Informationen auf dem neuesten Stand zu halten.<\/span><\/p>\r\n<h2>wie k\u00f6nnen Sie Ihre Cookie-Einstellungen \u00fcberpr\u00fcfen und \u00e4ndern?<\/h2>\r\n<p id=\"tw-target-text\" class=\"tw-data-text tw-text-large tw-ta\" dir=\"ltr\" style=\"text-align: justify;\" data-placeholder=\"Vertaling\"><span class=\"Y2IQFc\" lang=\"de\">Die meisten Internetbrowser akzeptieren Cookies automatisch. Sie k\u00f6nnen Ihren Internetbrowser so einstellen, dass Cookies nicht akzeptiert\/blockiert werden, dass Sie eine Warnung erhalten, wenn ein Cookie installiert wird, oder dass die Cookies anschlie\u00dfend von Ihrer Festplatte entfernt werden. Au\u00dferdem k\u00f6nnen Sie Cookies jederzeit manuell \u00fcberpr\u00fcfen und\/oder l\u00f6schen. Weitere Informationen dazu finden Sie auf der Website aboutcookies.org. <\/span><\/p>\r\n<p class=\"tw-data-text tw-text-large tw-ta\" dir=\"ltr\" style=\"text-align: justify;\" data-placeholder=\"Vertaling\"><span class=\"Y2IQFc\" lang=\"de\">Wenn Sie die Einstellungen \u00e4ndern, ber\u00fccksichtigen Sie bitte, dass bestimmte grafische Elemente m\u00f6glicherweise nicht richtig angezeigt werden oder dass Sie bestimmte Anwendungen oder alle Optionen der Website nicht nutzen k\u00f6nnen. Z.B. M\u00f6glicherweise m\u00fcssen Sie Ihre Einstellungen erneut \u00fcbermitteln. Anwendbares Recht und Gerichtsstand.<\/span><\/p>\r\n<p class=\"tw-data-text tw-text-large tw-ta\" dir=\"ltr\" style=\"text-align: justify;\" data-placeholder=\"Vertaling\"><span class=\"Y2IQFc\" lang=\"de\">F\u00fcr diese Cookie-Richtlinie und die Verwendung von Cookies durch Owego gelten die belgischen Gesetze. Bei Streitigkeiten bevorzugt Owego ein offenes Gespr\u00e4ch mit einer g\u00fctlichen Einigung. Kommt eine solche g\u00fctliche Einigung nicht zustande, sind die Gerichte des Bezirks des Sitzes von Owego ausschlie\u00dflich zust\u00e4ndig.<\/span><\/p>\r\n<h2>kontakt<\/h2>\r\n<p id=\"tw-target-text\" class=\"tw-data-text tw-text-large tw-ta\" dir=\"ltr\" style=\"text-align: justify;\" data-placeholder=\"Vertaling\"><span class=\"Y2IQFc\" lang=\"de\">Wenn Sie Fragen, eine Bitte, eine Anmerkung oder eine Beschwerde bez\u00fcglich dieser Cookie-Richtlinie oder der Verwendung von Cookies durch Owego haben, kontaktieren Sie uns bitte \u00fcber <a href=\"mailto:info@owego-family.com\">info@owego-family.com<\/a>. Sie k\u00f6nnen uns auch per Post unter unserer registrierten Adresse erreichen: owego, The Quality Group BV, Atomiumsquare 1\/2, 1020 Brussels, Belgien oder \u00fcber das Kontaktformular auf dieser Website. <\/span><\/p>\r\n<p class=\"tw-data-text tw-text-large tw-ta\" dir=\"ltr\" style=\"text-align: justify;\" data-placeholder=\"Vertaling\"><span class=\"Y2IQFc\" lang=\"de\">Owego wird Ihre Nachricht so schnell wie m\u00f6glich und in jedem Fall innerhalb von drei\u00dfig (30) Werktagen beantworten.<\/span><\/p>\r\n[\/vc_column_text][\/vc_column][\/vc_row]","protected":false},"excerpt":{"rendered":"<p>[vc_row type=&#8220;in_container&#8220; full_screen_row_position=&#8220;middle&#8220; column_margin=&#8220;default&#8220; column_direction=&#8220;default&#8220; column_direction_tablet=&#8220;default&#8220; column_direction_phone=&#8220;default&#8220; scene_position=&#8220;center&#8220; text_color=&#8220;dark&#8220; text_align=&#8220;left&#8220; row_border_radius=&#8220;none&#8220; row_border_radius_applies=&#8220;bg&#8220; overflow=&#8220;visible&#8220; overlay_strength=&#8220;0.3&#8243; gradient_direction=&#8220;left_to_right&#8220; shape_divider_position=&#8220;bottom&#8220; bg_image_animation=&#8220;none&#8220;][vc_column column_padding=&#8220;no-extra-padding&#8220; column_padding_tablet=&#8220;inherit&#8220; column_padding_phone=&#8220;inherit&#8220; column_padding_position=&#8220;all&#8220; column_element_direction_desktop=&#8220;default&#8220; column_element_spacing=&#8220;default&#8220; desktop_text_alignment=&#8220;default&#8220; tablet_text_alignment=&#8220;default&#8220; phone_text_alignment=&#8220;default&#8220; background_color_opacity=&#8220;1&#8243; background_hover_color_opacity=&#8220;1&#8243; column_backdrop_filter=&#8220;none&#8220; column_shadow=&#8220;none&#8220;&#8230;<\/p>\n","protected":false},"author":1,"featured_media":0,"parent":0,"menu_order":0,"comment_status":"closed","ping_status":"closed","template":"","meta":{"inline_featured_image":false,"footnotes":""},"class_list":["post-45691","page","type-page","status-publish"],"_links":{"self":[{"href":"https:\/\/owego-family.com\/de\/wp-json\/wp\/v2\/pages\/45691","targetHints":{"allow":["GET"]}}],"collection":[{"href":"https:\/\/owego-family.com\/de\/wp-json\/wp\/v2\/pages"}],"about":[{"href":"https:\/\/owego-family.com\/de\/wp-json\/wp\/v2\/types\/page"}],"author":[{"embeddable":true,"href":"https:\/\/owego-family.com\/de\/wp-json\/wp\/v2\/users\/1"}],"replies":[{"embeddable":true,"href":"https:\/\/owego-family.com\/de\/wp-json\/wp\/v2\/comments?post=45691"}],"version-history":[{"count":4,"href":"https:\/\/owego-family.com\/de\/wp-json\/wp\/v2\/pages\/45691\/revisions"}],"predecessor-version":[{"id":60732,"href":"https:\/\/owego-family.com\/de\/wp-json\/wp\/v2\/pages\/45691\/revisions\/60732"}],"wp:attachment":[{"href":"https:\/\/owego-family.com\/de\/wp-json\/wp\/v2\/media?parent=45691"}],"curies":[{"name":"wp","href":"https:\/\/api.w.org\/{rel}","templated":true}]}}