{"id":3781,"date":"2022-05-03T12:11:51","date_gmt":"2022-05-03T10:11:51","guid":{"rendered":"https:\/\/owego-family.com\/shop\/yummy-tray-denim\/"},"modified":"2026-02-26T12:46:49","modified_gmt":"2026-02-26T11:46:49","slug":"yummy-tray-denim","status":"publish","type":"product","link":"https:\/\/owego-family.com\/de\/produkt\/yummy-tray-denim\/","title":{"rendered":"yummy tray denim"},"content":{"rendered":"<p class=\"_04xlpA direction-ltr align-start para-style-body\">Unser Owego Yummy Tray ist aus 100% BPA-freiem, lebensmittelechtem Silikon hergestellt. Der Tray ist unbegrenzt wiederverwendbar, beschreibbar und leicht in der Sp\u00fclmaschine zu reinigen.<\/p>\n<p class=\"_04xlpA direction-ltr align-start para-style-body\">Der Deckel ist so gestaltet, dass er genau auf die einzelnen F\u00e4cher passt. So kleckert nichts auf dem Weg in den Gefrierschrank und es l\u00e4uft nichts \u00fcber.<\/p>\n<p class=\"_04xlpA direction-ltr align-start para-style-body\">Zudem lassen sich die Trays so platzsparend stapeln.<\/p>\n<p class=\"_04xlpA direction-ltr align-start para-style-body\" style=\"text-align: justify;\">Muttermilch oder frische Babynahrung kann in neun praktischen 30ml Portionen eingefroren werden. Unser Yummy Tray w\u00e4chst mit Ihrer Familie mit und eignet sich zudem ideal f\u00fcr die Aufbewahrung und Zubereitung kreativer kleiner Snacks: von W\u00f6lkchen-Eis bis wolkenf\u00f6rmige kleine Cupcakes. Der Tray ist hitzebest\u00e4ndig und kann zum Erhitzen von Portionen direkt in der Mikrowelle oder als Backform im Backofen (ohne Deckel) verwendet werden.<\/p>\n<p><span style=\"color: #808080;\">Unsere Yummy Tray wurde mit Liebe in Belgien entworfen und verantwortungsvoll in China produziert.<\/span><\/p>\n","protected":false},"excerpt":{"rendered":"<p><span style=\"color: #7c7c80;\">Unser Owego Yummy Tray ist ideal zum <b>Einfrieren von Muttermilch, Babyp\u00fcree und kreativen Snacks<\/b> und kann sogar zum Backen von <b>fluffigen Cupcakes<\/b> im Ofen verwendet werden! Es besteht zu <b>100 % aus lebensmittelechtem Silikon<\/b>. Sein intelligentes Design sorgt daf\u00fcr, dass der Deckel genau in jedes Fach passt, um ein <b>Versch\u00fctten zu vermeiden<\/b>.<\/span><\/p>\n<table>\n<tbody>\n<tr>\n<td><img loading=\"lazy\" decoding=\"async\" class=\"specs-image alignnone wp-image-11971 size-full\" src=\"https:\/\/b2b.owego-family.com\/wp-content\/uploads\/2020\/11\/free-delivery-150x150.png\" alt=\"\" width=\"283\" height=\"232\" \/><\/td>\n<td>Kostenloser Versand ab 50 \u20ac f\u00fcr Belgien und die Niederlande, ab 100 \u20ac f\u00fcr das restliche Europa<\/td>\n<\/tr>\n<tr>\n<td><img loading=\"lazy\" decoding=\"async\" class=\"specs-image alignnone wp-image-11971 size-full\" src=\"https:\/\/b2b.owego-family.com\/wp-content\/uploads\/2020\/11\/shipping.png\" alt=\"\" width=\"283\" height=\"232\" \/><\/td>\n<td>Lieferung in 1-5 Arbeitstagen nach Belgien, den Niederlanden, Frankreich, Deutschland, Luxemburg Spanien und Italien<\/td>\n<\/tr>\n<tr>\n<td><img loading=\"lazy\" decoding=\"async\" class=\"specs-image alignnone wp-image-11970 size-full\" src=\"https:\/\/b2b.owego-family.com\/wp-content\/uploads\/2020\/11\/credit-card.png\" alt=\"\" width=\"297\" height=\"241\" \/><\/td>\n<td>Sichere Zahlung mit Paypal, Bancontact, Ideal, Kreditkarte, Belfius Direct Net, ING Home\u2019pay und KBC\/CBC Payment Button<\/td>\n<\/tr>\n<tr>\n<td><img loading=\"lazy\" decoding=\"async\" class=\"specs-image alignnone wp-image-50208 size-full\" src=\"http:\/\/b2b.owego-family.com\/wp-content\/uploads\/2026\/02\/Belgian-brand-grey.png\" alt=\"\" width=\"1000\" height=\"1000\" \/><\/td>\n<td>Owego ist eine stolze belgische Marke<\/td>\n<\/tr>\n<\/tbody>\n<\/table>\n<p>Scrollen Sie nach unten f\u00fcr weitere Details und Spezifikationen<\/p>\n<p>&nbsp;<\/p>\n","protected":false},"featured_media":51298,"comment_status":"open","ping_status":"closed","template":"","meta":{"inline_featured_image":false},"product_brand":[],"product_cat":[788,112,1094,62],"product_tag":[401,402,239],"class_list":{"0":"post-3781","1":"product","2":"type-product","3":"status-publish","4":"has-post-thumbnail","6":"product_cat-geschenkideen-unter-25","7":"product_cat-essen-sie","8":"product_cat-stillen","9":"product_cat-yummy-tray-de","10":"product_tag-muttermilch-de","11":"product_tag-wiederverwendbar-de","12":"product_tag-yummy-tray-de","13":"product_shipping_class-pauschalpreis","15":"first","16":"instock","17":"shipping-taxable","18":"purchasable","19":"product-type-simple"},"_links":{"self":[{"href":"https:\/\/owego-family.com\/de\/wp-json\/wp\/v2\/product\/3781","targetHints":{"allow":["GET"]}}],"collection":[{"href":"https:\/\/owego-family.com\/de\/wp-json\/wp\/v2\/product"}],"about":[{"href":"https:\/\/owego-family.com\/de\/wp-json\/wp\/v2\/types\/product"}],"replies":[{"embeddable":true,"href":"https:\/\/owego-family.com\/de\/wp-json\/wp\/v2\/comments?post=3781"}],"wp:featuredmedia":[{"embeddable":true,"href":"https:\/\/owego-family.com\/de\/wp-json\/wp\/v2\/media\/51298"}],"wp:attachment":[{"href":"https:\/\/owego-family.com\/de\/wp-json\/wp\/v2\/media?parent=3781"}],"wp:term":[{"taxonomy":"product_brand","embeddable":true,"href":"https:\/\/owego-family.com\/de\/wp-json\/wp\/v2\/product_brand?post=3781"},{"taxonomy":"product_cat","embeddable":true,"href":"https:\/\/owego-family.com\/de\/wp-json\/wp\/v2\/product_cat?post=3781"},{"taxonomy":"product_tag","embeddable":true,"href":"https:\/\/owego-family.com\/de\/wp-json\/wp\/v2\/product_tag?post=3781"}],"curies":[{"name":"wp","href":"https:\/\/api.w.org\/{rel}","templated":true}]}}