{"id":45953,"date":"2021-01-22T14:26:35","date_gmt":"2021-01-22T13:26:35","guid":{"rendered":"https:\/\/owego-family.com\/product\/yummy-bag-blush-2\/"},"modified":"2026-02-26T14:09:40","modified_gmt":"2026-02-26T13:09:40","slug":"yummy-bag-blush","status":"publish","type":"product","link":"https:\/\/owego-family.com\/de\/produkt\/yummy-bag-blush\/","title":{"rendered":"yummy bag blush 2-pack"},"content":{"rendered":"<p class=\"_04xlpA direction-ltr align-start para-style-body\" style=\"text-align: justify;\"><span class=\"JsGRdQ\">Die Yummy Bag ist aus 100 % lebensmittelechtem Silikon hergestellt, das f\u00fcr seine St\u00e4rke und Langlebigkeit bekannt ist. Das bedeutet, dass unsere Yummy Bag f\u00fcr die Aufbewahrung aller Arten von Fl\u00fcssigkeiten und Lebensmitteln geeignet ist. Sie k\u00f6nnen die Yummy Bag in kochendes Wasser legen, in der Mikrowelle verwenden und auch einfrieren. Sie ist f\u00fcr eine lange Lebensdauer ausgelegt und kann unendlich oft wiederverwendet werden. Verabschieden Sie sich also von Ihren alten Plastikbeuteln und Plastikdosen und machen Sie einen neuen Schritt zur Rettung unseres Planeten!<\/span><\/p>\n<p class=\"_04xlpA direction-ltr align-start para-style-body\" style=\"text-align: justify;\"><span class=\"JsGRdQ\">Unsere Yummy Bag ist als Aufbewahrungsl\u00f6sung f\u00fcr Lebensmittel von der Geburt bis zum Schulkindalter (und auch danach) konzipiert. Die Gr\u00f6\u00dfe ist ideal, um Ihre kostbare Muttermilch sorgenfrei aufzubewahren. Wenn Ihr Baby w\u00e4chst, k\u00f6nnen Sie sie nutzen, um Obst- und Gem\u00fcsebrei oder andere Leckereien mitzunehmen, wo auch immer Sie hingehen. Wenn Ihr Kind schulreif ist, vergessen Sie nicht, die Yummy Bag <\/span><span class=\"JsGRdQ\">in die Schultasche zu packen! Snacks bleiben frisch und Sie m\u00fcssen sich keine Sorgen \u00fcber auslaufende Fl\u00fcssigkeiten machen. Nat\u00fcrlich k\u00f6nnen Sie die Yummy Bag auch weiterhin f\u00fcr Einzelportionen von Suppen, Snacks und anderen Mahlzeiten verwenden. Wir sind davon \u00fcberzeugt, dass Ihre Yummy Bag mit der Zeit zu einem unverzichtbaren Element in Ihrer K\u00fcche wird.<\/span><\/p>\n<p class=\"_04xlpA direction-ltr align-start para-style-body\" style=\"text-align: justify;\"><span class=\"JsGRdQ\">Unsere Yummy Bag wurde mit viel Liebe zum Detail entworfen, um Ihnen das Leben zu erleichtern. Sie steht selbstst\u00e4ndig aufrecht, so dass Sie sie leicht f\u00fcllen k\u00f6nnen oder Ihr Baby direkt daraus f\u00fcttern k\u00f6nnen. Die abgerundete Kanten erm\u00f6glichen das Ausgie\u00dfen von Fl\u00fcssigkeiten ohne zu kleckern. Der auslaufsichere Verschluss h\u00e4lt alles sicher drinnen und schlie\u00dft die Frische, N\u00e4hrstoffe und Aromen ein. Die clevere Gr\u00f6\u00dfe bietet die perfekten Portionen f\u00fcr unterwegs und es gibt auch ein praktisches Fenster mit Inhaltsanzeige. Sie k\u00f6nnen Namen, Datum und Menge mit einem Whiteboard-Marker auf den Beutel schreiben, den Sie mit warmem Wasser und Seife abwaschen k\u00f6nnen (oder in die Sp\u00fclmaschine stecken k\u00f6nnen)! Wenn Sie die Yummy Bag nicht benutzen, k\u00f6nnen Sie sie zusammenrollen, so dass sie wenig Platz einnimmt!<\/span><\/p>\n<p class=\"_04xlpA direction-ltr align-start para-style-body\" style=\"text-align: justify;\"><span style=\"color: #808080;\">Unsere Yummy Bag wurde mit Liebe in Belgien entworfen und verantwortungsvoll in China produziert.<\/span><\/p>\n","protected":false},"excerpt":{"rendered":"<p style=\"text-align: justify;\"><span style=\"font-size: 14pt;\">Unsere Yummy Bag Aufbewahrungsbeutel ist aus <strong>100% lebensmittelechtem Silikon<\/strong> hergestellt. Es ist ideal f\u00fcr die <strong>Aufbewahrung von Muttermilch, <\/strong><strong>Babybrei und Snacks<\/strong>. Das originelle Design und die <strong>clevere Gr\u00f6\u00dfe<\/strong> machen sie perfekt, um Ihre Leckereien \u00fcberall aufzubewahren und mitzunehmen, <strong>ohne dass etwas ausl\u00e4uft<\/strong>.<\/span><\/p>\n<p style=\"text-align: left;\"><span style=\"font-size: 12pt;\">Diese Packung enth\u00e4lt 2 Yummy Bags &#8211; Blush<br \/>\n<em>(In jede Yummy Bag passen bis zu 5 Yummy Tray Wolken)<\/em><br \/>\n<\/span><\/p>\n<table>\n<tbody>\n<tr>\n<td><img loading=\"lazy\" decoding=\"async\" class=\"specs-image alignnone wp-image-11971 size-full\" src=\"https:\/\/b2b.owego-family.com\/wp-content\/uploads\/2020\/11\/free-delivery-150x150.png\" alt=\"\" width=\"283\" height=\"232\" \/><\/td>\n<td>Kostenloser Versand ab 50 \u20ac f\u00fcr Belgien und die Niederlande, ab 100 \u20ac f\u00fcr das restliche Europa<\/td>\n<\/tr>\n<tr>\n<td><img loading=\"lazy\" decoding=\"async\" class=\"specs-image alignnone wp-image-11971 size-full\" src=\"https:\/\/b2b.owego-family.com\/wp-content\/uploads\/2020\/11\/shipping.png\" alt=\"\" width=\"283\" height=\"232\" \/><\/td>\n<td>Lieferung in 1-5 Arbeitstagen nach Belgien, den Niederlanden, Frankreich, Deutschland, Luxemburg Spanien und Italien<\/td>\n<\/tr>\n<tr>\n<td><img loading=\"lazy\" decoding=\"async\" class=\"specs-image alignnone wp-image-11970 size-full\" src=\"https:\/\/b2b.owego-family.com\/wp-content\/uploads\/2020\/11\/credit-card.png\" alt=\"\" width=\"297\" height=\"241\" \/><\/td>\n<td>Sichere Zahlung mit Paypal, Bancontact, Ideal, Kreditkarte, Belfius Direct Net, ING Home\u2019pay und KBC\/CBC Payment Button<\/td>\n<\/tr>\n<tr>\n<td><img loading=\"lazy\" decoding=\"async\" class=\"specs-image alignnone wp-image-50208 size-full\" src=\"http:\/\/b2b.owego-family.com\/wp-content\/uploads\/2026\/02\/Belgian-brand-grey.png\" alt=\"\" width=\"1000\" height=\"1000\" \/><\/td>\n<td>Owego ist eine stolze belgische Marke<\/td>\n<\/tr>\n<\/tbody>\n<\/table>\n<p>Scrollen Sie nach unten f\u00fcr weitere Details und Spezifikationen<\/p>\n<p>&nbsp;<\/p>\n","protected":false},"featured_media":51595,"comment_status":"open","ping_status":"closed","template":"","meta":{"inline_featured_image":false},"product_brand":[],"product_cat":[788,112,1094,59],"product_tag":[242,328,240],"class_list":{"0":"post-45953","1":"product","2":"type-product","3":"status-publish","4":"has-post-thumbnail","6":"product_cat-geschenkideen-unter-25","7":"product_cat-essen-sie","8":"product_cat-stillen","9":"product_cat-yummy-bag-de","10":"product_tag-2-pack-de","11":"product_tag-blush-de","12":"product_tag-yummy-bag-de","13":"product_shipping_class-pauschalpreis","15":"first","16":"instock","17":"shipping-taxable","18":"purchasable","19":"product-type-simple"},"_links":{"self":[{"href":"https:\/\/owego-family.com\/de\/wp-json\/wp\/v2\/product\/45953","targetHints":{"allow":["GET"]}}],"collection":[{"href":"https:\/\/owego-family.com\/de\/wp-json\/wp\/v2\/product"}],"about":[{"href":"https:\/\/owego-family.com\/de\/wp-json\/wp\/v2\/types\/product"}],"replies":[{"embeddable":true,"href":"https:\/\/owego-family.com\/de\/wp-json\/wp\/v2\/comments?post=45953"}],"wp:featuredmedia":[{"embeddable":true,"href":"https:\/\/owego-family.com\/de\/wp-json\/wp\/v2\/media\/51595"}],"wp:attachment":[{"href":"https:\/\/owego-family.com\/de\/wp-json\/wp\/v2\/media?parent=45953"}],"wp:term":[{"taxonomy":"product_brand","embeddable":true,"href":"https:\/\/owego-family.com\/de\/wp-json\/wp\/v2\/product_brand?post=45953"},{"taxonomy":"product_cat","embeddable":true,"href":"https:\/\/owego-family.com\/de\/wp-json\/wp\/v2\/product_cat?post=45953"},{"taxonomy":"product_tag","embeddable":true,"href":"https:\/\/owego-family.com\/de\/wp-json\/wp\/v2\/product_tag?post=45953"}],"curies":[{"name":"wp","href":"https:\/\/api.w.org\/{rel}","templated":true}]}}