{"id":45957,"date":"2019-09-22T15:15:35","date_gmt":"2019-09-22T13:15:35","guid":{"rendered":"https:\/\/owego-family.com\/product\/stilltuch-coral-polkas-2\/"},"modified":"2026-02-27T12:02:06","modified_gmt":"2026-02-27T11:02:06","slug":"nursing-cocoon-coral-polkas","status":"publish","type":"product","link":"https:\/\/owego-family.com\/de\/produkt\/nursing-cocoon-coral-polkas\/","title":{"rendered":"Nursing Cocoon Polkas"},"content":{"rendered":"<p style=\"text-align: left;\">Das owego Nursing Cocoon macht es einfach und bequem, \u00fcberall zu stillen.<\/p>\n<p style=\"text-align: left;\">Das Stilltuch ist aus 100% handgepfl\u00fcckter peruanischer Pima-Baumwolle gefertigt, die besonders lange Baumwollfasern enth\u00e4lt Deshalb f\u00fchlt sich unser Tuch luxuri\u00f6s weich an und ist zudem langlebig, atmungsaktiv und hypoallergen. Genau die Qualit\u00e4t, die wir unseren Kleinen bieten wollen.<\/p>\n<p style=\"text-align: left;\">Das owego Stilltuch ist f\u00fcr den Komfort von Mama und Baby konzipiert.<\/p>\n<p style=\"text-align: left;\">Der vorgeformte offene Halsausschnitt schafft einen kuscheligen, ruhigen Kokon f\u00fcr Ihr Kleines. Perfekt f\u00fcr Babys, die sonst leicht abgelenkt sind. Es erm\u00f6glicht den Blickkontakt und Sie k\u00f6nnen leicht sehen, ob Ihr Baby noch gut angelegt ist. Es hilft auch dabei, die Temperatur und eine gesunde Luftzirkulation zu regulieren. Dank des verstellbaren Bandes bleibt das Stilltuch am Platz und bietet es der Mama zus\u00e4tzliche Bewegungsfreiheit und Privatsph\u00e4re<\/p>\n<p style=\"text-align: left;\">Unser Stilltuch kann auch als private Zone f\u00fcr das Abpumpen von Milch oder f\u00fcr die Flaschenf\u00fctterung von Babys verwendet werden, die sonst leicht abgelenkt sind.<\/p>\n<p style=\"text-align: left;\">Unser Stilltuch wird mit einem praktischen Waschbeutel und einer passenden Reisetasche geliefert, damit Sie Ihr owego Stilltuch einfach mitnehmen k\u00f6nnen.<\/p>\n<p style=\"text-align: left;\">Wir glauben, dass Babys immer eine entspannte Umgebung verdienen, um diesen intimen Moment der Bindung mit ihrer Mama zu genie\u00dfen, auch wenn sie auf Abenteuern unterwegs sind!<\/p>\n<p style=\"text-align: left;\">owego ist eine belgische Marke. <span style=\"color: #808080;\">Unsere Stillt\u00fccher werden mit Liebe in Belgien entworfen und verantwortungsvoll in Peru produziert.<\/span><\/p>\n","protected":false},"excerpt":{"rendered":"<p><span style=\"font-size: 20px;\">Das owego Nursing Cocoon ist aus <strong>100% handgepfl\u00fcckter peruanischer Pima-Baumwolle<\/strong> gefertigt. Das originelle Design mit <strong>vorgeformtem Halsausschnitt<\/strong> unterst\u00fctzt Sie und Ihr Baby dabei, auch unterwegs bequem weiter zu stillen.<\/span><\/p>\n<p>Waschbeutel &amp; Reisetasche enthalten<br \/>\nFarbe: Coral Polkas<\/p>\n<table style=\"border: none;\">\n<tbody>\n<tr>\n<td style=\"border-right: none;\"><img loading=\"lazy\" decoding=\"async\" class=\"specs-image alignnone wp-image-11971 size-full\" src=\"https:\/\/owego-family.com\/wp-content\/uploads\/2020\/11\/free-delivery-150x150.png\" alt=\"\" width=\"283\" height=\"232\" \/><\/td>\n<td style=\"border-right: none; text-align: left;\">Kostenloser Versand f\u00fcr alle Bestellungen \u00fcber \u20ac 50<\/td>\n<\/tr>\n<tr>\n<td style=\"border-right: none;\"><img loading=\"lazy\" decoding=\"async\" class=\"specs-image alignnone wp-image-11971 size-full\" src=\"https:\/\/owego-family.com\/wp-content\/uploads\/2020\/11\/shipping.png\" alt=\"\" width=\"283\" height=\"232\" \/><\/td>\n<td style=\"border-right: none; text-align: left;\">Lieferung in 1-5 Arbeitstagen nach Belgien, den Niederlanden, Frankreich, Deutschland und Luxemburg<\/td>\n<\/tr>\n<tr>\n<td style=\"border-right: none;\"><img loading=\"lazy\" decoding=\"async\" class=\"specs-image alignnone wp-image-11970 size-full\" src=\"https:\/\/owego-family.com\/wp-content\/uploads\/2020\/11\/credit-card.png\" alt=\"\" width=\"297\" height=\"241\" \/><\/td>\n<td style=\"border-right: none; text-align: left;\">Sichere Zahlung mit Paypal, Bancontact, Ideal, Kreditkarte, Belfius Direct Net, ING Home&#8217;pay und KBC\/CBC Payment Button<\/td>\n<\/tr>\n<tr>\n<td style=\"border-right: none;\"><img loading=\"lazy\" decoding=\"async\" class=\"specs-image vc_single_image-img alignnone\" title=\"belgian-brand 2\" src=\"https:\/\/owego-family.com\/wp-content\/uploads\/2020\/10\/belgian-brand-2-1-64x60.png\" alt=\"belgian-brand 2\" width=\"64\" height=\"60\" \/><\/td>\n<td style=\"border-right: none; text-align: left;\">owego ist eine stolze belgische Marke.<\/td>\n<\/tr>\n<\/tbody>\n<\/table>\n<p>Scrollen Sie nach unten f\u00fcr weitere Details und Spezifikationen<\/p>\n","protected":false},"featured_media":54450,"comment_status":"open","ping_status":"closed","template":"","meta":{"inline_featured_image":false},"product_brand":[],"product_cat":[791,112,52],"product_tag":[238],"class_list":{"0":"post-45957","1":"product","2":"type-product","3":"status-publish","4":"has-post-thumbnail","6":"product_cat-geschenkideen-25-50","7":"product_cat-essen-sie","8":"product_cat-nursing-cocoon-de","9":"product_tag-stilltuch-de","11":"first","12":"instock","13":"shipping-taxable","14":"purchasable","15":"product-type-simple"},"_links":{"self":[{"href":"https:\/\/owego-family.com\/de\/wp-json\/wp\/v2\/product\/45957","targetHints":{"allow":["GET"]}}],"collection":[{"href":"https:\/\/owego-family.com\/de\/wp-json\/wp\/v2\/product"}],"about":[{"href":"https:\/\/owego-family.com\/de\/wp-json\/wp\/v2\/types\/product"}],"replies":[{"embeddable":true,"href":"https:\/\/owego-family.com\/de\/wp-json\/wp\/v2\/comments?post=45957"}],"wp:featuredmedia":[{"embeddable":true,"href":"https:\/\/owego-family.com\/de\/wp-json\/wp\/v2\/media\/54450"}],"wp:attachment":[{"href":"https:\/\/owego-family.com\/de\/wp-json\/wp\/v2\/media?parent=45957"}],"wp:term":[{"taxonomy":"product_brand","embeddable":true,"href":"https:\/\/owego-family.com\/de\/wp-json\/wp\/v2\/product_brand?post=45957"},{"taxonomy":"product_cat","embeddable":true,"href":"https:\/\/owego-family.com\/de\/wp-json\/wp\/v2\/product_cat?post=45957"},{"taxonomy":"product_tag","embeddable":true,"href":"https:\/\/owego-family.com\/de\/wp-json\/wp\/v2\/product_tag?post=45957"}],"curies":[{"name":"wp","href":"https:\/\/api.w.org\/{rel}","templated":true}]}}