{"id":49845,"date":"2024-04-03T12:25:15","date_gmt":"2024-04-03T10:25:15","guid":{"rendered":"https:\/\/owego-family.com\/?post_type=product&#038;p=49845"},"modified":"2026-04-14T23:44:05","modified_gmt":"2026-04-14T21:44:05","slug":"luftbefeuchter-denim","status":"publish","type":"product","link":"https:\/\/owego-family.com\/de\/produkt\/luftbefeuchter-denim\/","title":{"rendered":"luftbefeuchter denim"},"content":{"rendered":"<p style=\"text-align: justify;\">Mit dem Sweet Dreamz Luftbefeuchter von Owego werden Tr\u00e4ume wahr! Dieses kompakte, tragbare Wunderding kombiniert die wohltuenden Eigenschaften eines Luftbefeuchters mit der beruhigenden Ausstrahlung eines sanften Nachtlichts. Der Sweet Dreamz Luftbefeuchter sorgt f\u00fcr eine kuschelige und angenehme Atmosph\u00e4re, die die Schlafqualit\u00e4t \u00fcberall und jederzeit verbessert.<\/p>\n<p style=\"text-align: justify;\">Babys reagieren empfindlicher auf trockene Luft und schlafen oft in gut isolierten R\u00e4umen mit geschlossenen Fenstern. Dies kann zu Unannehmlichkeiten wie trockener Haut, juckenden Augen, verstopfter Nase und gereiztem Hals f\u00fchren. Unser Luftbefeuchter verbessert die Luftqualit\u00e4t im Raum und hilft, die Verbreitung von Viren und Bakterien zu verringern. Das Ergebnis ist ein besserer Schlaf f\u00fcr Eltern und Kind. Verabschieden Sie sich also von verstopften Nasen und trockener Haut, denn dieses vielseitige Ger\u00e4t schafft m\u00fchelos die perfekte Umgebung, in der Ihr Baby durchatmen und ruhig schlafen kann. Ob zu Hause, bei \u00dcbernachtungen oder auf Familienabenteuern, der Sweet Dreamz Luftbefeuchter ist die L\u00f6sung f\u00fcr puren Komfort.<\/p>\n<p style=\"text-align: justify;\">Das sanfte Nachtlicht sorgt f\u00fcr eine warme und beruhigende Atmosph\u00e4re und hilft, Ihr Kind in s\u00fc\u00dfe Tr\u00e4ume zu versetzen. Au\u00dferdem ist es ein unsch\u00e4tzbarer Partner f\u00fcr stillende M\u00fctter w\u00e4hrend der n\u00e4chtlichen F\u00fctterung und erweist sich als unverzichtbare Hilfe f\u00fcr Eltern beim n\u00e4chtlichen Erwachen. Dank seines schlichten, aber sch\u00f6nen Designs, das sich nahtlos in jede Einrichtung einf\u00fcgt, ist es auch eine reizvolle Erg\u00e4nzung f\u00fcr jedes Kinderzimmer oder Raum.<\/p>\n<p style=\"text-align: justify;\">Das Besondere an diesem Luftbefeuchter ist sein cleveres Design. Er ist zusammenklappbar und damit ein unverzichtbarer kompakter Begleiter f\u00fcr Familien, die viel unterwegs sind. Der Luftbefeuchter kann auch \u00fcber USB aufgeladen werden und l\u00e4uft bis zu 7 Stunden lang leise, damit Ihr Kind ruhig schlafen kann. Die automatische Abschaltfunktion garantiert Sicherheit und ungest\u00f6rte Ruhe.<\/p>\n<p style=\"text-align: justify;\">Entdecken Sie den Komfort, die Tragbarkeit und die Kuscheligkeit des Owego Sweet Dreamz Luftbefeuchters und machen Sie jedes Abenteuer zu einem traumhaften Erlebnis f\u00fcr Ihr Kind.<\/p>\n","protected":false},"excerpt":{"rendered":"<p style=\"text-align: justify;\">Unser Owego Sweet Dreamz Luftbefeuchter ist ein <strong>kompaktes<\/strong>, <strong>tragbares<\/strong> Wunderwerk, das die vielen Vorteile eines Luftbefeuchters mit dem beruhigenden Licht eines <strong>sanften Nachtlichts<\/strong> kombiniert. Er l\u00e4sst sich m\u00fchelos <strong>zusammenklappen<\/strong> und ist somit perfekt f\u00fcr den Einsatz zu Hause, bei \u00dcbernachtungen oder bei Familienabenteuern geeignet. Der Sweet Dreamz Luftbefeuchter l\u00e4uft <strong>7 Stunden<\/strong> lang leise und <strong>schaltet sich dann automatisch ab<\/strong>, damit alle sicher und ungest\u00f6rt schlafen k\u00f6nnen. Der Sweet Dreamz Luftbefeuchter schafft eine kuschelige und komfortable Umgebung, die die Schlafqualit\u00e4t verbessert &#8211; \u00fcberall und zu jeder Zeit.<\/p>\n<p>Inklusive USB-Kabel<\/p>\n<table>\n<tbody>\n<tr>\n<td><img loading=\"lazy\" decoding=\"async\" class=\"specs-image alignnone wp-image-11971 size-full\" src=\"https:\/\/b2b.owego-family.com\/wp-content\/uploads\/2020\/11\/free-delivery-150x150.png\" alt=\"\" width=\"283\" height=\"232\" \/><\/td>\n<td>Kostenloser Versand ab 50 \u20ac f\u00fcr Belgien und die Niederlande, ab 100 \u20ac f\u00fcr das restliche Europa<\/td>\n<\/tr>\n<tr>\n<td><img loading=\"lazy\" decoding=\"async\" class=\"specs-image alignnone wp-image-11971 size-full\" src=\"https:\/\/b2b.owego-family.com\/wp-content\/uploads\/2020\/11\/shipping.png\" alt=\"\" width=\"283\" height=\"232\" \/><\/td>\n<td>Lieferung in 1-5 Arbeitstagen nach Belgien, den Niederlanden, Frankreich, Deutschland, Luxemburg Spanien und Italien<\/td>\n<\/tr>\n<tr>\n<td><img loading=\"lazy\" decoding=\"async\" class=\"specs-image alignnone wp-image-11970 size-full\" src=\"https:\/\/b2b.owego-family.com\/wp-content\/uploads\/2020\/11\/credit-card.png\" alt=\"\" width=\"297\" height=\"241\" \/><\/td>\n<td>Sichere Zahlung mit Paypal, Bancontact, Ideal, Kreditkarte, Belfius Direct Net, ING Home\u2019pay und KBC\/CBC Payment Button<\/td>\n<\/tr>\n<tr>\n<td><img loading=\"lazy\" decoding=\"async\" class=\"specs-image alignnone wp-image-50208 size-full\" src=\"http:\/\/b2b.owego-family.com\/wp-content\/uploads\/2026\/02\/Belgian-brand-grey.png\" alt=\"\" width=\"1000\" height=\"1000\" \/><\/td>\n<td>Owego ist eine stolze belgische Marke<\/td>\n<\/tr>\n<\/tbody>\n<\/table>\n<p>Scrollen Sie nach unten f\u00fcr weitere Details und Spezifikationen<\/p>\n<p>&nbsp;<\/p>\n","protected":false},"featured_media":50709,"comment_status":"open","ping_status":"closed","template":"","meta":{"inline_featured_image":false},"product_brand":[],"product_cat":[791,268,1094,269],"product_tag":[270,279,272],"class_list":{"0":"post-49845","1":"product","2":"type-product","3":"status-publish","4":"has-post-thumbnail","6":"product_cat-geschenkideen-25-50","7":"product_cat-sleep-de","8":"product_cat-stillen","9":"product_cat-sweet-dreamz-humidifier-de-2","10":"product_tag-luftbefeuchter-de","11":"product_tag-nachtlicht-de","12":"product_tag-nightlamp-de","14":"first","15":"instock","16":"shipping-taxable","17":"purchasable","18":"product-type-simple"},"_links":{"self":[{"href":"https:\/\/owego-family.com\/de\/wp-json\/wp\/v2\/product\/49845","targetHints":{"allow":["GET"]}}],"collection":[{"href":"https:\/\/owego-family.com\/de\/wp-json\/wp\/v2\/product"}],"about":[{"href":"https:\/\/owego-family.com\/de\/wp-json\/wp\/v2\/types\/product"}],"replies":[{"embeddable":true,"href":"https:\/\/owego-family.com\/de\/wp-json\/wp\/v2\/comments?post=49845"}],"wp:featuredmedia":[{"embeddable":true,"href":"https:\/\/owego-family.com\/de\/wp-json\/wp\/v2\/media\/50709"}],"wp:attachment":[{"href":"https:\/\/owego-family.com\/de\/wp-json\/wp\/v2\/media?parent=49845"}],"wp:term":[{"taxonomy":"product_brand","embeddable":true,"href":"https:\/\/owego-family.com\/de\/wp-json\/wp\/v2\/product_brand?post=49845"},{"taxonomy":"product_cat","embeddable":true,"href":"https:\/\/owego-family.com\/de\/wp-json\/wp\/v2\/product_cat?post=49845"},{"taxonomy":"product_tag","embeddable":true,"href":"https:\/\/owego-family.com\/de\/wp-json\/wp\/v2\/product_tag?post=49845"}],"curies":[{"name":"wp","href":"https:\/\/api.w.org\/{rel}","templated":true}]}}