{"id":53547,"date":"2024-08-28T12:00:02","date_gmt":"2024-08-28T10:00:02","guid":{"rendered":"https:\/\/owego-family.com\/?post_type=product&#038;p=53547"},"modified":"2026-02-26T10:54:39","modified_gmt":"2026-02-26T09:54:39","slug":"sun-cocoon","status":"publish","type":"product","link":"https:\/\/owego-family.com\/de\/produkt\/sun-cocoon\/","title":{"rendered":"sun cocoon"},"content":{"rendered":"<p class=\"cvGsUA direction-ltr align-justify para-style-body\" style=\"text-align: justify;\"><span class=\"OYPEnA font-feature-liga-off font-feature-clig-off font-feature-calt-off text-decoration-none text-strikethrough-none\">Unser Owego Sun Cocoon ist die ultimative L\u00f6sung f\u00fcr den Schutz Ihres Kindes vor sch\u00e4dlichen UV-Strahlen, wenn es unterwegs ist. <\/span><span class=\"OYPEnA font-feature-liga-off font-feature-clig-off font-feature-calt-off text-decoration-none text-strikethrough-none\">Der<\/span> <span class=\"OYPEnA font-feature-liga-off font-feature-clig-off font-feature-calt-off text-decoration-none text-strikethrough-none\">Uv-Sonnenshutz <\/span><span class=\"OYPEnA font-feature-liga-off font-feature-clig-off font-feature-calt-off text-decoration-none text-strikethrough-none\">passt in jeden Kinderwagen<\/span><span class=\"OYPEnA font-feature-liga-off font-feature-clig-off font-feature-calt-off text-decoration-none text-strikethrough-none\"> und <\/span><span class=\"OYPEnA font-feature-liga-off font-feature-clig-off font-feature-calt-off text-decoration-none text-strikethrough-none\">blockiert &gt;97% der UV-Strahlen ohne chemische Beschichtung<\/span><span class=\"OYPEnA font-feature-liga-off font-feature-clig-off font-feature-calt-off text-decoration-none text-strikethrough-none\">, was ihn zu einem unverzichtbaren Shutz f\u00fcr die warte Haut Ihres Kindes macht. <\/span><span class=\"OYPEnA font-feature-liga-off font-feature-clig-off font-feature-calt-off text-decoration-none text-strikethrough-none\">Der Sun Cocoon besteht<\/span> <span class=\"OYPEnA font-feature-liga-off font-feature-clig-off font-feature-calt-off text-decoration-none text-strikethrough-none\">aus <\/span><span class=\"OYPEnA font-feature-liga-off font-feature-clig-off font-feature-calt-off text-decoration-none text-strikethrough-none\">100% atmungsaktiver Pima-Baumwolle. Sein offenes Design <\/span><span class=\"OYPEnA font-feature-liga-off font-feature-clig-off font-feature-calt-off text-decoration-none text-strikethrough-none\">sorgt f\u00fcr eine optimale Luftzirkulation, damit Ihr Baby k\u00fchl und bequem bleibt und <\/span><span class=\"OYPEnA font-feature-liga-off font-feature-clig-off font-feature-calt-off text-decoration-none text-strikethrough-none\">nicht \u00fcberhitzt. <\/span><span class=\"OYPEnA font-feature-liga-off font-feature-clig-off font-feature-calt-off text-decoration-none text-strikethrough-none\">Dank der <\/span><span class=\"OYPEnA font-feature-liga-off font-feature-clig-off font-feature-calt-off text-decoration-none text-strikethrough-none\">Schnellverschluss-Magnete<\/span><span class=\"OYPEnA font-feature-liga-off font-feature-clig-off font-feature-calt-off text-decoration-none text-strikethrough-none\"> und des <\/span><span class=\"OYPEnA font-feature-liga-off font-feature-clig-off font-feature-calt-off text-decoration-none text-strikethrough-none\">einfachen<\/span> <span class=\"OYPEnA font-feature-liga-off font-feature-clig-off font-feature-calt-off text-decoration-none text-strikethrough-none\">Aufrollsystems<\/span><span class=\"OYPEnA font-feature-liga-off font-feature-clig-off font-feature-calt-off text-decoration-none text-strikethrough-none\"> ist das Aufstellen problemlos m\u00f6glich. <\/span><span class=\"OYPEnA font-feature-liga-off font-feature-clig-off font-feature-calt-off text-decoration-none text-strikethrough-none\">Gnie\u00dfen Sie den Seelenfrieden mit dem Sun Cocoon, wo auch immer Ihre Abenteuer sie hinf\u00fchren!<\/span><\/p>\n<p>Unser Sun Cocoon wird mit viel Liebe in Belgien entworfen und verantwortungsvoll in Peru produziert.<\/p>\n","protected":false},"excerpt":{"rendered":"<p style=\"text-align: justify;\">Unser <strong>universeller<\/strong> Owego Sun Cocoon bietet einen nat\u00fcrlichen UV-Schutz f\u00fcr die Kleinen unterwegs. Er ist aus 100 % atmungsaktiver Pima-Baumwolle gefertigt und <strong>blockt &gt;97 % der UV-Strahlen ohne chemische Beschichtung<\/strong>. Au\u00dferdem passt das verstellbare, <strong>magnetische Schnellverschluss-Design<\/strong> auf jeden <strong>Kinderwagen<\/strong>, <strong>Buggy<\/strong> und <strong>Autositz<\/strong>.<\/p>\n<p>Farbe: Epic Grey<\/p>\n<table>\n<tbody>\n<tr>\n<td><img loading=\"lazy\" decoding=\"async\" class=\"specs-image alignnone wp-image-11971 size-full\" src=\"https:\/\/b2b.owego-family.com\/wp-content\/uploads\/2020\/11\/free-delivery-150x150.png\" alt=\"\" width=\"283\" height=\"232\" \/><\/td>\n<td>Kostenloser Versand ab 50 \u20ac f\u00fcr Belgien und die Niederlande, ab 100 \u20ac f\u00fcr das restliche Europa<\/td>\n<\/tr>\n<tr>\n<td><img loading=\"lazy\" decoding=\"async\" class=\"specs-image alignnone wp-image-11971 size-full\" src=\"https:\/\/b2b.owego-family.com\/wp-content\/uploads\/2020\/11\/shipping.png\" alt=\"\" width=\"283\" height=\"232\" \/><\/td>\n<td>Lieferung in 1-5 Arbeitstagen nach Belgien, den Niederlanden, Frankreich, Deutschland, Luxemburg Spanien und Italien<\/td>\n<\/tr>\n<tr>\n<td><img loading=\"lazy\" decoding=\"async\" class=\"specs-image alignnone wp-image-11970 size-full\" src=\"https:\/\/b2b.owego-family.com\/wp-content\/uploads\/2020\/11\/credit-card.png\" alt=\"\" width=\"297\" height=\"241\" \/><\/td>\n<td>Sichere Zahlung mit Paypal, Bancontact, Ideal, Kreditkarte, Belfius Direct Net, ING Home\u2019pay und KBC\/CBC Payment Button<\/td>\n<\/tr>\n<tr>\n<td><img loading=\"lazy\" decoding=\"async\" class=\"specs-image alignnone wp-image-50208 size-full\" src=\"http:\/\/b2b.owego-family.com\/wp-content\/uploads\/2026\/02\/Belgian-brand-grey.png\" alt=\"\" width=\"1000\" height=\"1000\" \/><\/td>\n<td>Owego ist eine stolze belgische Marke<\/td>\n<\/tr>\n<\/tbody>\n<\/table>\n<p>Scrollen Sie nach unten f\u00fcr weitere Details und Spezifikationen<\/p>\n","protected":false},"featured_media":53534,"comment_status":"open","ping_status":"closed","template":"","meta":{"inline_featured_image":false},"product_brand":[],"product_cat":[534,530],"product_tag":[618],"class_list":{"0":"post-53547","1":"product","2":"type-product","3":"status-publish","4":"has-post-thumbnail","6":"product_cat-sun-cocoon-de","7":"product_cat-unterwegs","8":"product_tag-uv-sonnenshutz-de","10":"first","11":"instock","12":"shipping-taxable","13":"purchasable","14":"product-type-simple"},"_links":{"self":[{"href":"https:\/\/owego-family.com\/de\/wp-json\/wp\/v2\/product\/53547","targetHints":{"allow":["GET"]}}],"collection":[{"href":"https:\/\/owego-family.com\/de\/wp-json\/wp\/v2\/product"}],"about":[{"href":"https:\/\/owego-family.com\/de\/wp-json\/wp\/v2\/types\/product"}],"replies":[{"embeddable":true,"href":"https:\/\/owego-family.com\/de\/wp-json\/wp\/v2\/comments?post=53547"}],"wp:featuredmedia":[{"embeddable":true,"href":"https:\/\/owego-family.com\/de\/wp-json\/wp\/v2\/media\/53534"}],"wp:attachment":[{"href":"https:\/\/owego-family.com\/de\/wp-json\/wp\/v2\/media?parent=53547"}],"wp:term":[{"taxonomy":"product_brand","embeddable":true,"href":"https:\/\/owego-family.com\/de\/wp-json\/wp\/v2\/product_brand?post=53547"},{"taxonomy":"product_cat","embeddable":true,"href":"https:\/\/owego-family.com\/de\/wp-json\/wp\/v2\/product_cat?post=53547"},{"taxonomy":"product_tag","embeddable":true,"href":"https:\/\/owego-family.com\/de\/wp-json\/wp\/v2\/product_tag?post=53547"}],"curies":[{"name":"wp","href":"https:\/\/api.w.org\/{rel}","templated":true}]}}