{"id":54891,"date":"2024-11-14T08:30:58","date_gmt":"2024-11-14T07:30:58","guid":{"rendered":"https:\/\/owego-family.com\/?post_type=product&#038;p=54891"},"modified":"2026-03-12T16:38:05","modified_gmt":"2026-03-12T15:38:05","slug":"wonder-loops","status":"publish","type":"product","link":"https:\/\/owego-family.com\/de\/produkt\/wonder-loops\/","title":{"rendered":"wonder loops"},"content":{"rendered":"<div>\n<p class=\"cvGsUA direction-ltr align-justify para-style-body\" style=\"text-align: justify;\"><span class=\"OYPEnA font-feature-liga-off font-feature-clig-off font-feature-calt-off text-decoration-none text-strikethrough-none\">Unsere Wonder Loops sind aus langlebigem, recyceltem ABS-Kunststoff hergestellt. Dadurch halten sie rauer Behandlung und aktivem Spiel stand und sind ein langlebiger Freund f\u00fcr Kinder, die gr\u00f6\u00dfer werden. <\/span><span class=\"OYPEnA font-feature-liga-off font-feature-clig-off font-feature-calt-off text-decoration-none text-strikethrough-none\">Sie bestehen aus lebensmittelechtem Material, so dass sie auch in kleinen M\u00fcndern sicher zu spielen und zu erforschen sind, was den Eltern ein gutes Gef\u00fchl gibt. <\/span><span class=\"OYPEnA font-feature-liga-off font-feature-clig-off font-feature-calt-off text-decoration-none text-strikethrough-none\">Durch die Wahl von recyceltem ABS tragen wir auch zur Nachhaltigkeit bei, indem wir die Auswirkungen auf die Umwelt verringern und gleichzeitig hochwertiges, langlebiges Spielzeug f\u00fcr das fantasievolle Spiel der Kinder anbieten.<\/span><\/p>\n<\/div>\n<p style=\"text-align: justify;\"><span style=\"color: #808080;\">Unsere Wonder Loops wurde mit Liebe in Belgien entworfen und verantwortungsvoll in China produziert.<\/span><\/p>\n","protected":false},"excerpt":{"rendered":"<p style=\"text-align: justify;\"><span lang=\"EN-US\"><span class=\"OYPEnA font-feature-liga-off font-feature-clig-off font-feature-calt-off text-decoration-none text-strikethrough-none\">Unsere Owego Wonder Loops sind <\/span><strong><span class=\"OYPEnA font-feature-liga-off font-feature-clig-off font-feature-calt-off text-decoration-none text-strikethrough-none\">vielseitige Ringe<\/span><\/strong><span class=\"OYPEnA font-feature-liga-off font-feature-clig-off font-feature-calt-off text-decoration-none text-strikethrough-none\">, die Ihre Kleinen unterwegs gl\u00fccklich und besch\u00e4ftigt zu halten.<\/span> <span class=\"OYPEnA font-feature-liga-off font-feature-clig-off font-feature-calt-off text-decoration-none text-strikethrough-none\">Verbinden Sie die Ringe f\u00fcr <\/span><strong><span class=\"OYPEnA font-feature-liga-off font-feature-clig-off font-feature-calt-off text-decoration-none text-strikethrough-none\">endlosen Spielspa\u00df<\/span><\/strong><span class=\"OYPEnA font-feature-liga-off font-feature-clig-off font-feature-calt-off text-decoration-none text-strikethrough-none\"> oder verwenden Sie sie, um <\/span><strong><span class=\"OYPEnA font-feature-liga-off font-feature-clig-off font-feature-calt-off text-decoration-none text-strikethrough-none\">Spielzeug und Accessoires \u00fcberall zu befestigen. <\/span><\/strong><\/span>Wonder Loops sind aus <strong>lebensmittelechtem recycelten Material<\/strong> hergestellt und helfen bei der F\u00f6rderung <strong>der Feinmotorik<\/strong>, der <strong>visuellen Stimulation<\/strong> und <strong>der taktilen Erkundung.<\/strong><\/p>\n<p><span lang=\"EN-US\">De set beinhaltet 12 Ringe: 3 x Aspen, 3 x Bloom, 3 x Blush, 3 x Denim<\/span><\/p>\n<p>&nbsp;<\/p>\n<table>\n<tbody>\n<tr>\n<td><img loading=\"lazy\" decoding=\"async\" class=\"specs-image alignnone wp-image-11971 size-full\" src=\"https:\/\/b2b.owego-family.com\/wp-content\/uploads\/2020\/11\/free-delivery-150x150.png\" alt=\"\" width=\"283\" height=\"232\" \/><\/td>\n<td>Kostenloser Versand ab 50 \u20ac f\u00fcr Belgien und die Niederlande, ab 100 \u20ac f\u00fcr das restliche Europa<\/td>\n<\/tr>\n<tr>\n<td><img loading=\"lazy\" decoding=\"async\" class=\"specs-image alignnone wp-image-11971 size-full\" src=\"https:\/\/b2b.owego-family.com\/wp-content\/uploads\/2020\/11\/shipping.png\" alt=\"\" width=\"283\" height=\"232\" \/><\/td>\n<td>Lieferung in 1-5 Arbeitstagen nach Belgien, den Niederlanden, Frankreich, Deutschland, Luxemburg Spanien und Italien<\/td>\n<\/tr>\n<tr>\n<td><img loading=\"lazy\" decoding=\"async\" class=\"specs-image alignnone wp-image-11970 size-full\" src=\"https:\/\/b2b.owego-family.com\/wp-content\/uploads\/2020\/11\/credit-card.png\" alt=\"\" width=\"297\" height=\"241\" \/><\/td>\n<td>Sichere Zahlung mit Paypal, Bancontact, Ideal, Kreditkarte, Belfius Direct Net, ING Home\u2019pay und KBC\/CBC Payment Button<\/td>\n<\/tr>\n<tr>\n<td><img loading=\"lazy\" decoding=\"async\" class=\"specs-image alignnone wp-image-50208 size-full\" src=\"http:\/\/b2b.owego-family.com\/wp-content\/uploads\/2026\/02\/Belgian-brand-grey.png\" alt=\"\" width=\"1000\" height=\"1000\" \/><\/td>\n<td>Owego ist eine stolze belgische Marke<\/td>\n<\/tr>\n<\/tbody>\n<\/table>\n<p>Scrollen Sie nach unten f\u00fcr weitere Details und Spezifikationen.<\/p>\n","protected":false},"featured_media":54867,"comment_status":"open","ping_status":"closed","template":"","meta":{"inline_featured_image":false},"product_brand":[],"product_cat":[788,713,714],"product_tag":[],"class_list":{"0":"post-54891","1":"product","2":"type-product","3":"status-publish","4":"has-post-thumbnail","6":"product_cat-geschenkideen-unter-25","7":"product_cat-spielen","8":"product_cat-wonder-loops-de","10":"first","11":"instock","12":"shipping-taxable","13":"purchasable","14":"product-type-simple"},"_links":{"self":[{"href":"https:\/\/owego-family.com\/de\/wp-json\/wp\/v2\/product\/54891","targetHints":{"allow":["GET"]}}],"collection":[{"href":"https:\/\/owego-family.com\/de\/wp-json\/wp\/v2\/product"}],"about":[{"href":"https:\/\/owego-family.com\/de\/wp-json\/wp\/v2\/types\/product"}],"replies":[{"embeddable":true,"href":"https:\/\/owego-family.com\/de\/wp-json\/wp\/v2\/comments?post=54891"}],"wp:featuredmedia":[{"embeddable":true,"href":"https:\/\/owego-family.com\/de\/wp-json\/wp\/v2\/media\/54867"}],"wp:attachment":[{"href":"https:\/\/owego-family.com\/de\/wp-json\/wp\/v2\/media?parent=54891"}],"wp:term":[{"taxonomy":"product_brand","embeddable":true,"href":"https:\/\/owego-family.com\/de\/wp-json\/wp\/v2\/product_brand?post=54891"},{"taxonomy":"product_cat","embeddable":true,"href":"https:\/\/owego-family.com\/de\/wp-json\/wp\/v2\/product_cat?post=54891"},{"taxonomy":"product_tag","embeddable":true,"href":"https:\/\/owego-family.com\/de\/wp-json\/wp\/v2\/product_tag?post=54891"}],"curies":[{"name":"wp","href":"https:\/\/api.w.org\/{rel}","templated":true}]}}