{"id":56174,"date":"2025-03-26T07:00:24","date_gmt":"2025-03-26T06:00:24","guid":{"rendered":"https:\/\/owego-family.com\/?post_type=product&#038;p=56174"},"modified":"2026-02-26T10:21:28","modified_gmt":"2026-02-26T09:21:28","slug":"yummy-clean-set-denim","status":"publish","type":"product","link":"https:\/\/owego-family.com\/de\/produkt\/yummy-clean-set-denim\/","title":{"rendered":"yummy clean set denim"},"content":{"rendered":"<p style=\"text-align: justify;\">Unser Owego Yummy Clean Set ist die perfekte L\u00f6sung zum Reinigen und Trocknen von Flaschen, Saugern, Pumpenteilen und all Ihren Yummy Produkten, egal wo Sie sind.<\/p>\n<p style=\"text-align: justify;\">Die <strong>Yummy Brush<\/strong> wurde f\u00fcr eine pr\u00e4zise Reinigung entwickelt, um auch die kleinen, schwer erreichbaren Ecken erreichen k\u00f6nnen.<\/p>\n<p style=\"text-align: justify;\">Die <strong>Yummy Mat<\/strong> bietet eine hygienische Oberfl\u00e4che zum Trocknen und dient gleichzeitig als Tischset f\u00fcr die Kleinen unterwegs. Durch die erh\u00f6hten R\u00e4nder bleibt versch\u00fcttetes Wasser auf der Matte. Die B\u00fcrste kann zur einfachen Aufbewahrung und zum Transport in die Matte eingerollt werden oder mit dem praktischen Gurt zum Trocknen aufh\u00e4ngen. Die Matte passt m\u00fchelos in jede Wickeltasche, K\u00fcchenschublade oder jeden Koffer. So sind Sie immer vorbereitet, egal in welcher Situation. Au\u00dferdem besteht sie aus staubabweisendem Silikon, sodass keine l\u00e4stigen Haare oder anderer Schmutz an der Matte haften bleiben.<\/p>\n<p>Vom Abpumpen bei der Arbeit bis zum Essen mit den Kindern ist sie ein Muss, wohin auch immer das Elternsein Sie f\u00fchrt.<\/p>\n<p>Unsere Yummy Clean Set wurde mit Liebe in Belgien entworfen und verantwortungsvoll in China produziert.<\/p>\n","protected":false},"excerpt":{"rendered":"<p style=\"text-align: justify;\">Unser Owego Yummy Clean Set macht die <strong>Reinigen von Flaschen, Pumpenteilen<\/strong> und anderen Yummy Produkten zum Kinderspiel, selbst wenn Sie unterwegs sind! Die <strong>B\u00fcrste ist f\u00fcr die kniffligen Kleinteile<\/strong> gedacht, w\u00e4hrend die Matte die perfekte <strong>saubere Oberfl\u00e4che zum Trocknen bietet.<\/strong> Plus, Sie k\u00f6nnen die Matte auch <strong>als Platzdeckchen<\/strong> f\u00fcr Ihren kleinen Schatz verwenden, perfekt f\u00fcr unordentliche Esser.<\/p>\n<p style=\"text-align: justify;\">Die Matte besteht aus <strong>staubabweisendem Silikon.<\/strong><\/p>\n<p style=\"text-align: justify;\">Set beinthaltet 1 Yummy Mat + 1 Yummy Brush in derselben Farbe.<\/p>\n<table>\n<tbody>\n<tr>\n<td><img loading=\"lazy\" decoding=\"async\" class=\"specs-image alignnone wp-image-11971 size-full\" src=\"https:\/\/b2b.owego-family.com\/wp-content\/uploads\/2020\/11\/free-delivery-150x150.png\" alt=\"\" width=\"283\" height=\"232\" \/><\/td>\n<td>Kostenloser Versand ab 50 \u20ac f\u00fcr Belgien und die Niederlande, ab 100 \u20ac f\u00fcr das restliche Europa<\/td>\n<\/tr>\n<tr>\n<td><img loading=\"lazy\" decoding=\"async\" class=\"specs-image alignnone wp-image-11971 size-full\" src=\"https:\/\/b2b.owego-family.com\/wp-content\/uploads\/2020\/11\/shipping.png\" alt=\"\" width=\"283\" height=\"232\" \/><\/td>\n<td>Lieferung in 1-5 Arbeitstagen nach Belgien, den Niederlanden, Frankreich, Deutschland, Luxemburg Spanien und Italien<\/td>\n<\/tr>\n<tr>\n<td><img loading=\"lazy\" decoding=\"async\" class=\"specs-image alignnone wp-image-11970 size-full\" src=\"https:\/\/b2b.owego-family.com\/wp-content\/uploads\/2020\/11\/credit-card.png\" alt=\"\" width=\"297\" height=\"241\" \/><\/td>\n<td>Sichere Zahlung mit Paypal, Bancontact, Ideal, Kreditkarte, Belfius Direct Net, ING Home\u2019pay und KBC\/CBC Payment Button<\/td>\n<\/tr>\n<tr>\n<td><img loading=\"lazy\" decoding=\"async\" class=\"specs-image alignnone wp-image-50208 size-full\" src=\"http:\/\/b2b.owego-family.com\/wp-content\/uploads\/2026\/02\/Belgian-brand-grey.png\" alt=\"\" width=\"1000\" height=\"1000\" \/><\/td>\n<td>Owego ist eine stolze belgische Marke<\/td>\n<\/tr>\n<\/tbody>\n<\/table>\n<p>Scrollen Sie nach unten f\u00fcr weitere Details und Spezifikationen<\/p>\n<p>&nbsp;<\/p>\n","protected":false},"featured_media":56122,"comment_status":"open","ping_status":"closed","template":"","meta":{"inline_featured_image":false},"product_brand":[],"product_cat":[112,1094,943],"product_tag":[967,612],"class_list":{"0":"post-56174","1":"product","2":"type-product","3":"status-publish","4":"has-post-thumbnail","6":"product_cat-essen-sie","7":"product_cat-stillen","8":"product_cat-yummy-clean-set-de","9":"product_tag-set-de","10":"product_tag-yummy-de","12":"first","13":"instock","14":"shipping-taxable","15":"purchasable","16":"product-type-simple"},"_links":{"self":[{"href":"https:\/\/owego-family.com\/de\/wp-json\/wp\/v2\/product\/56174","targetHints":{"allow":["GET"]}}],"collection":[{"href":"https:\/\/owego-family.com\/de\/wp-json\/wp\/v2\/product"}],"about":[{"href":"https:\/\/owego-family.com\/de\/wp-json\/wp\/v2\/types\/product"}],"replies":[{"embeddable":true,"href":"https:\/\/owego-family.com\/de\/wp-json\/wp\/v2\/comments?post=56174"}],"wp:featuredmedia":[{"embeddable":true,"href":"https:\/\/owego-family.com\/de\/wp-json\/wp\/v2\/media\/56122"}],"wp:attachment":[{"href":"https:\/\/owego-family.com\/de\/wp-json\/wp\/v2\/media?parent=56174"}],"wp:term":[{"taxonomy":"product_brand","embeddable":true,"href":"https:\/\/owego-family.com\/de\/wp-json\/wp\/v2\/product_brand?post=56174"},{"taxonomy":"product_cat","embeddable":true,"href":"https:\/\/owego-family.com\/de\/wp-json\/wp\/v2\/product_cat?post=56174"},{"taxonomy":"product_tag","embeddable":true,"href":"https:\/\/owego-family.com\/de\/wp-json\/wp\/v2\/product_tag?post=56174"}],"curies":[{"name":"wp","href":"https:\/\/api.w.org\/{rel}","templated":true}]}}