{"id":56461,"date":"2025-03-26T07:00:31","date_gmt":"2025-03-26T06:00:31","guid":{"rendered":"https:\/\/owego-family.com\/?post_type=product&#038;p=56461"},"modified":"2026-02-24T21:56:35","modified_gmt":"2026-02-24T20:56:35","slug":"yummy-mat-blush","status":"publish","type":"product","link":"https:\/\/owego-family.com\/de\/produkt\/yummy-mat-blush\/","title":{"rendered":"yummy mat blush"},"content":{"rendered":"<p style=\"text-align: justify;\">Unsere Owego Yummy Mat ist eine vielseitige Abtropfmatte, die gleichzeitig als Tischset f\u00fcr die Kleinen dient.<\/p>\n<p style=\"text-align: justify;\">Die erh\u00f6hten R\u00e4nder sorgen daf\u00fcr, dass versch\u00fcttetes Wasser auf der Matte bleibt. Zur einfachen Aufbewahrung und zum Transport l\u00e4sst sich die Matte zusammenrollen oder mit dem praktischen Gurt zum Trocknen aufh\u00e4ngen. Sie passt m\u00fchelos in jede Wickeltasche, K\u00fcchenschublade oder jeden Koffer. So sind Sie immer vorbereitet, egal in welcher Situation. Au\u00dferdem besteht sie aus staubabweisendem Silikon, sodass keine l\u00e4stigen Haare oder anderer Schmutz an der Matte haften bleiben und sie sauber h\u00e4lt.<\/p>\n<p>Entwickelt, um das Leben einfacher zu machen, wo auch immer die Elternschaft Sie hinf\u00fchrt.<\/p>\n<p style=\"text-align: justify;\">Unsere Yummy Mat wurde mit Liebe in Belgien entworfen und verantwortungsvoll in China produziert.<\/p>\n","protected":false},"excerpt":{"rendered":"<p style=\"text-align: justify;\">Unsere Owego Yummy Mat ist <strong>eine vielseitige Tischset f\u00fcr schmutzige Esser, die gleichzeitig als Abtropfmatte dient<\/strong>. Perfekt zum <strong>Trocknen von Flaschen, Saugern, Pumpenteilen und anderen wichtigen Utensilien<\/strong>. Sie bietet eine saubere und hygienische Oberfl\u00e4che, selbst wenn der Platz begrenzt is.<\/p>\n<p style=\"text-align: justify;\">Sie besteht aus <strong>staubabweisendem Silikon<\/strong>, sodass keine l\u00e4stigen Haare oder anderer Schmutz an der Matte haften bleiben.<\/p>\n<p>&nbsp;<\/p>\n<table>\n<tbody>\n<tr>\n<td><img loading=\"lazy\" decoding=\"async\" class=\"specs-image alignnone wp-image-11971 size-full\" src=\"https:\/\/b2b.owego-family.com\/wp-content\/uploads\/2020\/11\/free-delivery-150x150.png\" alt=\"\" width=\"283\" height=\"232\" \/><\/td>\n<td>Kostenloser Versand ab 50 \u20ac f\u00fcr Belgien und die Niederlande, ab 100 \u20ac f\u00fcr das restliche Europa<\/td>\n<\/tr>\n<tr>\n<td><img loading=\"lazy\" decoding=\"async\" class=\"specs-image alignnone wp-image-11971 size-full\" src=\"https:\/\/b2b.owego-family.com\/wp-content\/uploads\/2020\/11\/shipping.png\" alt=\"\" width=\"283\" height=\"232\" \/><\/td>\n<td>Lieferung in 1-5 Arbeitstagen nach Belgien, den Niederlanden, Frankreich, Deutschland, Luxemburg Spanien und Italien<\/td>\n<\/tr>\n<tr>\n<td><img loading=\"lazy\" decoding=\"async\" class=\"specs-image alignnone wp-image-11970 size-full\" src=\"https:\/\/b2b.owego-family.com\/wp-content\/uploads\/2020\/11\/credit-card.png\" alt=\"\" width=\"297\" height=\"241\" \/><\/td>\n<td>Sichere Zahlung mit Paypal, Bancontact, Ideal, Kreditkarte, Belfius Direct Net, ING Home\u2019pay und KBC\/CBC Payment Button<\/td>\n<\/tr>\n<tr>\n<td><img loading=\"lazy\" decoding=\"async\" class=\"specs-image alignnone wp-image-50208 size-full\" src=\"http:\/\/b2b.owego-family.com\/wp-content\/uploads\/2026\/02\/Belgian-brand-grey.png\" alt=\"\" width=\"1000\" height=\"1000\" \/><\/td>\n<td>Owego ist eine stolze belgische Marke<\/td>\n<\/tr>\n<\/tbody>\n<\/table>\n<p>Scrollen Sie nach unten f\u00fcr weitere Details und Spezifikationen<\/p>\n<p>&nbsp;<\/p>\n","protected":false},"featured_media":56413,"comment_status":"open","ping_status":"closed","template":"","meta":{"inline_featured_image":false},"product_brand":[],"product_cat":[112,947],"product_tag":[612],"class_list":{"0":"post-56461","1":"product","2":"type-product","3":"status-publish","4":"has-post-thumbnail","6":"product_cat-essen-sie","7":"product_cat-yummy-mat-de","8":"product_tag-yummy-de","10":"first","11":"instock","12":"shipping-taxable","13":"purchasable","14":"product-type-simple"},"_links":{"self":[{"href":"https:\/\/owego-family.com\/de\/wp-json\/wp\/v2\/product\/56461","targetHints":{"allow":["GET"]}}],"collection":[{"href":"https:\/\/owego-family.com\/de\/wp-json\/wp\/v2\/product"}],"about":[{"href":"https:\/\/owego-family.com\/de\/wp-json\/wp\/v2\/types\/product"}],"replies":[{"embeddable":true,"href":"https:\/\/owego-family.com\/de\/wp-json\/wp\/v2\/comments?post=56461"}],"wp:featuredmedia":[{"embeddable":true,"href":"https:\/\/owego-family.com\/de\/wp-json\/wp\/v2\/media\/56413"}],"wp:attachment":[{"href":"https:\/\/owego-family.com\/de\/wp-json\/wp\/v2\/media?parent=56461"}],"wp:term":[{"taxonomy":"product_brand","embeddable":true,"href":"https:\/\/owego-family.com\/de\/wp-json\/wp\/v2\/product_brand?post=56461"},{"taxonomy":"product_cat","embeddable":true,"href":"https:\/\/owego-family.com\/de\/wp-json\/wp\/v2\/product_cat?post=56461"},{"taxonomy":"product_tag","embeddable":true,"href":"https:\/\/owego-family.com\/de\/wp-json\/wp\/v2\/product_tag?post=56461"}],"curies":[{"name":"wp","href":"https:\/\/api.w.org\/{rel}","templated":true}]}}