{"id":56608,"date":"2025-03-26T07:00:27","date_gmt":"2025-03-26T06:00:27","guid":{"rendered":"https:\/\/owego-family.com\/?post_type=product&#038;p=56608"},"modified":"2026-02-24T23:20:05","modified_gmt":"2026-02-24T22:20:05","slug":"yummy-brush-denim","status":"publish","type":"product","link":"https:\/\/owego-family.com\/de\/produkt\/yummy-brush-denim\/","title":{"rendered":"yummy brush denim"},"content":{"rendered":"<p style=\"text-align: justify;\">Unsere Owego Yummy Brush ist f\u00fcr die Pr\u00e4zisionsreinigung von gro\u00dfen Komponenten sowie f\u00fcr die kniffligen Kleinteile konzipiert. Diese vielseitige B\u00fcrste ist perfekt f\u00fcr Flaschen, Pumpenteile, Sauger und alle Ihre Yummy-Produkte. Sie erm\u00f6glicht eine schnelle und m\u00fchelose Reinigung sowohl zu Hause als auch unterwegs. Wenn Sie fertig sind, k\u00f6nnen Sie sie einfach zum Trocknen aufh\u00e4ngen.<\/p>\n<p style=\"text-align: justify;\">Entwickelt, um das Leben einfacher zu machen, wo auch immer die Elternschaft Sie hinf\u00fchrt.<\/p>\n<p style=\"text-align: justify;\">Unsere Yummy Brush wurde mit Liebe in Belgien entworfen und verantwortungsvoll in China produziert.<\/p>\n","protected":false},"excerpt":{"rendered":"<p style=\"text-align: justify;\">Unsere Owego Yummy Brush ist f\u00fcr die <strong>pr\u00e4zise Reinigung aller Pumpenteile, Schnuller, Flaschen, Sauger und Yummy-Produkte<\/strong> konzipiert. Dank seiner speziellen Form reinigt er selbst hygienisch und effektiv auch die kleinsten Teile.<\/p>\n<p>&nbsp;<\/p>\n<table>\n<tbody>\n<tr>\n<td><img loading=\"lazy\" decoding=\"async\" class=\"specs-image alignnone wp-image-11971 size-full\" src=\"https:\/\/b2b.owego-family.com\/wp-content\/uploads\/2020\/11\/free-delivery-150x150.png\" alt=\"\" width=\"283\" height=\"232\" \/><\/td>\n<td>Kostenloser Versand ab 50 \u20ac f\u00fcr Belgien und die Niederlande, ab 100 \u20ac f\u00fcr das restliche Europa<\/td>\n<\/tr>\n<tr>\n<td><img loading=\"lazy\" decoding=\"async\" class=\"specs-image alignnone wp-image-11971 size-full\" src=\"https:\/\/b2b.owego-family.com\/wp-content\/uploads\/2020\/11\/shipping.png\" alt=\"\" width=\"283\" height=\"232\" \/><\/td>\n<td>Lieferung in 1-5 Arbeitstagen nach Belgien, den Niederlanden, Frankreich, Deutschland, Luxemburg Spanien und Italien<\/td>\n<\/tr>\n<tr>\n<td><img loading=\"lazy\" decoding=\"async\" class=\"specs-image alignnone wp-image-11970 size-full\" src=\"https:\/\/b2b.owego-family.com\/wp-content\/uploads\/2020\/11\/credit-card.png\" alt=\"\" width=\"297\" height=\"241\" \/><\/td>\n<td>Sichere Zahlung mit Paypal, Bancontact, Ideal, Kreditkarte, Belfius Direct Net, ING Home\u2019pay und KBC\/CBC Payment Button<\/td>\n<\/tr>\n<tr>\n<td><img loading=\"lazy\" decoding=\"async\" class=\"specs-image alignnone wp-image-50208 size-full\" src=\"http:\/\/b2b.owego-family.com\/wp-content\/uploads\/2026\/02\/Belgian-brand-grey.png\" alt=\"\" width=\"1000\" height=\"1000\" \/><\/td>\n<td>Owego ist eine stolze belgische Marke<\/td>\n<\/tr>\n<\/tbody>\n<\/table>\n<p>Scrollen Sie nach unten f\u00fcr weitere Details und Spezifikationen<\/p>\n","protected":false},"featured_media":56576,"comment_status":"open","ping_status":"closed","template":"","meta":{"inline_featured_image":false},"product_brand":[],"product_cat":[112,1094,951],"product_tag":[],"class_list":{"0":"post-56608","1":"product","2":"type-product","3":"status-publish","4":"has-post-thumbnail","6":"product_cat-essen-sie","7":"product_cat-stillen","8":"product_cat-yummy-brush-de","10":"first","11":"instock","12":"shipping-taxable","13":"purchasable","14":"product-type-simple"},"_links":{"self":[{"href":"https:\/\/owego-family.com\/de\/wp-json\/wp\/v2\/product\/56608","targetHints":{"allow":["GET"]}}],"collection":[{"href":"https:\/\/owego-family.com\/de\/wp-json\/wp\/v2\/product"}],"about":[{"href":"https:\/\/owego-family.com\/de\/wp-json\/wp\/v2\/types\/product"}],"replies":[{"embeddable":true,"href":"https:\/\/owego-family.com\/de\/wp-json\/wp\/v2\/comments?post=56608"}],"wp:featuredmedia":[{"embeddable":true,"href":"https:\/\/owego-family.com\/de\/wp-json\/wp\/v2\/media\/56576"}],"wp:attachment":[{"href":"https:\/\/owego-family.com\/de\/wp-json\/wp\/v2\/media?parent=56608"}],"wp:term":[{"taxonomy":"product_brand","embeddable":true,"href":"https:\/\/owego-family.com\/de\/wp-json\/wp\/v2\/product_brand?post=56608"},{"taxonomy":"product_cat","embeddable":true,"href":"https:\/\/owego-family.com\/de\/wp-json\/wp\/v2\/product_cat?post=56608"},{"taxonomy":"product_tag","embeddable":true,"href":"https:\/\/owego-family.com\/de\/wp-json\/wp\/v2\/product_tag?post=56608"}],"curies":[{"name":"wp","href":"https:\/\/api.w.org\/{rel}","templated":true}]}}