{"id":57745,"date":"2025-07-04T07:28:10","date_gmt":"2025-07-04T05:28:10","guid":{"rendered":"https:\/\/owego-family.com\/?post_type=product&#038;p=57745"},"modified":"2026-03-12T16:21:03","modified_gmt":"2026-03-12T15:21:03","slug":"wonder-balloons-5","status":"publish","type":"product","link":"https:\/\/owego-family.com\/de\/produkt\/wonder-balloons-5\/","title":{"rendered":"wonder balloons (5)"},"content":{"rendered":"<div>\n<p style=\"text-align: justify;\" data-start=\"245\" data-end=\"703\"><span class=\"OYPEnA font-feature-liga-off font-feature-clig-off font-feature-calt-off text-decoration-none text-strikethrough-none\">Unsere Wonder Balloons bestehen aus <\/span><span class=\"OYPEnA font-feature-liga-off font-feature-clig-off font-feature-calt-off text-decoration-none text-strikethrough-none\">hochwertigem, lebensmittelechtem Silikon<\/span><span class=\"OYPEnA font-feature-liga-off font-feature-clig-off font-feature-calt-off text-decoration-none text-strikethrough-none\">. Sie f\u00fchlen <\/span><span class=\"OYPEnA font-feature-liga-off font-feature-clig-off font-feature-calt-off text-decoration-none text-strikethrough-none\">sich weich<\/span> <span class=\"OYPEnA font-feature-liga-off font-feature-clig-off font-feature-calt-off text-decoration-none text-strikethrough-none\">an<\/span><span class=\"OYPEnA font-feature-liga-off font-feature-clig-off font-feature-calt-off text-decoration-none text-strikethrough-none\"> und enthalten <\/span><span class=\"OYPEnA font-feature-liga-off font-feature-clig-off font-feature-calt-off text-decoration-none text-strikethrough-none\">keine Magnete oder kleine lose Teile<\/span><span class=\"OYPEnA font-feature-liga-off font-feature-clig-off font-feature-calt-off text-decoration-none text-strikethrough-none\">, sodass sie absolut sicher sind und Eltern sich keine Sorgen machen m\u00fcssen.<\/span> <span class=\"OYPEnA font-feature-liga-off font-feature-clig-off font-feature-calt-off text-decoration-none text-strikethrough-none\">Sie sind f\u00fcr <\/span><span class=\"OYPEnA font-feature-liga-off font-feature-clig-off font-feature-calt-off text-decoration-none text-strikethrough-none\">open ended, fantasievolles Wasserspiel<\/span><span class=\"OYPEnA font-feature-liga-off font-feature-clig-off font-feature-calt-off text-decoration-none text-strikethrough-none\"> entwickelt und sind ideal <\/span><span class=\"OYPEnA font-feature-liga-off font-feature-clig-off font-feature-calt-off text-decoration-none text-strikethrough-none\">f\u00fcr Kinder ab 3 Jahren<\/span><span class=\"OYPEnA font-feature-liga-off font-feature-clig-off font-feature-calt-off text-decoration-none text-strikethrough-none\">. Sie regen zu fr\u00f6hlichem Entdecken im <\/span><span class=\"OYPEnA font-feature-liga-off font-feature-clig-off font-feature-calt-off text-decoration-none text-strikethrough-none\">Bad<\/span><span class=\"OYPEnA font-feature-liga-off font-feature-clig-off font-feature-calt-off text-decoration-none text-strikethrough-none\">, am <\/span><span class=\"OYPEnA font-feature-liga-off font-feature-clig-off font-feature-calt-off text-decoration-none text-strikethrough-none\">Strand<\/span><span class=\"OYPEnA font-feature-liga-off font-feature-clig-off font-feature-calt-off text-decoration-none text-strikethrough-none\">, im <\/span><span class=\"OYPEnA font-feature-liga-off font-feature-clig-off font-feature-calt-off text-decoration-none text-strikethrough-none\">Schwimmbad<\/span><span class=\"OYPEnA font-feature-liga-off font-feature-clig-off font-feature-calt-off text-decoration-none text-strikethrough-none\"> oder beim <\/span><span class=\"OYPEnA font-feature-liga-off font-feature-clig-off font-feature-calt-off text-decoration-none text-strikethrough-none\">Spielen im Freien<\/span><span class=\"OYPEnA font-feature-liga-off font-feature-clig-off font-feature-calt-off text-decoration-none text-strikethrough-none\"> an. Das Bef\u00fcllen geht schnell und einfach: einfach unter Wasser zusammendr\u00fccken, loslassen und schon sind sie einsatzbereit!<\/span><\/p>\n<p style=\"text-align: justify;\" data-start=\"705\" data-end=\"932\"><span class=\"OYPEnA font-feature-liga-off font-feature-clig-off font-feature-calt-off text-decoration-none text-strikethrough-none\">Jedes Set wird mit einem praktischen <\/span><span class=\"OYPEnA font-feature-liga-off font-feature-clig-off font-feature-calt-off text-decoration-none text-strikethrough-none\">Aufbewahrungsnetz<\/span><span class=\"OYPEnA font-feature-liga-off font-feature-clig-off font-feature-calt-off text-decoration-none text-strikethrough-none\"> geliefert, damit du sie leicht verstauen, trocknen und mitnehmen kannst. Unsere Wonder Balloons sind langlebig, wiederverwendbar, BPA-frei und leicht zu reinigen: eine clevere, abfallfreie Variante f\u00fcr Wasserspa\u00df.<\/span><\/p>\n<\/div>\n<p style=\"text-align: justify;\">Unsere Wonder Balloons wurde mit Liebe in Belgien entworfen und verantwortungsvoll in China produziert.<\/p>\n","protected":false},"excerpt":{"rendered":"<div>\n<p style=\"text-align: justify;\">Unsere Wonder Balloons sind die <strong>abfallfreie, wiederverwendbare<\/strong> L\u00f6sung f\u00fcr jahrelangen Wasserspa\u00df. Aus <strong>weichem<\/strong> <strong>vorgeformtem<\/strong> Silikon gefertigt, sind sie <strong>einfach f\u00fcr kleine H\u00e4nde zu bef\u00fcllen<\/strong>. Einfach unter Wasser zusammendr\u00fccken und schon kann der Spa\u00dflosgehen. Perfekt f\u00fcr <strong>drau\u00dfen<\/strong> und <strong>Badeabenteuer<\/strong>.<\/p>\n<p><strong>Geeignet f\u00fcr Kinder ab 3 Jahren<\/strong><\/p>\n<p>Set beinthaltet:<\/p>\n<ul>\n<li>5 Wasserbomben: 1 x Aspen, 1 x Denim, 1 x Blush, 1 x Bloom, 1 x Cream<\/li>\n<li><span class=\"OYPEnA font-feature-liga-off font-feature-clig-off font-feature-calt-off text-decoration-none text-strikethrough-none\">Aufbewahrungsnetz<\/span><\/li>\n<\/ul>\n<\/div>\n<p>&nbsp;<\/p>\n<table style=\"border: none;\">\n<tbody>\n<tr>\n<td style=\"border-right: none;\"><img loading=\"lazy\" decoding=\"async\" class=\"specs-image alignnone wp-image-11971 size-full\" src=\"http:\/\/b2b.owego-family.com\/wp-content\/uploads\/2020\/11\/free-delivery-150x150.png\" width=\"283\" height=\"232\" \/><\/td>\n<td style=\"border-right: none; text-align: left;\">Livraison gratuite \u00e0 partir de 50 \u20ac pour la Belgique et les Pays-Bas, 100 \u20ac pour le reste de l\u2019Europe<\/td>\n<\/tr>\n<tr>\n<td style=\"border-right: none;\"><img loading=\"lazy\" decoding=\"async\" class=\"specs-image alignnone wp-image-11971 size-full\" src=\"http:\/\/b2b.owego-family.com\/wp-content\/uploads\/2020\/11\/shipping.png\" width=\"283\" height=\"232\" \/><\/td>\n<td style=\"border-right: none; text-align: left;\">Livraison sous 1 \u00e0 5 jours ouvr\u00e9s en Belgique, aux Pays-Bas, en France, en Allemagne, Luxembourg, Espagne et au Italie<\/td>\n<\/tr>\n<tr>\n<td style=\"border-right: none;\"><img loading=\"lazy\" decoding=\"async\" class=\"specs-image alignnone wp-image-11970 size-full\" src=\"http:\/\/b2b.owego-family.com\/wp-content\/uploads\/2020\/11\/credit-card.png\" width=\"297\" height=\"241\" \/><\/td>\n<td style=\"border-right: none; text-align: left;\">Paiement s\u00fbr et s\u00e9curis\u00e9 via Paypal, Bancontact, Ideal, Credit Card, Belfius Direct Net, ING Home\u2019pay et KBC \/ CBC Payment Button<\/td>\n<\/tr>\n<tr>\n<td style=\"border-right: none;\"><img loading=\"lazy\" decoding=\"async\" class=\"specs-image alignnone wp-image-50208 size-full\" src=\"http:\/\/b2b.owego-family.com\/wp-content\/uploads\/2026\/02\/Belgian-brand-grey.png\" alt=\"\" width=\"1000\" height=\"1000\" \/><\/td>\n<td style=\"border-right: none; text-align: left;\">Owego est une marque fi\u00e8re d\u2019\u00eatre Belge<\/td>\n<\/tr>\n<\/tbody>\n<\/table>\n<p>Faites d\u00e9filer la page vers le bas pour plus de d\u00e9tails et de sp\u00e9cifications.<\/p>\n","protected":false},"featured_media":57737,"comment_status":"open","ping_status":"closed","template":"","meta":{"inline_featured_image":false},"product_brand":[],"product_cat":[788,713,1038],"product_tag":[1051,1052,1053],"class_list":{"0":"post-57745","1":"product","2":"type-product","3":"status-publish","4":"has-post-thumbnail","6":"product_cat-geschenkideen-unter-25","7":"product_cat-spielen","8":"product_cat-wonder-balloons-de","9":"product_tag-bath-toy-de","10":"product_tag-water-balloons-de","11":"product_tag-water-play-de","13":"first","14":"instock","15":"shipping-taxable","16":"purchasable","17":"product-type-simple"},"_links":{"self":[{"href":"https:\/\/owego-family.com\/de\/wp-json\/wp\/v2\/product\/57745","targetHints":{"allow":["GET"]}}],"collection":[{"href":"https:\/\/owego-family.com\/de\/wp-json\/wp\/v2\/product"}],"about":[{"href":"https:\/\/owego-family.com\/de\/wp-json\/wp\/v2\/types\/product"}],"replies":[{"embeddable":true,"href":"https:\/\/owego-family.com\/de\/wp-json\/wp\/v2\/comments?post=57745"}],"wp:featuredmedia":[{"embeddable":true,"href":"https:\/\/owego-family.com\/de\/wp-json\/wp\/v2\/media\/57737"}],"wp:attachment":[{"href":"https:\/\/owego-family.com\/de\/wp-json\/wp\/v2\/media?parent=57745"}],"wp:term":[{"taxonomy":"product_brand","embeddable":true,"href":"https:\/\/owego-family.com\/de\/wp-json\/wp\/v2\/product_brand?post=57745"},{"taxonomy":"product_cat","embeddable":true,"href":"https:\/\/owego-family.com\/de\/wp-json\/wp\/v2\/product_cat?post=57745"},{"taxonomy":"product_tag","embeddable":true,"href":"https:\/\/owego-family.com\/de\/wp-json\/wp\/v2\/product_tag?post=57745"}],"curies":[{"name":"wp","href":"https:\/\/api.w.org\/{rel}","templated":true}]}}