{"id":58281,"date":"2025-10-09T15:49:48","date_gmt":"2025-10-09T13:49:48","guid":{"rendered":"https:\/\/owego-family.com\/?post_type=product&#038;p=58281"},"modified":"2026-02-23T22:45:15","modified_gmt":"2026-02-23T21:45:15","slug":"yummy-bag-closure","status":"publish","type":"product","link":"https:\/\/owego-family.com\/de\/produkt\/yummy-bag-closure\/","title":{"rendered":"yummy bag closure"},"content":{"rendered":"<p style=\"text-align: justify;\"><span data-contrast=\"auto\">Der Verschluss f\u00fcr den Yummy Bag garantiert einen perfekten Verschluss.<\/span><span data-ccp-props=\"{&quot;335559685&quot;:720}\">\u00a0<\/span><span data-contrast=\"auto\">Wasserdicht, wiederverwendbar und leicht zu \u00f6ffnen und zu schlie\u00dfen.<\/span><span data-ccp-props=\"{&quot;335559685&quot;:720}\">\u00a0<\/span><\/p>\n<p class=\"style-scope ytd-watch-metadata\" style=\"text-align: justify;\">Sehen Sie <a href=\"https:\/\/www.youtube.com\/watch?v=Vvda7TjS9iU\" target=\"_blank\" rel=\"noopener\">hier<\/a>, wie Sie den Verschluss von Ihrer Yummy Bag abnehmen und wieder anbringen k\u00f6nnen.<\/p>\n<p style=\"text-align: justify;\">Unsere Yummy Bag Closure wurde mit Liebe in Belgien entworfen und verantwortungsvoll in China produziert.<\/p>\n","protected":false},"excerpt":{"rendered":"<p style=\"text-align: justify;\">Unser praktischer Beutelverschluss f\u00fcr den Yummy Bag garantiert einen perfekten Verschluss. Wasserdicht, wiederverwendbar und leicht zu \u00f6ffnen und zu schlie\u00dfen.<\/p>\n<p>Dieses Produkt enth\u00e4lt 1 Ersatzverschluss f\u00fcr 1 Yummy Bag.<\/p>\n<p><em>(Yummy Bag nicht im Lieferumfang enthalten)<\/em><\/p>\n<div>\n<p>&nbsp;<\/p>\n<\/div>\n<table>\n<tbody>\n<tr>\n<td><img loading=\"lazy\" decoding=\"async\" class=\"specs-image alignnone wp-image-11971 size-full\" src=\"https:\/\/b2b.owego-family.com\/wp-content\/uploads\/2020\/11\/free-delivery-150x150.png\" alt=\"\" width=\"283\" height=\"232\" \/><\/td>\n<td>Kostenloser Versand ab 50 \u20ac f\u00fcr Belgien und die Niederlande, ab 100 \u20ac f\u00fcr das restliche Europa<\/td>\n<\/tr>\n<tr>\n<td><img loading=\"lazy\" decoding=\"async\" class=\"specs-image alignnone wp-image-11971 size-full\" src=\"https:\/\/b2b.owego-family.com\/wp-content\/uploads\/2020\/11\/shipping.png\" alt=\"\" width=\"283\" height=\"232\" \/><\/td>\n<td>Lieferung in 1-5 Arbeitstagen nach Belgien, den Niederlanden, Frankreich, Deutschland, Luxemburg Spanien und Italien<\/td>\n<\/tr>\n<tr>\n<td><img loading=\"lazy\" decoding=\"async\" class=\"specs-image alignnone wp-image-11970 size-full\" src=\"https:\/\/b2b.owego-family.com\/wp-content\/uploads\/2020\/11\/credit-card.png\" alt=\"\" width=\"297\" height=\"241\" \/><\/td>\n<td>Sichere Zahlung mit Paypal, Bancontact, Ideal, Kreditkarte, Belfius Direct Net, ING Home\u2019pay und KBC\/CBC Payment Button<\/td>\n<\/tr>\n<tr>\n<td><img loading=\"lazy\" decoding=\"async\" class=\"specs-image alignnone wp-image-50208 size-full\" src=\"http:\/\/b2b.owego-family.com\/wp-content\/uploads\/2026\/02\/Belgian-brand-grey.png\" alt=\"\" width=\"1000\" height=\"1000\" \/><\/td>\n<td>Owego ist eine stolze belgische Marke<\/td>\n<\/tr>\n<\/tbody>\n<\/table>\n<p>Scrollen Sie nach unten f\u00fcr weitere Details und Spezifikationen<\/p>\n<p>&nbsp;<\/p>\n<p>&nbsp;<\/p>\n","protected":false},"featured_media":58277,"comment_status":"closed","ping_status":"closed","template":"","meta":{"inline_featured_image":false},"product_brand":[],"product_cat":[112,59],"product_tag":[],"class_list":{"0":"post-58281","1":"product","2":"type-product","3":"status-publish","4":"has-post-thumbnail","6":"product_cat-essen-sie","7":"product_cat-yummy-bag-de","9":"first","10":"instock","11":"shipping-taxable","12":"purchasable","13":"product-type-simple"},"_links":{"self":[{"href":"https:\/\/owego-family.com\/de\/wp-json\/wp\/v2\/product\/58281","targetHints":{"allow":["GET"]}}],"collection":[{"href":"https:\/\/owego-family.com\/de\/wp-json\/wp\/v2\/product"}],"about":[{"href":"https:\/\/owego-family.com\/de\/wp-json\/wp\/v2\/types\/product"}],"replies":[{"embeddable":true,"href":"https:\/\/owego-family.com\/de\/wp-json\/wp\/v2\/comments?post=58281"}],"wp:featuredmedia":[{"embeddable":true,"href":"https:\/\/owego-family.com\/de\/wp-json\/wp\/v2\/media\/58277"}],"wp:attachment":[{"href":"https:\/\/owego-family.com\/de\/wp-json\/wp\/v2\/media?parent=58281"}],"wp:term":[{"taxonomy":"product_brand","embeddable":true,"href":"https:\/\/owego-family.com\/de\/wp-json\/wp\/v2\/product_brand?post=58281"},{"taxonomy":"product_cat","embeddable":true,"href":"https:\/\/owego-family.com\/de\/wp-json\/wp\/v2\/product_cat?post=58281"},{"taxonomy":"product_tag","embeddable":true,"href":"https:\/\/owego-family.com\/de\/wp-json\/wp\/v2\/product_tag?post=58281"}],"curies":[{"name":"wp","href":"https:\/\/api.w.org\/{rel}","templated":true}]}}