{"id":58824,"date":"2026-01-06T09:00:36","date_gmt":"2026-01-06T08:00:36","guid":{"rendered":"https:\/\/owego-family.com\/?post_type=product&#038;p=58824"},"modified":"2026-03-12T16:11:04","modified_gmt":"2026-03-12T15:11:04","slug":"bed-guard","status":"publish","type":"product","link":"https:\/\/owego-family.com\/de\/produkt\/bed-guard\/","title":{"rendered":"bed guard"},"content":{"rendered":"<p style=\"text-align: justify;\" data-olk-copy-source=\"MailCompose\">Unser aufblasbarer Bed Guard ist ein weicher, wolkenf\u00f6rmiger Rausfallschutz fu\u0308rs Bett, ideal fu\u0308r kleine Schl\u00e4fer. Leicht und kompakt, perfekt fu\u0308r Reisen, \u00dcbernachtungen und Nickerchen unterwegs. Er l\u00e4sst sich schnell aufblasen und wieder ablassen und wird unter das Spannbettlaken an der Matratzenkante geschoben, um so einen sicheren und gemu\u0308tlichen Schlafplatz zu schaffen. Die rutschfeste Unterseite sorgt dafu\u0308r, dass er fest an Ort und Stelle bleibt, fu\u0308r ruhigen Schlaf, jederzeit und u\u0308berall.<\/p>\n<p style=\"text-align: justify;\" data-olk-copy-source=\"MailCompose\">Unsere Bed Guard wurde mit Liebe in Belgien entworfen und verantwortungsvoll in China produziert.<\/p>\n","protected":false},"excerpt":{"rendered":"<p style=\"text-align: justify;\">Unser <strong>aufblasbarer<\/strong> und mobiler Bed Guard ist ein <strong>weicher<\/strong>, wolkenf\u00f6rmiger Rausfallschutz f\u00fcrs Bettideal f\u00fcr kleine Schl\u00e4fer. <strong>Leicht, kompakt<\/strong> und schnell aufzublasen und zu entleeren.F\u00fcr einen ruhigen Schlaf, jederzeit und \u00fcberall.<\/p>\n<p>Die Verpackung enth\u00e4lt 1 Rausfallschutz und 1 Transporttasche.<\/p>\n<div>\n<p>&nbsp;<\/p>\n<\/div>\n<table>\n<tbody>\n<tr>\n<td><img loading=\"lazy\" decoding=\"async\" class=\"specs-image alignnone wp-image-11971 size-full\" src=\"https:\/\/b2b.owego-family.com\/wp-content\/uploads\/2020\/11\/free-delivery-150x150.png\" alt=\"\" width=\"283\" height=\"232\" \/><\/td>\n<td>Kostenloser Versand ab 50 \u20ac f\u00fcr Belgien und die Niederlande, ab 100 \u20ac f\u00fcr das restliche Europa<\/td>\n<\/tr>\n<tr>\n<td><img loading=\"lazy\" decoding=\"async\" class=\"specs-image alignnone wp-image-11971 size-full\" src=\"https:\/\/b2b.owego-family.com\/wp-content\/uploads\/2020\/11\/shipping.png\" alt=\"\" width=\"283\" height=\"232\" \/><\/td>\n<td>Lieferung in 1-5 Arbeitstagen nach Belgien, den Niederlanden, Frankreich, Deutschland, Luxemburg Spanien und Italien<\/td>\n<\/tr>\n<tr>\n<td><img loading=\"lazy\" decoding=\"async\" class=\"specs-image alignnone wp-image-11970 size-full\" src=\"https:\/\/b2b.owego-family.com\/wp-content\/uploads\/2020\/11\/credit-card.png\" alt=\"\" width=\"297\" height=\"241\" \/><\/td>\n<td>Sichere Zahlung mit Paypal, Bancontact, Ideal, Kreditkarte, Belfius Direct Net, ING Home\u2019pay und KBC\/CBC Payment Button<\/td>\n<\/tr>\n<tr>\n<td><img loading=\"lazy\" decoding=\"async\" class=\"specs-image alignnone wp-image-50208 size-full\" src=\"http:\/\/b2b.owego-family.com\/wp-content\/uploads\/2026\/02\/Belgian-brand-grey.png\" alt=\"\" width=\"1000\" height=\"1000\" \/><\/td>\n<td>Owego ist eine stolze belgische Marke<\/td>\n<\/tr>\n<\/tbody>\n<\/table>\n<p style=\"text-align: justify;\">Scrollen Sie nach unten f\u00fcr weitere Details und Spezifikationen.<\/p>\n","protected":false},"featured_media":59042,"comment_status":"open","ping_status":"closed","template":"","meta":{"inline_featured_image":false},"product_brand":[],"product_cat":[788,1170,268],"product_tag":[1173],"class_list":{"0":"post-58824","1":"product","2":"type-product","3":"status-publish","4":"has-post-thumbnail","6":"product_cat-geschenkideen-unter-25","7":"product_cat-bed-guard-de","8":"product_cat-sleep-de","9":"product_tag-rausfallschutz","11":"first","12":"instock","13":"shipping-taxable","14":"purchasable","15":"product-type-simple"},"_links":{"self":[{"href":"https:\/\/owego-family.com\/de\/wp-json\/wp\/v2\/product\/58824","targetHints":{"allow":["GET"]}}],"collection":[{"href":"https:\/\/owego-family.com\/de\/wp-json\/wp\/v2\/product"}],"about":[{"href":"https:\/\/owego-family.com\/de\/wp-json\/wp\/v2\/types\/product"}],"replies":[{"embeddable":true,"href":"https:\/\/owego-family.com\/de\/wp-json\/wp\/v2\/comments?post=58824"}],"wp:featuredmedia":[{"embeddable":true,"href":"https:\/\/owego-family.com\/de\/wp-json\/wp\/v2\/media\/59042"}],"wp:attachment":[{"href":"https:\/\/owego-family.com\/de\/wp-json\/wp\/v2\/media?parent=58824"}],"wp:term":[{"taxonomy":"product_brand","embeddable":true,"href":"https:\/\/owego-family.com\/de\/wp-json\/wp\/v2\/product_brand?post=58824"},{"taxonomy":"product_cat","embeddable":true,"href":"https:\/\/owego-family.com\/de\/wp-json\/wp\/v2\/product_cat?post=58824"},{"taxonomy":"product_tag","embeddable":true,"href":"https:\/\/owego-family.com\/de\/wp-json\/wp\/v2\/product_tag?post=58824"}],"curies":[{"name":"wp","href":"https:\/\/api.w.org\/{rel}","templated":true}]}}