{"id":3759,"date":"2022-05-03T11:54:30","date_gmt":"2022-05-03T09:54:30","guid":{"rendered":"https:\/\/owego-family.com\/shop\/yummy-tray-blush\/"},"modified":"2026-02-26T12:50:13","modified_gmt":"2026-02-26T11:50:13","slug":"yummy-tray-blush","status":"publish","type":"product","link":"https:\/\/owego-family.com\/fr\/produit\/yummy-tray-blush\/","title":{"rendered":"yummy tray blush"},"content":{"rendered":"<p class=\"_04xlpA direction-ltr align-start para-style-body\">Notre Owego Yummy Tray est fait en 100% de silicone de qualit\u00e9 alimentaire (sans BPA). Le plateau est r\u00e9utilisable \u00e0 l&rsquo;infini, \u00e9crivable et facile \u00e0 nettoyer au lave-vaisselle.<\/p>\n<p class=\"_04xlpA direction-ltr align-start para-style-body\">Le couvercle est con\u00e7u pour couvrir chaque compartiment individuellement, ce qui permet de passer du comptoir au cong\u00e9lateur sans d\u00e9versements.<\/p>\n<p class=\"_04xlpA direction-ltr align-start para-style-body\">Les plateaux peuvent \u00eatre empil\u00e9s facilement pour optimiser l\u2019espace dans votre cong\u00e9lateur.<\/p>\n<p class=\"_04xlpA direction-ltr align-start para-style-body\" style=\"text-align: justify;\">Congelez le lait maternel ou la nourriture de b\u00e9b\u00e9 fra\u00eeche en portions pratiques de 30 ml. Au fur et \u00e0 mesure que vos petits grandissent, utilisez le plateau pour conserver des snacks cr\u00e9atifs, pour faire de mignons gla\u00e7ons ou m\u00eame pour pr\u00e9parer des petits cupcakes en forme de nuage. Le plateau est r\u00e9sistant \u00e0 la chaleur et peut \u00eatre utilis\u00e9 pour chauffer des portions directement au micro-ondes, ou comme moule de cuisson au four (sans couvercle).<\/p>\n<p><span style=\"color: #808080;\">Notre Yummy Tray est con\u00e7u avec amour en Belgique et produit de mani\u00e8re responsable en Chine.<\/span><\/p>\n","protected":false},"excerpt":{"rendered":"<p><span style=\"color: #7c7c80;\">Notre Owego Yummy Tray est id\u00e9al pour <b>congeler le lait maternel, la nourriture b\u00e9b\u00e9 et des snacks cr\u00e9atifs. <\/b>Il peut m\u00eame \u00eatre utilis\u00e9 pour cuire des <b>cupcakes mignons<\/b> au four! Il est compos\u00e9 \u00e0 <b>100% de silicone de qualit\u00e9 alimentaire<\/b>. Sa conception intelligente garantit que le couvercle s&rsquo;adapte parfaitement \u00e0 chaque compartiment pour <b>\u00e9viter les d\u00e9versements<\/b>.<\/span><\/p>\n<table>\n<tbody>\n<tr>\n<td><img loading=\"lazy\" decoding=\"async\" class=\"specs-image alignnone wp-image-11971 size-full\" src=\"http:\/\/b2b.owego-family.com\/wp-content\/uploads\/2020\/11\/free-delivery-150x150.png\" width=\"283\" height=\"232\" \/><\/td>\n<td>Livraison gratuite \u00e0 partir de 50 \u20ac pour la Belgique et les Pays-Bas, 100 \u20ac pour le reste de l\u2019Europe<\/td>\n<\/tr>\n<tr>\n<td><img loading=\"lazy\" decoding=\"async\" class=\"specs-image alignnone wp-image-11971 size-full\" src=\"http:\/\/b2b.owego-family.com\/wp-content\/uploads\/2020\/11\/shipping.png\" width=\"283\" height=\"232\" \/><\/td>\n<td>Livraison sous 1 \u00e0 5 jours ouvr\u00e9s en Belgique, aux Pays-Bas, en France, en Allemagne, Luxembourg, Espagne et au Italie<\/td>\n<\/tr>\n<tr>\n<td><img loading=\"lazy\" decoding=\"async\" class=\"specs-image alignnone wp-image-11970 size-full\" src=\"http:\/\/b2b.owego-family.com\/wp-content\/uploads\/2020\/11\/credit-card.png\" width=\"297\" height=\"241\" \/><\/td>\n<td>Paiement s\u00fbr et s\u00e9curis\u00e9 via Paypal, Bancontact, Ideal, Credit Card, Belfius Direct Net, ING Home\u2019pay et KBC \/ CBC Payment Button<\/td>\n<\/tr>\n<tr>\n<td><img loading=\"lazy\" decoding=\"async\" class=\"specs-image alignnone wp-image-50208 size-full\" src=\"http:\/\/b2b.owego-family.com\/wp-content\/uploads\/2026\/02\/Belgian-brand-grey.png\" alt=\"\" width=\"1000\" height=\"1000\" \/><\/td>\n<td>Owego est une marque fi\u00e8re d\u2019\u00eatre Belge<\/td>\n<\/tr>\n<\/tbody>\n<\/table>\n<p>Faites d\u00e9filer la page vers le bas pour plus de d\u00e9tails et de sp\u00e9cifications<\/p>\n<p>&nbsp;<\/p>\n","protected":false},"featured_media":51293,"comment_status":"open","ping_status":"closed","template":"","meta":{"inline_featured_image":false},"product_brand":[],"product_cat":[786,1093,111,61],"product_tag":[399,400,233],"class_list":{"0":"post-3759","1":"product","2":"type-product","3":"status-publish","4":"has-post-thumbnail","6":"product_cat-idees-cadeaux-moins-25","7":"product_cat-lallaitement","8":"product_cat-manger","9":"product_cat-yummy-tray-fr","10":"product_tag-congeler-fr","11":"product_tag-laitmaternel-fr","12":"product_tag-yummy-tray-fr","13":"product_shipping_class-forfait","15":"first","16":"instock","17":"shipping-taxable","18":"purchasable","19":"product-type-simple"},"_links":{"self":[{"href":"https:\/\/owego-family.com\/fr\/wp-json\/wp\/v2\/product\/3759","targetHints":{"allow":["GET"]}}],"collection":[{"href":"https:\/\/owego-family.com\/fr\/wp-json\/wp\/v2\/product"}],"about":[{"href":"https:\/\/owego-family.com\/fr\/wp-json\/wp\/v2\/types\/product"}],"replies":[{"embeddable":true,"href":"https:\/\/owego-family.com\/fr\/wp-json\/wp\/v2\/comments?post=3759"}],"wp:featuredmedia":[{"embeddable":true,"href":"https:\/\/owego-family.com\/fr\/wp-json\/wp\/v2\/media\/51293"}],"wp:attachment":[{"href":"https:\/\/owego-family.com\/fr\/wp-json\/wp\/v2\/media?parent=3759"}],"wp:term":[{"taxonomy":"product_brand","embeddable":true,"href":"https:\/\/owego-family.com\/fr\/wp-json\/wp\/v2\/product_brand?post=3759"},{"taxonomy":"product_cat","embeddable":true,"href":"https:\/\/owego-family.com\/fr\/wp-json\/wp\/v2\/product_cat?post=3759"},{"taxonomy":"product_tag","embeddable":true,"href":"https:\/\/owego-family.com\/fr\/wp-json\/wp\/v2\/product_tag?post=3759"}],"curies":[{"name":"wp","href":"https:\/\/api.w.org\/{rel}","templated":true}]}}