{"id":45927,"date":"2021-02-26T14:17:56","date_gmt":"2021-02-26T13:17:56","guid":{"rendered":"https:\/\/owego-family.com\/product\/yummy-bag-marker-2\/"},"modified":"2026-04-15T23:44:05","modified_gmt":"2026-04-15T21:44:05","slug":"yummy-marker","status":"publish","type":"product","link":"https:\/\/owego-family.com\/fr\/produit\/yummy-marker\/","title":{"rendered":"yummy marker"},"content":{"rendered":"<p style=\"text-align: justify;\">Le Yummy Marker est parfait pour marquer vos produits Yummy. La pointe fine vous permet d&rsquo;\u00e9crire avec pr\u00e9cision le nom, la date, le volume ou le contenu. Apr\u00e8s utilisation, vous pouvez laver le marqueur \u00e0 l&rsquo;eau chaude et au savon ou au lave-vaisselle!<\/p>\n<p>Notre Yummy Marker est con\u00e7u et produit avec amour en Belgique.<\/p>\n","protected":false},"excerpt":{"rendered":"<p><span style=\"font-size: 14pt;\">Notre marqueur Owego Yummy \u00e0 pointe fine est parfait pour \u00e9tiqueter vos produits Yummy.<\/span><\/p>\n<p><span style=\"font-size: 12pt;\">Couleur &#8211; Noir<\/span><\/p>\n<table>\n<tbody>\n<tr>\n<td><img loading=\"lazy\" decoding=\"async\" class=\"specs-image alignnone wp-image-11971 size-full\" src=\"http:\/\/b2b.owego-family.com\/wp-content\/uploads\/2020\/11\/free-delivery-150x150.png\" width=\"283\" height=\"232\" \/><\/td>\n<td>Livraison gratuite \u00e0 partir de 50 \u20ac pour la Belgique et les Pays-Bas, 100 \u20ac pour le reste de l\u2019Europe<\/td>\n<\/tr>\n<tr>\n<td><img loading=\"lazy\" decoding=\"async\" class=\"specs-image alignnone wp-image-11971 size-full\" src=\"http:\/\/b2b.owego-family.com\/wp-content\/uploads\/2020\/11\/shipping.png\" width=\"283\" height=\"232\" \/><\/td>\n<td>Livraison sous 1 \u00e0 5 jours ouvr\u00e9s en Belgique, aux Pays-Bas, en France, en Allemagne, Luxembourg, Espagne et au Italie<\/td>\n<\/tr>\n<tr>\n<td><img loading=\"lazy\" decoding=\"async\" class=\"specs-image alignnone wp-image-11970 size-full\" src=\"http:\/\/b2b.owego-family.com\/wp-content\/uploads\/2020\/11\/credit-card.png\" width=\"297\" height=\"241\" \/><\/td>\n<td>Paiement s\u00fbr et s\u00e9curis\u00e9 via Paypal, Bancontact, Ideal, Credit Card, Belfius Direct Net, ING Home\u2019pay et KBC \/ CBC Payment Button<\/td>\n<\/tr>\n<tr>\n<td><img loading=\"lazy\" decoding=\"async\" class=\"specs-image alignnone wp-image-50208 size-full\" src=\"http:\/\/b2b.owego-family.com\/wp-content\/uploads\/2026\/02\/Belgian-brand-grey.png\" alt=\"\" width=\"1000\" height=\"1000\" \/><\/td>\n<td>Owego est une marque fi\u00e8re d\u2019\u00eatre Belge<\/td>\n<\/tr>\n<\/tbody>\n<\/table>\n<p>Faites d\u00e9filer la page vers le bas pour plus de d\u00e9tails et de sp\u00e9cifications<\/p>\n","protected":false},"featured_media":46969,"comment_status":"open","ping_status":"closed","template":"","meta":{"inline_featured_image":false},"product_brand":[],"product_cat":[786,1093,111,58,537,1084,61],"product_tag":[234],"class_list":{"0":"post-45927","1":"product","2":"type-product","3":"status-publish","4":"has-post-thumbnail","6":"product_cat-idees-cadeaux-moins-25","7":"product_cat-lallaitement","8":"product_cat-manger","9":"product_cat-yummy-bag-fr","10":"product_cat-yummy-grabgo-fr","11":"product_cat-yummy-marker-fr","12":"product_cat-yummy-tray-fr","13":"product_tag-yummy-marker-fr","14":"product_shipping_class-forfait","16":"first","17":"instock","18":"shipping-taxable","19":"purchasable","20":"product-type-simple"},"_links":{"self":[{"href":"https:\/\/owego-family.com\/fr\/wp-json\/wp\/v2\/product\/45927","targetHints":{"allow":["GET"]}}],"collection":[{"href":"https:\/\/owego-family.com\/fr\/wp-json\/wp\/v2\/product"}],"about":[{"href":"https:\/\/owego-family.com\/fr\/wp-json\/wp\/v2\/types\/product"}],"replies":[{"embeddable":true,"href":"https:\/\/owego-family.com\/fr\/wp-json\/wp\/v2\/comments?post=45927"}],"wp:featuredmedia":[{"embeddable":true,"href":"https:\/\/owego-family.com\/fr\/wp-json\/wp\/v2\/media\/46969"}],"wp:attachment":[{"href":"https:\/\/owego-family.com\/fr\/wp-json\/wp\/v2\/media?parent=45927"}],"wp:term":[{"taxonomy":"product_brand","embeddable":true,"href":"https:\/\/owego-family.com\/fr\/wp-json\/wp\/v2\/product_brand?post=45927"},{"taxonomy":"product_cat","embeddable":true,"href":"https:\/\/owego-family.com\/fr\/wp-json\/wp\/v2\/product_cat?post=45927"},{"taxonomy":"product_tag","embeddable":true,"href":"https:\/\/owego-family.com\/fr\/wp-json\/wp\/v2\/product_tag?post=45927"}],"curies":[{"name":"wp","href":"https:\/\/api.w.org\/{rel}","templated":true}]}}