{"id":45936,"date":"2021-02-22T11:29:16","date_gmt":"2021-02-22T10:29:16","guid":{"rendered":"https:\/\/owego-family.com\/product\/echarpe-dallaitement-mountain-views-2\/"},"modified":"2026-02-26T13:52:32","modified_gmt":"2026-02-26T12:52:32","slug":"nursing-cocoon-mountain-views","status":"publish","type":"product","link":"https:\/\/owego-family.com\/fr\/produit\/nursing-cocoon-mountain-views\/","title":{"rendered":"nursing cocoon mountain"},"content":{"rendered":"<p style=\"text-align: left;\">Notre Owego Nursing Cocoon est id\u00e9ale pour allaiter n&rsquo;importe o\u00f9.<\/p>\n<p style=\"text-align: justify;\">L&rsquo;\u00e9charpe d&rsquo;allaitement est fabriqu\u00e9e en 100% coton Pima p\u00e9ruvien cueilli \u00e0 la main, qui contient des fibres de coton exceptionnellement longues. Ainsi, notre \u00e9charpe est luxueusement douce et elle est \u00e9galement durable, respirante et hypoallerg\u00e9nique. Exactement la qualit\u00e9 que nous voulons offrir \u00e0 nos petits.<\/p>\n<p style=\"text-align: left;\">L&rsquo;\u00e9charpe d&rsquo;allaitement Owego est con\u00e7ue pour le confort de maman et du b\u00e9b\u00e9.<\/p>\n<p style=\"text-align: justify;\">L&rsquo;encolure pr\u00e9form\u00e9e cr\u00e9e un cocon douillet et tranquille pour votre petit. Parfait pour les b\u00e9b\u00e9s qui, autrement, seraient facilement distraits. Elle permet le contact visuel et de voir facilement si votre b\u00e9b\u00e9 est encore bien positionn\u00e9. Elle aide \u00e9galement \u00e0 r\u00e9guler la temp\u00e9rature et \u00e0 assurer la circulation d&rsquo;air. Gr\u00e2ce au ruban r\u00e9glable au niveau du cou, l\u2019\u00e9charpe d&rsquo;allaitement reste en place et offre une plus grande libert\u00e9 de mouvement et d&rsquo;intimit\u00e9 \u00e0 maman.<\/p>\n<p style=\"text-align: left;\">Notre \u00e9charpe d&rsquo;allaitement peut \u00e9galement \u00eatre utilis\u00e9e comme un environnement priv\u00e9 pour exprimer le lait, ou pour nourrir au biberon les b\u00e9b\u00e9s qui sont autrement facilement distraits.<\/p>\n<p style=\"text-align: left;\">Notre \u00e9charpe d&rsquo;allaitement est livr\u00e9e avec un sac de linge pratique et un sac de transport assorti, de sorte que vous pouvez facilement emporter votre \u00e9charpe Owego avec vous.<\/p>\n<p style=\"text-align: left;\">Nous croyons que les b\u00e9b\u00e9s m\u00e9ritent toujours un environnement d\u00e9tendu pour profiter de ce moment d&rsquo;intimit\u00e9 avec leur maman, m\u00eame lorsqu&rsquo;ils partent \u00e0 l&rsquo;aventure!<\/p>\n<p style=\"text-align: left;\"><span style=\"color: #808080;\">Nos \u00e9charpes d&rsquo;allaitement sont con\u00e7ues avec amour en Belgique et produites de mani\u00e8re responsable au P\u00e9rou.<\/span><\/p>\n","protected":false},"excerpt":{"rendered":"<p style=\"text-align: justify;\"><span style=\"font-size: 20px;\">Notre \u00e9charpe d\u2019allaitement Owego est fabriqu\u00e9e en <strong>100% coton Pima p\u00e9ruvien<\/strong> cueilli \u00e0 la main. Le dessin original avec son encolure pr\u00e9form\u00e9e vous encourage, vous et votre b\u00e9b\u00e9, \u00e0 continuer \u00e0 allaiter confortablement lors de vos d\u00e9placements.<\/span><\/p>\n<p>&nbsp;<\/p>\n<p>Sac de lavage &amp; sac de transport compris<br \/>\nCouleur: Mountain Views<\/p>\n<table>\n<tbody>\n<tr>\n<td><img loading=\"lazy\" decoding=\"async\" class=\"specs-image alignnone wp-image-11971 size-full\" src=\"http:\/\/b2b.owego-family.com\/wp-content\/uploads\/2020\/11\/free-delivery-150x150.png\" width=\"283\" height=\"232\" \/><\/td>\n<td>Livraison gratuite \u00e0 partir de 50 \u20ac pour la Belgique et les Pays-Bas, 100 \u20ac pour le reste de l\u2019Europe<\/td>\n<\/tr>\n<tr>\n<td><img loading=\"lazy\" decoding=\"async\" class=\"specs-image alignnone wp-image-11971 size-full\" src=\"http:\/\/b2b.owego-family.com\/wp-content\/uploads\/2020\/11\/shipping.png\" width=\"283\" height=\"232\" \/><\/td>\n<td>Livraison sous 1 \u00e0 5 jours ouvr\u00e9s en Belgique, aux Pays-Bas, en France, en Allemagne, Luxembourg, Espagne et au Italie<\/td>\n<\/tr>\n<tr>\n<td><img loading=\"lazy\" decoding=\"async\" class=\"specs-image alignnone wp-image-11970 size-full\" src=\"http:\/\/b2b.owego-family.com\/wp-content\/uploads\/2020\/11\/credit-card.png\" width=\"297\" height=\"241\" \/><\/td>\n<td>Paiement s\u00fbr et s\u00e9curis\u00e9 via Paypal, Bancontact, Ideal, Credit Card, Belfius Direct Net, ING Home\u2019pay et KBC \/ CBC Payment Button<\/td>\n<\/tr>\n<tr>\n<td><img loading=\"lazy\" decoding=\"async\" class=\"specs-image alignnone wp-image-50208 size-full\" src=\"http:\/\/b2b.owego-family.com\/wp-content\/uploads\/2026\/02\/Belgian-brand-grey.png\" alt=\"\" width=\"1000\" height=\"1000\" \/><\/td>\n<td>Owego est une marque fi\u00e8re d\u2019\u00eatre Belge<\/td>\n<\/tr>\n<\/tbody>\n<\/table>\n<p>Faites d\u00e9filer la page vers le bas pour plus de d\u00e9tails et de sp\u00e9cifications<\/p>\n<p>&nbsp;<\/p>\n","protected":false},"featured_media":54485,"comment_status":"open","ping_status":"closed","template":"","meta":{"inline_featured_image":false},"product_brand":[],"product_cat":[789,1093,111,50],"product_tag":[232],"class_list":{"0":"post-45936","1":"product","2":"type-product","3":"status-publish","4":"has-post-thumbnail","6":"product_cat-idees-cadeaux-25-50","7":"product_cat-lallaitement","8":"product_cat-manger","9":"product_cat-nursing-cocoon-fr","10":"product_tag-echarpe-dallaitement-fr","11":"product_shipping_class-forfait","13":"first","14":"instock","15":"shipping-taxable","16":"purchasable","17":"product-type-simple"},"_links":{"self":[{"href":"https:\/\/owego-family.com\/fr\/wp-json\/wp\/v2\/product\/45936","targetHints":{"allow":["GET"]}}],"collection":[{"href":"https:\/\/owego-family.com\/fr\/wp-json\/wp\/v2\/product"}],"about":[{"href":"https:\/\/owego-family.com\/fr\/wp-json\/wp\/v2\/types\/product"}],"replies":[{"embeddable":true,"href":"https:\/\/owego-family.com\/fr\/wp-json\/wp\/v2\/comments?post=45936"}],"wp:featuredmedia":[{"embeddable":true,"href":"https:\/\/owego-family.com\/fr\/wp-json\/wp\/v2\/media\/54485"}],"wp:attachment":[{"href":"https:\/\/owego-family.com\/fr\/wp-json\/wp\/v2\/media?parent=45936"}],"wp:term":[{"taxonomy":"product_brand","embeddable":true,"href":"https:\/\/owego-family.com\/fr\/wp-json\/wp\/v2\/product_brand?post=45936"},{"taxonomy":"product_cat","embeddable":true,"href":"https:\/\/owego-family.com\/fr\/wp-json\/wp\/v2\/product_cat?post=45936"},{"taxonomy":"product_tag","embeddable":true,"href":"https:\/\/owego-family.com\/fr\/wp-json\/wp\/v2\/product_tag?post=45936"}],"curies":[{"name":"wp","href":"https:\/\/api.w.org\/{rel}","templated":true}]}}