{"id":45940,"date":"2021-02-22T18:48:38","date_gmt":"2021-02-22T17:48:38","guid":{"rendered":"https:\/\/owego-family.com\/product\/yummy-bag-flower-2\/"},"modified":"2026-02-26T13:38:17","modified_gmt":"2026-02-26T12:38:17","slug":"yummy-bag-flower","status":"publish","type":"product","link":"https:\/\/owego-family.com\/fr\/produit\/yummy-bag-flower\/","title":{"rendered":"yummy bag flower 4-pack"},"content":{"rendered":"<p class=\"_04xlpA direction-ltr align-start para-style-body\" style=\"text-align: justify;\"><span class=\"JsGRdQ\">Le Yummy Bag est fabriqu\u00e9 en 100% silicone de qualit\u00e9 alimentaire, ce qui est connu pour pour sa solidit\u00e9 et sa dur\u00e9e de vie. Cela signifie que nos Yummy Bags sont totalement s\u00fbrs pour conserver tous les liquides et les aliments. Le Yummy Bag peut \u00eatre bouilli, chauff\u00e9 au micro-ondes et congel\u00e9 en toute s\u00e9curit\u00e9. Ils sont con\u00e7us pour durer et peuvent \u00eatre r\u00e9utilis\u00e9s \u00e0 l&rsquo;infini. Alors, dites adieu \u00e0 vos vieux sacs de conservation en plastique \u00e0 usage unique et \u00e0 vos r\u00e9cipients en plastique et faites un nouveau pas pour aider \u00e0 sauver notre plan\u00e8te!<\/span><\/p>\n<p class=\"_04xlpA direction-ltr align-start para-style-body\" style=\"text-align: justify;\"><span class=\"JsGRdQ\">Notre Yummy bag est con\u00e7u comme une solution de conservation des aliments d\u00e8s la naissance jusqu&rsquo;\u00e0 la petite enfance (et m\u00eame apr\u00e8s)! Sa taille est id\u00e9ale pour conserver votre pr\u00e9cieux lait maternel &#8211; sans souci et n&rsquo;importe o\u00f9. Au fur et \u00e0 mesure que votre b\u00e9b\u00e9 grandit, vous pouvez l&rsquo;utiliser pour emporter des pur\u00e9es ou des gourmandises savoureuses partout o\u00f9 vous allez. Lorsque votre enfant est pr\u00eat \u00e0 aller \u00e0 l&rsquo;\u00e9cole, n&rsquo;oubliez pas de pr\u00e9parer son <\/span><span class=\"JsGRdQ\">Yummy Bag! Leurs snacks resteront frais et vous n&rsquo;aurez pas \u00e0 vous soucier d&rsquo;\u00e9ventuelles fuites. Vous pouvez bien s\u00fbr continuer \u00e0 utiliser le Yummy Bag pour des portions individuelles de soupe, des en-cas et d&rsquo;autres repas. Nous sommes convaincus que votre Yummy Bag deviendra un \u00e9l\u00e9ment indispensable de votre syst\u00e8me de rangement dans la cuisine.<\/span><\/p>\n<p class=\"_04xlpA direction-ltr align-start para-style-body\" style=\"text-align: justify;\"><span class=\"JsGRdQ\">Notre Yummy Bag a \u00e9t\u00e9 con\u00e7u avec grande attention aux d\u00e9tails pour vous faciliter la vie. Il se tient debout, ce qui le rend facile \u00e0 remplir ou \u00e0 nourrir votre b\u00e9b\u00e9. Gr\u00e2ce aux coins en forme de bec, les liquides peuvent \u00eatre vers\u00e9s sans se renverser. Le m\u00e9canisme de fermeture \u00e9tanche garantit que tout le contenu reste dans le sac, pr\u00e9servant ainsi la fra\u00eecheur, les nutriments et les saveurs. Sa taille intelligente permet de conserver les portions parfaites pour vos d\u00e9placements. De plus, le sac contient une fen\u00eatre transparente pratique avec un indicateur de volume. Le nom, la date et le volume peuvent \u00eatre marqu\u00e9s sur le sac avec un marqueur effa\u00e7able \u00e0 sec qui s&rsquo;enl\u00e8ve \u00e0 l&rsquo;eau chaude et au savon (ou lorsque vous le mettez dans le lave-vaisselle)! Quand il n&rsquo;est pas utilis\u00e9, le Yummy Bag peut \u00eatre enroul\u00e9 pour prendre un minimum de place!<\/span><\/p>\n<p><span style=\"color: #808080;\">Notre Yummy Bag est con\u00e7u avec amour en Belgique et produit de mani\u00e8re responsable en Chine.<\/span><\/p>\n","protected":false},"excerpt":{"rendered":"<p style=\"text-align: justify;\"><span style=\"font-size: 14pt;\">Notre Owego Yummy Bag est id\u00e9al pour conserver <strong>le lait maternel, les pur\u00e9es pour b\u00e9b\u00e9s et les en-cas<\/strong>. Il est fabriqu\u00e9 \u00e0<strong> 100% en silicone de qualit\u00e9 alimentaire<\/strong>. Gr\u00e2ce \u00e0 son design original et \u00e0 sa <strong>taille intelligente<\/strong>, <span data-olk-copy-source=\"MessageBody\">il est parfait pour conserver et transporter vos d\u00e9licieuses gourmandises partout <strong>sans fuite.<\/strong><\/span><\/span><\/p>\n<p><span style=\"font-size: 12pt;\">Ce pack contient 4 Yummy Bags &#8211; 2 Blush<\/span><span style=\"font-size: 12pt;\"> et 2 Bloom<br \/>\n<em>(Chaque Yummy Bag peut contenir jusqu&rsquo;\u00e0 5 nuages du Yummy Tray)<\/em><br \/>\n<\/span><\/p>\n<table>\n<tbody>\n<tr>\n<td><img loading=\"lazy\" decoding=\"async\" class=\"specs-image alignnone wp-image-11971 size-full\" src=\"http:\/\/b2b.owego-family.com\/wp-content\/uploads\/2020\/11\/free-delivery-150x150.png\" width=\"283\" height=\"232\" \/><\/td>\n<td>Livraison gratuite \u00e0 partir de 50 \u20ac pour la Belgique et les Pays-Bas, 100 \u20ac pour le reste de l\u2019Europe<\/td>\n<\/tr>\n<tr>\n<td><img loading=\"lazy\" decoding=\"async\" class=\"specs-image alignnone wp-image-11971 size-full\" src=\"http:\/\/b2b.owego-family.com\/wp-content\/uploads\/2020\/11\/shipping.png\" width=\"283\" height=\"232\" \/><\/td>\n<td>Livraison sous 1 \u00e0 5 jours ouvr\u00e9s en Belgique, aux Pays-Bas, en France, en Allemagne, Luxembourg, Espagne et au Italie<\/td>\n<\/tr>\n<tr>\n<td><img loading=\"lazy\" decoding=\"async\" class=\"specs-image alignnone wp-image-11970 size-full\" src=\"http:\/\/b2b.owego-family.com\/wp-content\/uploads\/2020\/11\/credit-card.png\" width=\"297\" height=\"241\" \/><\/td>\n<td>Paiement s\u00fbr et s\u00e9curis\u00e9 via Paypal, Bancontact, Ideal, Credit Card, Belfius Direct Net, ING Home\u2019pay et KBC \/ CBC Payment Button<\/td>\n<\/tr>\n<tr>\n<td><img loading=\"lazy\" decoding=\"async\" class=\"specs-image alignnone wp-image-50208 size-full\" src=\"http:\/\/b2b.owego-family.com\/wp-content\/uploads\/2026\/02\/Belgian-brand-grey.png\" alt=\"\" width=\"1000\" height=\"1000\" \/><\/td>\n<td>Owego est une marque fi\u00e8re d\u2019\u00eatre Belge<\/td>\n<\/tr>\n<\/tbody>\n<\/table>\n<p>Faites d\u00e9filer la page vers le bas pour plus de d\u00e9tails et de sp\u00e9cifications<\/p>\n<p>&nbsp;<\/p>\n","protected":false},"featured_media":3617,"comment_status":"open","ping_status":"closed","template":"","meta":{"inline_featured_image":false},"product_brand":[],"product_cat":[790,1092,110,57],"product_tag":[228,334,229],"class_list":{"0":"post-45940","1":"product","2":"type-product","3":"status-publish","4":"has-post-thumbnail","6":"product_cat-geschenkideeen-25-50","7":"product_cat-borstvoeding","8":"product_cat-eten","9":"product_cat-yummy-bag-nl","10":"product_tag-4-pack-nl","11":"product_tag-flower-nl","12":"product_tag-yummy-bag-nl","13":"product_shipping_class-vast-tarief","15":"first","16":"instock","17":"shipping-taxable","18":"purchasable","19":"product-type-simple"},"_links":{"self":[{"href":"https:\/\/owego-family.com\/fr\/wp-json\/wp\/v2\/product\/45940","targetHints":{"allow":["GET"]}}],"collection":[{"href":"https:\/\/owego-family.com\/fr\/wp-json\/wp\/v2\/product"}],"about":[{"href":"https:\/\/owego-family.com\/fr\/wp-json\/wp\/v2\/types\/product"}],"replies":[{"embeddable":true,"href":"https:\/\/owego-family.com\/fr\/wp-json\/wp\/v2\/comments?post=45940"}],"wp:featuredmedia":[{"embeddable":true,"href":"https:\/\/owego-family.com\/fr\/wp-json\/wp\/v2\/media\/3617"}],"wp:attachment":[{"href":"https:\/\/owego-family.com\/fr\/wp-json\/wp\/v2\/media?parent=45940"}],"wp:term":[{"taxonomy":"product_brand","embeddable":true,"href":"https:\/\/owego-family.com\/fr\/wp-json\/wp\/v2\/product_brand?post=45940"},{"taxonomy":"product_cat","embeddable":true,"href":"https:\/\/owego-family.com\/fr\/wp-json\/wp\/v2\/product_cat?post=45940"},{"taxonomy":"product_tag","embeddable":true,"href":"https:\/\/owego-family.com\/fr\/wp-json\/wp\/v2\/product_tag?post=45940"}],"curies":[{"name":"wp","href":"https:\/\/api.w.org\/{rel}","templated":true}]}}