{"id":49186,"date":"2024-01-15T15:37:05","date_gmt":"2024-01-15T14:37:05","guid":{"rendered":"https:\/\/owego-family.com\/?post_type=product&#038;p=49186"},"modified":"2025-12-05T16:27:06","modified_gmt":"2025-12-05T15:27:06","slug":"nursing-clip-2-pack","status":"publish","type":"product","link":"https:\/\/owego-family.com\/fr\/produit\/nursing-clip-2-pack\/","title":{"rendered":"Nursing Clip 2-pack"},"content":{"rendered":"<p>Ce pack contient 2 clips d&rsquo;allaitement : 1 Liquid Gold, 1 Power Mom.<\/p>\n","protected":false},"excerpt":{"rendered":"<p><span style=\"font-size: 20px;\">Notre Nursing Clip pratique <strong>vous aide \u00e0 vous rappeler du dernier sein avec lequel vous avez allait\u00e9<\/strong>. Ils se <strong>fixent facilement<\/strong> \u00e0 la bretelle de votre soutien-gorge d&rsquo;une seule main. Plus de confusion, il suffit de cliquer et le tour est jou\u00e9!<\/span><\/p>\n<table style=\"border: none;\">\n<tbody>\n<tr>\n<td style=\"border-right: none;\"><img loading=\"lazy\" decoding=\"async\" class=\"specs-image alignnone wp-image-11971 size-full\" src=\"https:\/\/owego-family.com\/wp-content\/uploads\/2020\/11\/free-delivery-150x150.png\" alt=\"\" width=\"283\" height=\"232\" \/><\/td>\n<td style=\"border-right: none; text-align: left;\">\n<p class=\"p1\">Livraison gratuite \u00e0 partir de 50 \u20ac pour la Belgique et les Pays-Bas, 100 \u20ac pour le reste de l&rsquo;Europe<\/p>\n<\/td>\n<\/tr>\n<tr>\n<td style=\"border-right: none;\"><img loading=\"lazy\" decoding=\"async\" class=\"specs-image alignnone wp-image-11971 size-full\" src=\"https:\/\/owego-family.com\/wp-content\/uploads\/2020\/11\/shipping.png\" alt=\"\" width=\"283\" height=\"232\" \/><\/td>\n<td style=\"border-right: none; text-align: left;\">\n<p class=\"p1\">Livraison sous 1 \u00e0 5 jours ouvr\u00e9s en Belgique, aux Pays-Bas, en France, en Allemagne, Luxembourg, Espagne et au Italie<\/p>\n<\/td>\n<\/tr>\n<tr>\n<td style=\"border-right: none;\"><img loading=\"lazy\" decoding=\"async\" class=\"specs-image alignnone wp-image-11970 size-full\" src=\"https:\/\/owego-family.com\/wp-content\/uploads\/2020\/11\/credit-card.png\" alt=\"\" width=\"297\" height=\"241\" \/><\/td>\n<td style=\"border-right: none; text-align: left;\">Paiement s\u00fbr et s\u00e9curis\u00e9 via Paypal, Bancontact, Ideal, Credit Card, Belfius Direct Net, ING Home\u2019pay et KBC \/ CBC Payment Button<\/td>\n<\/tr>\n<tr>\n<td style=\"border-right: none;\"><img loading=\"lazy\" decoding=\"async\" class=\"specs-image vc_single_image-img alignnone\" title=\"belgian-brand 2\" src=\"https:\/\/owego-family.com\/wp-content\/uploads\/2020\/10\/belgian-brand-2-1-64x60.png\" alt=\"belgian-brand 2\" width=\"64\" height=\"60\" \/><\/td>\n<td style=\"border-right: none; text-align: left;\">owego est une marque fi\u00e8re d\u2019\u00eatre Belge<\/td>\n<\/tr>\n<\/tbody>\n<\/table>\n<p>Faites d\u00e9filer vers le bas pour plus de d\u00e9tails et de sp\u00e9cifications<\/p>\n","protected":false},"featured_media":49173,"comment_status":"open","ping_status":"closed","template":"","meta":{"inline_featured_image":false},"product_brand":[],"product_cat":[1093,111,210],"product_tag":[],"class_list":{"0":"post-49186","1":"product","2":"type-product","3":"status-publish","4":"has-post-thumbnail","6":"product_cat-lallaitement","7":"product_cat-manger","8":"product_cat-nursing-clip-fr","10":"first","11":"instock","12":"shipping-taxable","13":"purchasable","14":"product-type-simple"},"_links":{"self":[{"href":"https:\/\/owego-family.com\/fr\/wp-json\/wp\/v2\/product\/49186","targetHints":{"allow":["GET"]}}],"collection":[{"href":"https:\/\/owego-family.com\/fr\/wp-json\/wp\/v2\/product"}],"about":[{"href":"https:\/\/owego-family.com\/fr\/wp-json\/wp\/v2\/types\/product"}],"replies":[{"embeddable":true,"href":"https:\/\/owego-family.com\/fr\/wp-json\/wp\/v2\/comments?post=49186"}],"wp:featuredmedia":[{"embeddable":true,"href":"https:\/\/owego-family.com\/fr\/wp-json\/wp\/v2\/media\/49173"}],"wp:attachment":[{"href":"https:\/\/owego-family.com\/fr\/wp-json\/wp\/v2\/media?parent=49186"}],"wp:term":[{"taxonomy":"product_brand","embeddable":true,"href":"https:\/\/owego-family.com\/fr\/wp-json\/wp\/v2\/product_brand?post=49186"},{"taxonomy":"product_cat","embeddable":true,"href":"https:\/\/owego-family.com\/fr\/wp-json\/wp\/v2\/product_cat?post=49186"},{"taxonomy":"product_tag","embeddable":true,"href":"https:\/\/owego-family.com\/fr\/wp-json\/wp\/v2\/product_tag?post=49186"}],"curies":[{"name":"wp","href":"https:\/\/api.w.org\/{rel}","templated":true}]}}