{"id":49844,"date":"2024-04-03T12:25:15","date_gmt":"2024-04-03T10:25:15","guid":{"rendered":"https:\/\/owego-family.com\/?post_type=product&#038;p=49844"},"modified":"2026-04-14T23:44:05","modified_gmt":"2026-04-14T21:44:05","slug":"lhumidificateur-denim","status":"publish","type":"product","link":"https:\/\/owego-family.com\/fr\/produit\/lhumidificateur-denim\/","title":{"rendered":"l&rsquo;humidificateur denim"},"content":{"rendered":"<p style=\"text-align: justify;\">Les r\u00eaves deviennent r\u00e9alit\u00e9 avec l&rsquo;Humidificateur Sweet Dreamz de Owego! Cette merveille portable et compacte combine les avantages apaisants d&rsquo;un humidificateur avec l&rsquo;\u00e9clat apaisant d&rsquo;une douce veilleuse. L&rsquo;humidificateur Sweet Dreamz cr\u00e9e un environnement douillet et confortable qui am\u00e9liore la qualit\u00e9 du sommeil, partout et \u00e0 tout moment.<\/p>\n<p style=\"text-align: justify;\">Les b\u00e9b\u00e9s sont plus sensibles \u00e0 l&rsquo;air sec et dorment souvent dans des chambres bien isol\u00e9es avec des fen\u00eatres ferm\u00e9es. Cela peut entra\u00eener des d\u00e9sagr\u00e9ments tels qu&rsquo;une peau s\u00e8che, des yeux qui piquent, un nez bouch\u00e9 et une gorge irrit\u00e9e. Notre humidificateur am\u00e9liore la qualit\u00e9 de l&rsquo;air dans la pi\u00e8ce et contribue \u00e0 r\u00e9duire la propagation des virus et des bact\u00e9ries. Il en r\u00e9sulte un meilleur sommeil pour les parents et l&rsquo;enfant. Dites donc adieu au nez bouch\u00e9 et \u00e0 la peau s\u00e8che, car cet humidificateur polyvalent cr\u00e9e sans effort l&rsquo;environnement optimal pour que votre b\u00e9b\u00e9 respire confortablement et dorme paisiblement. Que vous soyez \u00e0 la maison, en d\u00e9placement, ou en aventure en famille, l&rsquo;humidificateur Sweet Dreamz est la solution id\u00e9ale pour un confort absolu.<\/p>\n<p style=\"text-align: justify;\">La douce veilleuse cr\u00e9e une ambiance chaleureuse et apaisante, aidant votre enfant \u00e0 faire de beaux r\u00eaves. En outre, il constitue un compagnon id\u00e9al pour les mamans lors des moments d&rsquo;allaitement nocturne et s&rsquo;av\u00e8re \u00eatre une aide essentielle pour les parents lors des r\u00e9veils nocturnes. Gr\u00e2ce \u00e0 son design simple et \u00e9l\u00e9gant qui s&rsquo;int\u00e8gre parfaitement \u00e0 tous les d\u00e9cors.<\/p>\n<p style=\"text-align: justify;\">Cet humidificateur se distingue par sa conception intelligente. Il est pliable, ce qui en fait un compagnon compact indispensable pour les familles en d\u00e9placement. De plus, gr\u00e2ce \u00e0 sa capacit\u00e9 de charge USB, cet humidificateur fonctionne silencieusement pendant 7 heures, garantissant \u00e0 votre enfant une nuit de sommeil paisible. La fonction d&rsquo;arr\u00eat automatique garantit un repos s\u00fbr et ininterrompu pour tous.<\/p>\n<p style=\"text-align: justify;\">D\u00e9couvrez le confort, la portabilit\u00e9 et la convivialit\u00e9 de l\u2019Humidificateur Sweet Dreamz de Owego, et transformez chaque aventure en un r\u00eave pour votre petit.<\/p>\n","protected":false},"excerpt":{"rendered":"<p style=\"text-align: justify;\">L&rsquo;humidificateur Sweet Dreamz de Owego est une merveille <strong>compacte<\/strong> et <strong>portable<\/strong> qui combine les nombreux <strong>avantages d&rsquo;un humidificateur<\/strong> avec la lueur apaisante d&rsquo;une <strong>douce veilleuse<\/strong>. Pliable pour \u00eatre transport\u00e9 sans effort, il est parfait pour une utilisation \u00e0 la maison, lors de soir\u00e9es pyjama ou d&rsquo;aventures en famille. Il fonctionne silencieusement pendant <strong>7 heures<\/strong> et <strong>s&rsquo;\u00e9teint automatiquement<\/strong>, assurant un sommeil s\u00fbr et non perturb\u00e9 pour tout le monde. L&rsquo;humidificateur Sweet Dreamz cr\u00e9e un environnement douillet et confortable qui am\u00e9liore la qualit\u00e9 du sommeil, partout et \u00e0 tout moment.<\/p>\n<p>C\u00e2ble USB inclus<\/p>\n<table>\n<tbody>\n<tr>\n<td><img loading=\"lazy\" decoding=\"async\" class=\"specs-image alignnone wp-image-11971 size-full\" src=\"http:\/\/b2b.owego-family.com\/wp-content\/uploads\/2020\/11\/free-delivery-150x150.png\" width=\"283\" height=\"232\" \/><\/td>\n<td>Livraison gratuite \u00e0 partir de 50 \u20ac pour la Belgique et les Pays-Bas, 100 \u20ac pour le reste de l\u2019Europe<\/td>\n<\/tr>\n<tr>\n<td><img loading=\"lazy\" decoding=\"async\" class=\"specs-image alignnone wp-image-11971 size-full\" src=\"http:\/\/b2b.owego-family.com\/wp-content\/uploads\/2020\/11\/shipping.png\" width=\"283\" height=\"232\" \/><\/td>\n<td>Livraison sous 1 \u00e0 5 jours ouvr\u00e9s en Belgique, aux Pays-Bas, en France, en Allemagne, Luxembourg, Espagne et au Italie<\/td>\n<\/tr>\n<tr>\n<td><img loading=\"lazy\" decoding=\"async\" class=\"specs-image alignnone wp-image-11970 size-full\" src=\"http:\/\/b2b.owego-family.com\/wp-content\/uploads\/2020\/11\/credit-card.png\" width=\"297\" height=\"241\" \/><\/td>\n<td>Paiement s\u00fbr et s\u00e9curis\u00e9 via Paypal, Bancontact, Ideal, Credit Card, Belfius Direct Net, ING Home\u2019pay et KBC \/ CBC Payment Button<\/td>\n<\/tr>\n<tr>\n<td><img loading=\"lazy\" decoding=\"async\" class=\"specs-image alignnone wp-image-50208 size-full\" src=\"http:\/\/b2b.owego-family.com\/wp-content\/uploads\/2026\/02\/Belgian-brand-grey.png\" alt=\"\" width=\"1000\" height=\"1000\" \/><\/td>\n<td>Owego est une marque fi\u00e8re d\u2019\u00eatre Belge<\/td>\n<\/tr>\n<\/tbody>\n<\/table>\n<p>Faites d\u00e9filer la page vers le bas pour plus de d\u00e9tails et de sp\u00e9cifications<\/p>\n","protected":false},"featured_media":50708,"comment_status":"open","ping_status":"closed","template":"","meta":{"inline_featured_image":false},"product_brand":[],"product_cat":[789,263,264,1093],"product_tag":[265,266,267],"class_list":{"0":"post-49844","1":"product","2":"type-product","3":"status-publish","4":"has-post-thumbnail","6":"product_cat-idees-cadeaux-25-50","7":"product_cat-sleep-fr","8":"product_cat-humidificateur-sweet-dreamz","9":"product_cat-lallaitement","10":"product_tag-humidificateur-fr","11":"product_tag-veilleuse-fr-fr","12":"product_tag-veilleuse-fr","14":"first","15":"instock","16":"shipping-taxable","17":"purchasable","18":"product-type-simple"},"_links":{"self":[{"href":"https:\/\/owego-family.com\/fr\/wp-json\/wp\/v2\/product\/49844","targetHints":{"allow":["GET"]}}],"collection":[{"href":"https:\/\/owego-family.com\/fr\/wp-json\/wp\/v2\/product"}],"about":[{"href":"https:\/\/owego-family.com\/fr\/wp-json\/wp\/v2\/types\/product"}],"replies":[{"embeddable":true,"href":"https:\/\/owego-family.com\/fr\/wp-json\/wp\/v2\/comments?post=49844"}],"wp:featuredmedia":[{"embeddable":true,"href":"https:\/\/owego-family.com\/fr\/wp-json\/wp\/v2\/media\/50708"}],"wp:attachment":[{"href":"https:\/\/owego-family.com\/fr\/wp-json\/wp\/v2\/media?parent=49844"}],"wp:term":[{"taxonomy":"product_brand","embeddable":true,"href":"https:\/\/owego-family.com\/fr\/wp-json\/wp\/v2\/product_brand?post=49844"},{"taxonomy":"product_cat","embeddable":true,"href":"https:\/\/owego-family.com\/fr\/wp-json\/wp\/v2\/product_cat?post=49844"},{"taxonomy":"product_tag","embeddable":true,"href":"https:\/\/owego-family.com\/fr\/wp-json\/wp\/v2\/product_tag?post=49844"}],"curies":[{"name":"wp","href":"https:\/\/api.w.org\/{rel}","templated":true}]}}