{"id":56291,"date":"2025-03-26T07:00:21","date_gmt":"2025-03-26T06:00:21","guid":{"rendered":"https:\/\/owego-family.com\/?post_type=product&#038;p=56291"},"modified":"2026-02-26T10:26:26","modified_gmt":"2026-02-26T09:26:26","slug":"yummy-clean-set-bloom","status":"publish","type":"product","link":"https:\/\/owego-family.com\/fr\/produit\/yummy-clean-set-bloom\/","title":{"rendered":"yummy clean set bloom"},"content":{"rendered":"<p style=\"text-align: justify;\">Notre Owego Yummy Clean Set est la solution id\u00e9ale pour nettoyer et s\u00e9cher les biberons, les t\u00e9tines, les pi\u00e8ces des tire-lait et tous vos produits Yummy, o\u00f9 que vous soyez.<\/p>\n<p style=\"text-align: justify;\">Le <strong>Yummy Brush<\/strong> est con\u00e7ue pour un nettoyage pr\u00e9cis, afin que vous puissiez atteindre les petits recoins difficiles d&rsquo;acc\u00e8s.<\/p>\n<p style=\"text-align: justify;\">Le <strong>Yummy Mat<\/strong> offre une surface hygi\u00e9nique pour le s\u00e9chage et sert \u00e9galement de napperon pour les enfants en d\u00e9placement. Les bords sur\u00e9lev\u00e9s maintiennent l&rsquo;eau renvers\u00e9e sur le tapis. Enroulez la brosse dans le tapis pour le ranger et le transporter facilement, ou utilisez la sangle pratique pour le suspendre et le faire s\u00e9cher. Il se glisse sans effort dans un sac \u00e0 langer, un tiroir de cuisine ou une valise. Vous \u00eates donc toujours pr\u00eate, quelle que soit la situation. De plus, il est fabriqu\u00e9 en silicone anti-poussi\u00e8re, ce qui signifie qu&rsquo;aucun cheveu g\u00eanant ou autre salet\u00e9 n&rsquo;adh\u00e8re au tapis.<\/p>\n<p style=\"text-align: justify;\">Qu&rsquo;il s&rsquo;agisse de tirer son lait au travail ou pour manger au restaurant avec des enfants, c&rsquo;est un indispensable partout o\u00f9 la parentalit\u00e9 vous m\u00e8ne.<\/p>\n<p style=\"text-align: justify;\">Notre Yummy Clean Set est con\u00e7u avec amour en Belgique et produit de mani\u00e8re responsable en Chine.<\/p>\n","protected":false},"excerpt":{"rendered":"<p style=\"text-align: justify;\">Notre Owego Yummy Clean Set facilite le <strong>nettoyage des biberons<\/strong>, <strong>des pi\u00e8ces de tire-lait<\/strong> et des autres produits Yummy, m\u00eame lorsque vous \u00eates en d\u00e9placement! <strong>La brosse est con\u00e7ue pour les petites pi\u00e8ces difficiles \u00e0 nettoyer<\/strong>, tandis que le tapis offre une <strong>surface hygi\u00e9nique parfaite pour le s\u00e9chage<\/strong>. De plus<strong>,<\/strong> vous pouvez \u00e9galement utiliser le tapis comme <strong>set de table<\/strong> pour votre tout-petit, parfait pour les mangeurs maladroits.<\/p>\n<p style=\"text-align: justify;\">Le tapis est fabriqu\u00e9 en <strong>silicone anti-poussi\u00e8re.<\/strong><\/p>\n<p>Le set comprend 1 Yummy Mat + 1 Yummy Brush de la m\u00eame couleur.<\/p>\n<table>\n<tbody>\n<tr>\n<td><img loading=\"lazy\" decoding=\"async\" class=\"specs-image alignnone wp-image-11971 size-full\" src=\"http:\/\/b2b.owego-family.com\/wp-content\/uploads\/2020\/11\/free-delivery-150x150.png\" width=\"283\" height=\"232\" \/><\/td>\n<td>Livraison gratuite \u00e0 partir de 50 \u20ac pour la Belgique et les Pays-Bas, 100 \u20ac pour le reste de l\u2019Europe<\/td>\n<\/tr>\n<tr>\n<td><img loading=\"lazy\" decoding=\"async\" class=\"specs-image alignnone wp-image-11971 size-full\" src=\"http:\/\/b2b.owego-family.com\/wp-content\/uploads\/2020\/11\/shipping.png\" width=\"283\" height=\"232\" \/><\/td>\n<td>Livraison sous 1 \u00e0 5 jours ouvr\u00e9s en Belgique, aux Pays-Bas, en France, en Allemagne, Luxembourg, Espagne et au Italie<\/td>\n<\/tr>\n<tr>\n<td><img loading=\"lazy\" decoding=\"async\" class=\"specs-image alignnone wp-image-11970 size-full\" src=\"http:\/\/b2b.owego-family.com\/wp-content\/uploads\/2020\/11\/credit-card.png\" width=\"297\" height=\"241\" \/><\/td>\n<td>Paiement s\u00fbr et s\u00e9curis\u00e9 via Paypal, Bancontact, Ideal, Credit Card, Belfius Direct Net, ING Home\u2019pay et KBC \/ CBC Payment Button<\/td>\n<\/tr>\n<tr>\n<td><img loading=\"lazy\" decoding=\"async\" class=\"specs-image alignnone wp-image-50208 size-full\" src=\"http:\/\/b2b.owego-family.com\/wp-content\/uploads\/2026\/02\/Belgian-brand-grey.png\" alt=\"\" width=\"1000\" height=\"1000\" \/><\/td>\n<td>Owego est une marque fi\u00e8re d\u2019\u00eatre Belge<\/td>\n<\/tr>\n<\/tbody>\n<\/table>\n<p>Faites d\u00e9filer la page vers le bas pour plus de d\u00e9tails et de sp\u00e9cifications<\/p>\n<p>&nbsp;<\/p>\n","protected":false},"featured_media":56240,"comment_status":"open","ping_status":"closed","template":"","meta":{"inline_featured_image":false},"product_brand":[],"product_cat":[1093,111,942],"product_tag":[964,610],"class_list":{"0":"post-56291","1":"product","2":"type-product","3":"status-publish","4":"has-post-thumbnail","6":"product_cat-lallaitement","7":"product_cat-manger","8":"product_cat-yummy-clean-set-fr","9":"product_tag-set-fr","10":"product_tag-yummy-fr","12":"first","13":"instock","14":"shipping-taxable","15":"purchasable","16":"product-type-simple"},"_links":{"self":[{"href":"https:\/\/owego-family.com\/fr\/wp-json\/wp\/v2\/product\/56291","targetHints":{"allow":["GET"]}}],"collection":[{"href":"https:\/\/owego-family.com\/fr\/wp-json\/wp\/v2\/product"}],"about":[{"href":"https:\/\/owego-family.com\/fr\/wp-json\/wp\/v2\/types\/product"}],"replies":[{"embeddable":true,"href":"https:\/\/owego-family.com\/fr\/wp-json\/wp\/v2\/comments?post=56291"}],"wp:featuredmedia":[{"embeddable":true,"href":"https:\/\/owego-family.com\/fr\/wp-json\/wp\/v2\/media\/56240"}],"wp:attachment":[{"href":"https:\/\/owego-family.com\/fr\/wp-json\/wp\/v2\/media?parent=56291"}],"wp:term":[{"taxonomy":"product_brand","embeddable":true,"href":"https:\/\/owego-family.com\/fr\/wp-json\/wp\/v2\/product_brand?post=56291"},{"taxonomy":"product_cat","embeddable":true,"href":"https:\/\/owego-family.com\/fr\/wp-json\/wp\/v2\/product_cat?post=56291"},{"taxonomy":"product_tag","embeddable":true,"href":"https:\/\/owego-family.com\/fr\/wp-json\/wp\/v2\/product_tag?post=56291"}],"curies":[{"name":"wp","href":"https:\/\/api.w.org\/{rel}","templated":true}]}}