{"id":56467,"date":"2025-03-26T07:00:28","date_gmt":"2025-03-26T06:00:28","guid":{"rendered":"https:\/\/owego-family.com\/?post_type=product&#038;p=56467"},"modified":"2026-02-24T22:54:00","modified_gmt":"2026-02-24T21:54:00","slug":"yummy-mat-aspen","status":"publish","type":"product","link":"https:\/\/owego-family.com\/fr\/produit\/yummy-mat-aspen\/","title":{"rendered":"yummy mat aspen"},"content":{"rendered":"<p style=\"text-align: justify;\">Notre Owego Yummy Mat est un tapis de s\u00e9chage polyvalent qui sert \u00e9galement de napperon pour les petits. Il est parfait pour s\u00e9cher les biberons, les t\u00e9tines, les pi\u00e8ces du tire-lait et d&rsquo;autres \u00e9l\u00e9ments essentiels. Il est tout aussi pratique dans une chambre d&rsquo;h\u00f4tel, pendant le tirer le lait au travail ou dans votre cuisine, et offre une surface propre et hygi\u00e9nique, m\u00eame lorsque l&rsquo;espace est limit\u00e9.<\/p>\n<p style=\"text-align: justify;\">Les bords sur\u00e9lev\u00e9s garantissent que l&rsquo;eau renvers\u00e9e reste sur le tapis. Enroulez le tapis pour le ranger et le transporter facilement, ou utilisez la sangle pratique pour le suspendre et le faire s\u00e9cher. Il se glisse sans effort dans un sac \u00e0 langer, un tiroir de cuisine ou une valise. Vous \u00eates donc toujours pr\u00eate, quelle que soit la situation. De plus, il est fabriqu\u00e9 en silicone anti-poussi\u00e8re, ce qui signifie qu&rsquo;aucun cheveu g\u00eanant ou autre salet\u00e9 n&rsquo;adh\u00e8re au tapis.<\/p>\n<p style=\"text-align: justify;\">Con\u00e7u pour faciliter la vie des parents, o\u00f9 qu&rsquo;ils soient.<\/p>\n<p style=\"text-align: justify;\">Notre Yummy Mat est con\u00e7u avec amour en Belgique et produit de mani\u00e8re responsable en Chine.<\/p>\n","protected":false},"excerpt":{"rendered":"<p style=\"text-align: justify;\">Notre Owego Yummy Mat est un <strong>napperon polyvalent pour les mangeurs maladroit<\/strong> qui sert <strong>\u00e9galement de tapis de s\u00e9chage<\/strong>. Il est parfait <strong>pour s\u00e9cher les biberons, les t\u00e9tines, les pi\u00e8ces du tire-lait et d&rsquo;autres \u00e9l\u00e9ments essentiels<\/strong>. Il offre une surface propre et hygi\u00e9nique, m\u00eame lorsque l&rsquo;espace est limit\u00e9.<\/p>\n<p>Le tapis est fabriqu\u00e9 en <strong>silicone anti-poussi\u00e8re<\/strong>, ce qui signifie qu&rsquo;aucun cheveu g\u00eanant ou autre salet\u00e9 n&rsquo;adh\u00e8re au tapis.<\/p>\n<p>&nbsp;<\/p>\n<table>\n<tbody>\n<tr>\n<td><img loading=\"lazy\" decoding=\"async\" class=\"specs-image alignnone wp-image-11971 size-full\" src=\"http:\/\/b2b.owego-family.com\/wp-content\/uploads\/2020\/11\/free-delivery-150x150.png\" width=\"283\" height=\"232\" \/><\/td>\n<td>Livraison gratuite \u00e0 partir de 50 \u20ac pour la Belgique et les Pays-Bas, 100 \u20ac pour le reste de l\u2019Europe<\/td>\n<\/tr>\n<tr>\n<td><img loading=\"lazy\" decoding=\"async\" class=\"specs-image alignnone wp-image-11971 size-full\" src=\"http:\/\/b2b.owego-family.com\/wp-content\/uploads\/2020\/11\/shipping.png\" width=\"283\" height=\"232\" \/><\/td>\n<td>Livraison sous 1 \u00e0 5 jours ouvr\u00e9s en Belgique, aux Pays-Bas, en France, en Allemagne, Luxembourg, Espagne et au Italie<\/td>\n<\/tr>\n<tr>\n<td><img loading=\"lazy\" decoding=\"async\" class=\"specs-image alignnone wp-image-11970 size-full\" src=\"http:\/\/b2b.owego-family.com\/wp-content\/uploads\/2020\/11\/credit-card.png\" width=\"297\" height=\"241\" \/><\/td>\n<td>Paiement s\u00fbr et s\u00e9curis\u00e9 via Paypal, Bancontact, Ideal, Credit Card, Belfius Direct Net, ING Home\u2019pay et KBC \/ CBC Payment Button<\/td>\n<\/tr>\n<tr>\n<td><img loading=\"lazy\" decoding=\"async\" class=\"specs-image alignnone wp-image-50208 size-full\" src=\"http:\/\/b2b.owego-family.com\/wp-content\/uploads\/2026\/02\/Belgian-brand-grey.png\" alt=\"\" width=\"1000\" height=\"1000\" \/><\/td>\n<td>Owego est une marque fi\u00e8re d\u2019\u00eatre Belge<\/td>\n<\/tr>\n<\/tbody>\n<\/table>\n<p>Faites d\u00e9filer la page vers le bas pour plus de d\u00e9tails et de sp\u00e9cifications<\/p>\n<p>&nbsp;<\/p>\n","protected":false},"featured_media":56474,"comment_status":"open","ping_status":"closed","template":"","meta":{"inline_featured_image":false},"product_brand":[],"product_cat":[111,946],"product_tag":[610],"class_list":{"0":"post-56467","1":"product","2":"type-product","3":"status-publish","4":"has-post-thumbnail","6":"product_cat-manger","7":"product_cat-yummy-mat-fr","8":"product_tag-yummy-fr","10":"first","11":"instock","12":"shipping-taxable","13":"purchasable","14":"product-type-simple"},"_links":{"self":[{"href":"https:\/\/owego-family.com\/fr\/wp-json\/wp\/v2\/product\/56467","targetHints":{"allow":["GET"]}}],"collection":[{"href":"https:\/\/owego-family.com\/fr\/wp-json\/wp\/v2\/product"}],"about":[{"href":"https:\/\/owego-family.com\/fr\/wp-json\/wp\/v2\/types\/product"}],"replies":[{"embeddable":true,"href":"https:\/\/owego-family.com\/fr\/wp-json\/wp\/v2\/comments?post=56467"}],"wp:featuredmedia":[{"embeddable":true,"href":"https:\/\/owego-family.com\/fr\/wp-json\/wp\/v2\/media\/56474"}],"wp:attachment":[{"href":"https:\/\/owego-family.com\/fr\/wp-json\/wp\/v2\/media?parent=56467"}],"wp:term":[{"taxonomy":"product_brand","embeddable":true,"href":"https:\/\/owego-family.com\/fr\/wp-json\/wp\/v2\/product_brand?post=56467"},{"taxonomy":"product_cat","embeddable":true,"href":"https:\/\/owego-family.com\/fr\/wp-json\/wp\/v2\/product_cat?post=56467"},{"taxonomy":"product_tag","embeddable":true,"href":"https:\/\/owego-family.com\/fr\/wp-json\/wp\/v2\/product_tag?post=56467"}],"curies":[{"name":"wp","href":"https:\/\/api.w.org\/{rel}","templated":true}]}}