{"id":56724,"date":"2025-03-26T07:00:23","date_gmt":"2025-03-26T06:00:23","guid":{"rendered":"https:\/\/owego-family.com\/?post_type=product&#038;p=56724"},"modified":"2026-02-24T23:56:52","modified_gmt":"2026-02-24T22:56:52","slug":"yummy-brush-aspen","status":"publish","type":"product","link":"https:\/\/owego-family.com\/fr\/produit\/yummy-brush-aspen\/","title":{"rendered":"yummy brush aspen"},"content":{"rendered":"<p style=\"text-align: justify;\">Notre Owego Yummy Brush est con\u00e7u pour un nettoyage de pr\u00e9cision des grandes composants ainsi que des petites pi\u00e8ces difficiles. Cette brosse polyvalente est parfaite pour les biberons, les t\u00e9tines, des pi\u00e8ces du tire-lait et tous vos produits Yummy. Elle permet un nettoyage rapide et sans effort, \u00e0 la maison comme en d\u00e9placement. Une fois que vous avez termin\u00e9, vous pouvez simplement la suspendre pour la faire s\u00e9cher.<\/p>\n<p>Con\u00e7ue pour vous faciliter la vie, o\u00f9 que vous soyez.<\/p>\n<p>Notre Yummy Brush est con\u00e7u avec amour en Belgique et produit de mani\u00e8re responsable en Chine.<\/p>\n","protected":false},"excerpt":{"rendered":"<p style=\"text-align: justify;\">Notre Owego Yummy Brush est con\u00e7ue pour <strong>nettoyer avec pr\u00e9cision toutes les pi\u00e8ces de tire-lait, les sucettes, les biberons, les t\u00e9tines et les produits Yummy<\/strong>. Gr\u00e2ce \u00e0 sa forme sp\u00e9ciale, elle nettoie de mani\u00e8re hygi\u00e9nique et efficace m\u00eame les plus petites pi\u00e8ces difficiles.<\/p>\n<p>&nbsp;<\/p>\n<table>\n<tbody>\n<tr>\n<td><img loading=\"lazy\" decoding=\"async\" class=\"specs-image alignnone wp-image-11971 size-full\" src=\"http:\/\/b2b.owego-family.com\/wp-content\/uploads\/2020\/11\/free-delivery-150x150.png\" width=\"283\" height=\"232\" \/><\/td>\n<td>Livraison gratuite \u00e0 partir de 50 \u20ac pour la Belgique et les Pays-Bas, 100 \u20ac pour le reste de l\u2019Europe<\/td>\n<\/tr>\n<tr>\n<td><img loading=\"lazy\" decoding=\"async\" class=\"specs-image alignnone wp-image-11971 size-full\" src=\"http:\/\/b2b.owego-family.com\/wp-content\/uploads\/2020\/11\/shipping.png\" width=\"283\" height=\"232\" \/><\/td>\n<td>Livraison sous 1 \u00e0 5 jours ouvr\u00e9s en Belgique, aux Pays-Bas, en France, en Allemagne, Luxembourg, Espagne et au Italie<\/td>\n<\/tr>\n<tr>\n<td><img loading=\"lazy\" decoding=\"async\" class=\"specs-image alignnone wp-image-11970 size-full\" src=\"http:\/\/b2b.owego-family.com\/wp-content\/uploads\/2020\/11\/credit-card.png\" width=\"297\" height=\"241\" \/><\/td>\n<td>Paiement s\u00fbr et s\u00e9curis\u00e9 via Paypal, Bancontact, Ideal, Credit Card, Belfius Direct Net, ING Home\u2019pay et KBC \/ CBC Payment Button<\/td>\n<\/tr>\n<tr>\n<td><img loading=\"lazy\" decoding=\"async\" class=\"specs-image alignnone wp-image-50208 size-full\" src=\"http:\/\/b2b.owego-family.com\/wp-content\/uploads\/2026\/02\/Belgian-brand-grey.png\" alt=\"\" width=\"1000\" height=\"1000\" \/><\/td>\n<td>Owego est une marque fi\u00e8re d\u2019\u00eatre Belge<\/td>\n<\/tr>\n<\/tbody>\n<\/table>\n<p>Faites d\u00e9filer la page vers le bas pour plus de d\u00e9tails et de sp\u00e9cifications<\/p>\n","protected":false},"featured_media":56693,"comment_status":"open","ping_status":"closed","template":"","meta":{"inline_featured_image":false},"product_brand":[],"product_cat":[1093,111,950],"product_tag":[],"class_list":{"0":"post-56724","1":"product","2":"type-product","3":"status-publish","4":"has-post-thumbnail","6":"product_cat-lallaitement","7":"product_cat-manger","8":"product_cat-yummy-brush-fr","10":"first","11":"instock","12":"shipping-taxable","13":"purchasable","14":"product-type-simple"},"_links":{"self":[{"href":"https:\/\/owego-family.com\/fr\/wp-json\/wp\/v2\/product\/56724","targetHints":{"allow":["GET"]}}],"collection":[{"href":"https:\/\/owego-family.com\/fr\/wp-json\/wp\/v2\/product"}],"about":[{"href":"https:\/\/owego-family.com\/fr\/wp-json\/wp\/v2\/types\/product"}],"replies":[{"embeddable":true,"href":"https:\/\/owego-family.com\/fr\/wp-json\/wp\/v2\/comments?post=56724"}],"wp:featuredmedia":[{"embeddable":true,"href":"https:\/\/owego-family.com\/fr\/wp-json\/wp\/v2\/media\/56693"}],"wp:attachment":[{"href":"https:\/\/owego-family.com\/fr\/wp-json\/wp\/v2\/media?parent=56724"}],"wp:term":[{"taxonomy":"product_brand","embeddable":true,"href":"https:\/\/owego-family.com\/fr\/wp-json\/wp\/v2\/product_brand?post=56724"},{"taxonomy":"product_cat","embeddable":true,"href":"https:\/\/owego-family.com\/fr\/wp-json\/wp\/v2\/product_cat?post=56724"},{"taxonomy":"product_tag","embeddable":true,"href":"https:\/\/owego-family.com\/fr\/wp-json\/wp\/v2\/product_tag?post=56724"}],"curies":[{"name":"wp","href":"https:\/\/api.w.org\/{rel}","templated":true}]}}