{"id":57627,"date":"2025-07-04T07:27:48","date_gmt":"2025-07-04T05:27:48","guid":{"rendered":"https:\/\/owego-family.com\/?post_type=product&#038;p=57627"},"modified":"2026-03-12T16:28:02","modified_gmt":"2026-03-12T15:28:02","slug":"wonder-balloons-10","status":"publish","type":"product","link":"https:\/\/owego-family.com\/fr\/produit\/wonder-balloons-10\/","title":{"rendered":"wonder balloons (10)"},"content":{"rendered":"<div>\n<p style=\"text-align: justify;\" data-start=\"245\" data-end=\"703\"><span class=\"OYPEnA font-feature-liga-off font-feature-clig-off font-feature-calt-off text-decoration-none text-strikethrough-none\">Nos Wonder Balloons sont fabriqu\u00e9s \u00e0 partir de silicone de qualit\u00e9 alimentaire. Ils sont doux au toucher et ne contiennent ni aimants ni petites pi\u00e8ces d\u00e9tach\u00e9es, ce qui les rend parfaitement s\u00fbrs et rassure les parents.<\/span> <span class=\"OYPEnA font-feature-liga-off font-feature-clig-off font-feature-calt-off text-decoration-none text-strikethrough-none\">Con\u00e7us pour des <\/span><span class=\"OYPEnA font-feature-liga-off font-feature-clig-off font-feature-calt-off text-decoration-none text-strikethrough-none\">jeux aquatiques imaginatifs et sans limites<\/span><span class=\"OYPEnA font-feature-liga-off font-feature-clig-off font-feature-calt-off text-decoration-none text-strikethrough-none\">, ils sont id\u00e9aux pour les <\/span><span class=\"OYPEnA font-feature-liga-off font-feature-clig-off font-feature-calt-off text-decoration-none text-strikethrough-none\">enfants \u00e0 partir de 3 ans<\/span><span class=\"OYPEnA font-feature-liga-off font-feature-clig-off font-feature-calt-off text-decoration-none text-strikethrough-none\">.<\/span> <span class=\"OYPEnA font-feature-liga-off font-feature-clig-off font-feature-calt-off text-decoration-none text-strikethrough-none\">Ils encouragent l&rsquo;exploration joyeuse dans le <\/span><span class=\"OYPEnA font-feature-liga-off font-feature-clig-off font-feature-calt-off text-decoration-none text-strikethrough-none\">bain<\/span><span class=\"OYPEnA font-feature-liga-off font-feature-clig-off font-feature-calt-off text-decoration-none text-strikethrough-none\">, \u00e0 la <\/span><span class=\"OYPEnA font-feature-liga-off font-feature-clig-off font-feature-calt-off text-decoration-none text-strikethrough-none\">plage<\/span><span class=\"OYPEnA font-feature-liga-off font-feature-clig-off font-feature-calt-off text-decoration-none text-strikethrough-none\">, \u00e0 la <\/span><span class=\"OYPEnA font-feature-liga-off font-feature-clig-off font-feature-calt-off text-decoration-none text-strikethrough-none\">piscine<\/span><span class=\"OYPEnA font-feature-liga-off font-feature-clig-off font-feature-calt-off text-decoration-none text-strikethrough-none\"> ou lors <\/span><span class=\"OYPEnA font-feature-liga-off font-feature-clig-off font-feature-calt-off text-decoration-none text-strikethrough-none\">d&rsquo;activit\u00e9s en plein air<\/span><span class=\"OYPEnA font-feature-liga-off font-feature-clig-off font-feature-calt-off text-decoration-none text-strikethrough-none\">.<\/span><span class=\"OYPEnA font-feature-liga-off font-feature-clig-off font-feature-calt-off text-decoration-none text-strikethrough-none\"> Les remplir est rapide et facile: il suffit de les presser sous l&rsquo;eau, de les rel\u00e2cher et ils sont pr\u00eats \u00e0 l&rsquo;action!<\/span><\/p>\n<p style=\"text-align: justify;\" data-start=\"705\" data-end=\"932\"><span class=\"OYPEnA font-feature-liga-off font-feature-clig-off font-feature-calt-off text-decoration-none text-strikethrough-none\">Chaque set est livr\u00e9 avec un filet<\/span><span class=\"OYPEnA font-feature-liga-off font-feature-clig-off font-feature-calt-off text-decoration-none text-strikethrough-none\"> de rangement <\/span><span class=\"OYPEnA font-feature-liga-off font-feature-clig-off font-feature-calt-off text-decoration-none text-strikethrough-none\">pour les ranger, les s\u00e9cher et les emporter facilement.<\/span> <span class=\"OYPEnA font-feature-liga-off font-feature-clig-off font-feature-calt-off text-decoration-none text-strikethrough-none\">Nos Wonder Balloons sont durables, r\u00e9utilisables, sans BPA et faciles \u00e0 nettoyer: une alternative intelligente et sans d\u00e9chets pour s&rsquo;amuser avec l&rsquo;eau.<\/span><\/p>\n<\/div>\n<p>Notre Wonder Balloons sont con\u00e7u avec amour en Belgique et produit de mani\u00e8re responsable en Chine.<\/p>\n","protected":false},"excerpt":{"rendered":"<div>\n<p style=\"text-align: justify;\">Nos Wonder Balloons sont la solution <strong>sans d\u00e9chets et<\/strong>\u00a0<strong>r\u00e9utilisable<\/strong> pour des ann\u00e9es de plaisir aquatique. Fait en <strong>silicone souple et pr\u00e9form\u00e9,<\/strong> ils sont <strong>faciles\u00a0\u00e0 remplir pour petites mains<\/strong>. Il suffit de presser sous l&rsquo;eau et ils sont pr\u00eats \u00e0 l&rsquo;action. Parfaits pour <strong>jouer dehors<\/strong> ou s&rsquo;amuser dans le <strong>bain<\/strong>.<\/p>\n<p><strong>Convient aux enfants \u00e0 partir de 3 ans<\/strong><\/p>\n<p>L&#8217;emballage comprend:<\/p>\n<ul>\n<li>Set de 10 ballons d&rsquo;eau: 2 x Aspen, 2 x Denim, 2 x Blush, 2 x Bloom, 2 x Cream<\/li>\n<li><span class=\"OYPEnA font-feature-liga-off font-feature-clig-off font-feature-calt-off text-decoration-none text-strikethrough-none\">Filet de rangement<\/span><\/li>\n<\/ul>\n<\/div>\n<p>&nbsp;<\/p>\n<table style=\"border: none;\">\n<tbody>\n<tr>\n<td style=\"border-right: none;\"><img loading=\"lazy\" decoding=\"async\" class=\"specs-image alignnone wp-image-11971 size-full\" src=\"http:\/\/b2b.owego-family.com\/wp-content\/uploads\/2020\/11\/free-delivery-150x150.png\" width=\"283\" height=\"232\" \/><\/td>\n<td style=\"border-right: none; text-align: left;\">Livraison gratuite \u00e0 partir de 50 \u20ac pour la Belgique et les Pays-Bas, 100 \u20ac pour le reste de l\u2019Europe<\/td>\n<\/tr>\n<tr>\n<td style=\"border-right: none;\"><img loading=\"lazy\" decoding=\"async\" class=\"specs-image alignnone wp-image-11971 size-full\" src=\"http:\/\/b2b.owego-family.com\/wp-content\/uploads\/2020\/11\/shipping.png\" width=\"283\" height=\"232\" \/><\/td>\n<td style=\"border-right: none; text-align: left;\">Livraison sous 1 \u00e0 5 jours ouvr\u00e9s en Belgique, aux Pays-Bas, en France, en Allemagne, Luxembourg, Espagne et au Italie<\/td>\n<\/tr>\n<tr>\n<td style=\"border-right: none;\"><img loading=\"lazy\" decoding=\"async\" class=\"specs-image alignnone wp-image-11970 size-full\" src=\"http:\/\/b2b.owego-family.com\/wp-content\/uploads\/2020\/11\/credit-card.png\" width=\"297\" height=\"241\" \/><\/td>\n<td style=\"border-right: none; text-align: left;\">Paiement s\u00fbr et s\u00e9curis\u00e9 via Paypal, Bancontact, Ideal, Credit Card, Belfius Direct Net, ING Home\u2019pay et KBC \/ CBC Payment Button<\/td>\n<\/tr>\n<tr>\n<td style=\"border-right: none;\"><img loading=\"lazy\" decoding=\"async\" class=\"specs-image alignnone wp-image-50208 size-full\" src=\"http:\/\/b2b.owego-family.com\/wp-content\/uploads\/2026\/02\/Belgian-brand-grey.png\" alt=\"\" width=\"1000\" height=\"1000\" \/><\/td>\n<td style=\"border-right: none; text-align: left;\">Owego est une marque fi\u00e8re d\u2019\u00eatre Belge<\/td>\n<\/tr>\n<\/tbody>\n<\/table>\n<p>Faites d\u00e9filer la page vers le bas pour plus de d\u00e9tails et de sp\u00e9cifications.<\/p>\n","protected":false},"featured_media":57621,"comment_status":"open","ping_status":"closed","template":"","meta":{"inline_featured_image":false},"product_brand":[],"product_cat":[789,709,1037],"product_tag":[1048,1049,1050],"class_list":{"0":"post-57627","1":"product","2":"type-product","3":"status-publish","4":"has-post-thumbnail","6":"product_cat-idees-cadeaux-25-50","7":"product_cat-jouer","8":"product_cat-wonder-balloons-fr","9":"product_tag-bath-toy-fr","10":"product_tag-water-balloons-fr","11":"product_tag-water-play-fr","13":"first","14":"instock","15":"shipping-taxable","16":"purchasable","17":"product-type-simple"},"_links":{"self":[{"href":"https:\/\/owego-family.com\/fr\/wp-json\/wp\/v2\/product\/57627","targetHints":{"allow":["GET"]}}],"collection":[{"href":"https:\/\/owego-family.com\/fr\/wp-json\/wp\/v2\/product"}],"about":[{"href":"https:\/\/owego-family.com\/fr\/wp-json\/wp\/v2\/types\/product"}],"replies":[{"embeddable":true,"href":"https:\/\/owego-family.com\/fr\/wp-json\/wp\/v2\/comments?post=57627"}],"wp:featuredmedia":[{"embeddable":true,"href":"https:\/\/owego-family.com\/fr\/wp-json\/wp\/v2\/media\/57621"}],"wp:attachment":[{"href":"https:\/\/owego-family.com\/fr\/wp-json\/wp\/v2\/media?parent=57627"}],"wp:term":[{"taxonomy":"product_brand","embeddable":true,"href":"https:\/\/owego-family.com\/fr\/wp-json\/wp\/v2\/product_brand?post=57627"},{"taxonomy":"product_cat","embeddable":true,"href":"https:\/\/owego-family.com\/fr\/wp-json\/wp\/v2\/product_cat?post=57627"},{"taxonomy":"product_tag","embeddable":true,"href":"https:\/\/owego-family.com\/fr\/wp-json\/wp\/v2\/product_tag?post=57627"}],"curies":[{"name":"wp","href":"https:\/\/api.w.org\/{rel}","templated":true}]}}