{"id":58280,"date":"2025-10-09T15:49:48","date_gmt":"2025-10-09T13:49:48","guid":{"rendered":"https:\/\/owego-family.com\/?post_type=product&#038;p=58280"},"modified":"2026-02-23T22:44:13","modified_gmt":"2026-02-23T21:44:13","slug":"yummy-bag-closure","status":"publish","type":"product","link":"https:\/\/owego-family.com\/fr\/produit\/yummy-bag-closure\/","title":{"rendered":"yummy bag closure"},"content":{"rendered":"<p style=\"text-align: justify;\"><span class=\"EOP SCXW178491348 BCX0\" data-ccp-props=\"{}\">La fermeture pour le Yummy Bag garantit une fermeture parfaite. Imperm\u00e9able, r\u00e9utilisable et facile \u00e0 ouvrir et \u00e0 fermer. <\/span><\/p>\n<p class=\"style-scope ytd-watch-metadata\">Voyez<a href=\"https:\/\/www.youtube.com\/watch?v=Vvda7TjS9iU\" target=\"_blank\" rel=\"noopener\"> ici<\/a> comment d\u00e9tacher et attacher la fermeture de votre Yummy Bag.<\/p>\n<p style=\"text-align: justify;\">Notre Yummy Bag Closure est con\u00e7u avec amour en Belgique et produit de mani\u00e8re responsable en Chine.<\/p>\n","protected":false},"excerpt":{"rendered":"<p style=\"text-align: justify;\">Notre fermeture pratique pour le Yummy Bag garantit une fermeture parfaite. \u00c9tanche, r\u00e9utilisable et facile \u00e0 ouvrir et \u00e0 fermer.<\/p>\n<p style=\"text-align: justify;\">Cet article comprend 1 fermeture de rechange pour 1 Yummy Bag.<\/p>\n<p><em>(Yummy Bag non inclus)<\/em><\/p>\n<p>&nbsp;<\/p>\n<table style=\"border: none;\">\n<tbody>\n<tr>\n<td style=\"border-right: none;\"><img loading=\"lazy\" decoding=\"async\" class=\"specs-image alignnone wp-image-11971 size-full\" src=\"http:\/\/b2b.owego-family.com\/wp-content\/uploads\/2020\/11\/free-delivery-150x150.png\" width=\"283\" height=\"232\" \/><\/td>\n<td style=\"border-right: none; text-align: left;\">Livraison gratuite \u00e0 partir de 50 \u20ac pour la Belgique et les Pays-Bas, 100 \u20ac pour le reste de l\u2019Europe<\/td>\n<\/tr>\n<tr>\n<td style=\"border-right: none;\"><img loading=\"lazy\" decoding=\"async\" class=\"specs-image alignnone wp-image-11971 size-full\" src=\"http:\/\/b2b.owego-family.com\/wp-content\/uploads\/2020\/11\/shipping.png\" width=\"283\" height=\"232\" \/><\/td>\n<td style=\"border-right: none; text-align: left;\">Livraison sous 1 \u00e0 5 jours ouvr\u00e9s en Belgique, aux Pays-Bas, en France, en Allemagne, Luxembourg, Espagne et au Italie<\/td>\n<\/tr>\n<tr>\n<td style=\"border-right: none;\"><img loading=\"lazy\" decoding=\"async\" class=\"specs-image alignnone wp-image-11970 size-full\" src=\"http:\/\/b2b.owego-family.com\/wp-content\/uploads\/2020\/11\/credit-card.png\" width=\"297\" height=\"241\" \/><\/td>\n<td style=\"border-right: none; text-align: left;\">Paiement s\u00fbr et s\u00e9curis\u00e9 via Paypal, Bancontact, Ideal, Credit Card, Belfius Direct Net, ING Home\u2019pay et KBC \/ CBC Payment Button<\/td>\n<\/tr>\n<tr>\n<td style=\"border-right: none;\"><img loading=\"lazy\" decoding=\"async\" class=\"specs-image alignnone wp-image-50208 size-full\" src=\"http:\/\/b2b.owego-family.com\/wp-content\/uploads\/2026\/02\/Belgian-brand-grey.png\" alt=\"\" width=\"1000\" height=\"1000\" \/><\/td>\n<td style=\"border-right: none; text-align: left;\">Owego est une marque fi\u00e8re d\u2019\u00eatre Belge<\/td>\n<\/tr>\n<\/tbody>\n<\/table>\n<p>Faites d\u00e9filer la page vers le bas pour plus de d\u00e9tails et de sp\u00e9cifications<\/p>\n<p>&nbsp;<\/p>\n<p>&nbsp;<\/p>\n","protected":false},"featured_media":58276,"comment_status":"closed","ping_status":"closed","template":"","meta":{"inline_featured_image":false},"product_brand":[],"product_cat":[111,58],"product_tag":[],"class_list":{"0":"post-58280","1":"product","2":"type-product","3":"status-publish","4":"has-post-thumbnail","6":"product_cat-manger","7":"product_cat-yummy-bag-fr","9":"first","10":"instock","11":"shipping-taxable","12":"purchasable","13":"product-type-simple"},"_links":{"self":[{"href":"https:\/\/owego-family.com\/fr\/wp-json\/wp\/v2\/product\/58280","targetHints":{"allow":["GET"]}}],"collection":[{"href":"https:\/\/owego-family.com\/fr\/wp-json\/wp\/v2\/product"}],"about":[{"href":"https:\/\/owego-family.com\/fr\/wp-json\/wp\/v2\/types\/product"}],"replies":[{"embeddable":true,"href":"https:\/\/owego-family.com\/fr\/wp-json\/wp\/v2\/comments?post=58280"}],"wp:featuredmedia":[{"embeddable":true,"href":"https:\/\/owego-family.com\/fr\/wp-json\/wp\/v2\/media\/58276"}],"wp:attachment":[{"href":"https:\/\/owego-family.com\/fr\/wp-json\/wp\/v2\/media?parent=58280"}],"wp:term":[{"taxonomy":"product_brand","embeddable":true,"href":"https:\/\/owego-family.com\/fr\/wp-json\/wp\/v2\/product_brand?post=58280"},{"taxonomy":"product_cat","embeddable":true,"href":"https:\/\/owego-family.com\/fr\/wp-json\/wp\/v2\/product_cat?post=58280"},{"taxonomy":"product_tag","embeddable":true,"href":"https:\/\/owego-family.com\/fr\/wp-json\/wp\/v2\/product_tag?post=58280"}],"curies":[{"name":"wp","href":"https:\/\/api.w.org\/{rel}","templated":true}]}}