{"id":58499,"date":"2026-01-09T09:00:36","date_gmt":"2026-01-09T08:00:36","guid":{"rendered":"https:\/\/owego-family.com\/?post_type=product&#038;p=58499"},"modified":"2026-03-12T15:48:31","modified_gmt":"2026-03-12T14:48:31","slug":"yummy-storage-denim","status":"publish","type":"product","link":"https:\/\/owego-family.com\/fr\/produit\/yummy-storage-denim\/","title":{"rendered":"yummy storage denim"},"content":{"rendered":"<p style=\"text-align: justify;\">Notre Yummy Storage facilite le stockage du lait maternel. Transf\u00e9rez directement les gla\u00e7ons depuis le Yummy Tray (ou tout autre plateau de cong\u00e9lation) pour constituer facilement votre r\u00e9serve. Avec ses trois niveaux de fermeture r\u00e9glables, commencez petit et laissez le sac s\u2019adapter \u00e0 la croissance de votre stock. Votre cong\u00e9lateur reste ainsi hygi\u00e9nique, pratique et bien organis\u00e9. \u00c9galement parfait pour les cubes de fruits et l\u00e9gumes, sauces et bien plus encore. Durable, r\u00e9utilisable et con\u00e7u pour \u00e9voluer avec votre famille.<\/p>\n<p>Notre Yummy Storage est con\u00e7u avec amour en Belgique et produit de mani\u00e8re responsable en Chine.<\/p>\n","protected":false},"excerpt":{"rendered":"<p style=\"text-align: justify;\">Notre sac de conservation Yummy Storage facilite <strong>le stockage du lait maternel<\/strong> de mani\u00e8re simple et organis\u00e9e. Avec ses <strong>3 niveaux de fermeture<\/strong> <strong>r\u00e9glables<\/strong>, il s&rsquo;adapte \u00e0 la quantit\u00e9 de lait que vous conservez tout en gardant votre cong\u00e9lateur <strong>propre et hygi\u00e9nique<\/strong>. Id\u00e9al pour le lait maternel, les pur\u00e9es, les sauces et bien plus encore. <strong>Sans plastique<\/strong>, <strong>sans d\u00e9chets<\/strong> et <strong>r\u00e9utilisable <\/strong>pour la vie quotidienne de votre famille.<\/p>\n<p>&nbsp;<\/p>\n<table style=\"border: none;\">\n<tbody>\n<tr>\n<td style=\"border-right: none;\"><img loading=\"lazy\" decoding=\"async\" class=\"specs-image alignnone wp-image-11971 size-full\" src=\"http:\/\/b2b.owego-family.com\/wp-content\/uploads\/2020\/11\/free-delivery-150x150.png\" width=\"283\" height=\"232\" \/><\/td>\n<td style=\"border-right: none; text-align: left;\">Livraison gratuite \u00e0 partir de 50 \u20ac pour la Belgique et les Pays-Bas, 100 \u20ac pour le reste de l\u2019Europe<\/td>\n<\/tr>\n<tr>\n<td style=\"border-right: none;\"><img loading=\"lazy\" decoding=\"async\" class=\"specs-image alignnone wp-image-11971 size-full\" src=\"http:\/\/b2b.owego-family.com\/wp-content\/uploads\/2020\/11\/shipping.png\" width=\"283\" height=\"232\" \/><\/td>\n<td style=\"border-right: none; text-align: left;\">Livraison sous 1 \u00e0 5 jours ouvr\u00e9s en Belgique, aux Pays-Bas, en France, en Allemagne, Luxembourg, Espagne et au Italie<\/td>\n<\/tr>\n<tr>\n<td style=\"border-right: none;\"><img loading=\"lazy\" decoding=\"async\" class=\"specs-image alignnone wp-image-11970 size-full\" src=\"http:\/\/b2b.owego-family.com\/wp-content\/uploads\/2020\/11\/credit-card.png\" width=\"297\" height=\"241\" \/><\/td>\n<td style=\"border-right: none; text-align: left;\">Paiement s\u00fbr et s\u00e9curis\u00e9 via Paypal, Bancontact, Ideal, Credit Card, Belfius Direct Net, ING Home\u2019pay et KBC \/ CBC Payment Button<\/td>\n<\/tr>\n<tr>\n<td style=\"border-right: none;\"><img loading=\"lazy\" decoding=\"async\" class=\"specs-image alignnone wp-image-50208 size-full\" src=\"http:\/\/b2b.owego-family.com\/wp-content\/uploads\/2026\/02\/Belgian-brand-grey.png\" alt=\"\" width=\"1000\" height=\"1000\" \/><\/td>\n<td style=\"border-right: none; text-align: left;\">Owego est une marque fi\u00e8re d\u2019\u00eatre Belge<\/td>\n<\/tr>\n<\/tbody>\n<\/table>\n<p>Faites d\u00e9filer la page vers le bas pour plus de d\u00e9tails et de sp\u00e9cifications.<\/p>\n","protected":false},"featured_media":59352,"comment_status":"open","ping_status":"closed","template":"","meta":{"inline_featured_image":false},"product_brand":[],"product_cat":[789,1093,111,1147],"product_tag":[],"class_list":{"0":"post-58499","1":"product","2":"type-product","3":"status-publish","4":"has-post-thumbnail","6":"product_cat-idees-cadeaux-25-50","7":"product_cat-lallaitement","8":"product_cat-manger","9":"product_cat-yummy-storage-fr","11":"first","12":"instock","13":"shipping-taxable","14":"purchasable","15":"product-type-simple"},"_links":{"self":[{"href":"https:\/\/owego-family.com\/fr\/wp-json\/wp\/v2\/product\/58499","targetHints":{"allow":["GET"]}}],"collection":[{"href":"https:\/\/owego-family.com\/fr\/wp-json\/wp\/v2\/product"}],"about":[{"href":"https:\/\/owego-family.com\/fr\/wp-json\/wp\/v2\/types\/product"}],"replies":[{"embeddable":true,"href":"https:\/\/owego-family.com\/fr\/wp-json\/wp\/v2\/comments?post=58499"}],"wp:featuredmedia":[{"embeddable":true,"href":"https:\/\/owego-family.com\/fr\/wp-json\/wp\/v2\/media\/59352"}],"wp:attachment":[{"href":"https:\/\/owego-family.com\/fr\/wp-json\/wp\/v2\/media?parent=58499"}],"wp:term":[{"taxonomy":"product_brand","embeddable":true,"href":"https:\/\/owego-family.com\/fr\/wp-json\/wp\/v2\/product_brand?post=58499"},{"taxonomy":"product_cat","embeddable":true,"href":"https:\/\/owego-family.com\/fr\/wp-json\/wp\/v2\/product_cat?post=58499"},{"taxonomy":"product_tag","embeddable":true,"href":"https:\/\/owego-family.com\/fr\/wp-json\/wp\/v2\/product_tag?post=58499"}],"curies":[{"name":"wp","href":"https:\/\/api.w.org\/{rel}","templated":true}]}}