{"id":58823,"date":"2026-01-06T09:00:36","date_gmt":"2026-01-06T08:00:36","guid":{"rendered":"https:\/\/owego-family.com\/?post_type=product&#038;p=58823"},"modified":"2026-03-12T16:07:55","modified_gmt":"2026-03-12T15:07:55","slug":"bed-guard","status":"publish","type":"product","link":"https:\/\/owego-family.com\/fr\/produit\/bed-guard\/","title":{"rendered":"bed guard"},"content":{"rendered":"<p style=\"text-align: justify;\" data-olk-copy-source=\"MailCompose\">Notre Bed Guard gonflable est un doux boudin de lit en forme de nuage, con\u00e7u pour les petits dormeurs. L\u00e9ger et compact, il est parfait pour les voyages, les soir\u00e9es pyjama et les siestes hors de la maison. Rapide \u00e0 gonfler et \u00e0 d\u00e9gonfler, il se glisse sous le drap-housse le long du bord du matelas pour cr\u00e9er un espace de sommeil s\u00fbr et douillet. Sa base antid\u00e9rapante le maintient bien en place, pour un sommeil paisible, partout et \u00e0 tout moment.<\/p>\n<p style=\"text-align: justify;\" data-olk-copy-source=\"MailCompose\">Notre Bed Guard est con\u00e7u avec amour en Belgique et produit de mani\u00e8re responsable en Chine.<\/p>\n","protected":false},"excerpt":{"rendered":"<p style=\"text-align: justify;\">Notre Bed Guard <strong>gonflable<\/strong> et nomade est un boudin de lit <strong>doux<\/strong> en forme de nuage pour les petits dormeurs. <strong>L\u00e9ger<\/strong>, <strong>compact<\/strong> et rapide \u00e0 gonfler et \u00e0 d\u00e9gonfler. Pour un sommeil paisible, \u00e0 tout moment et en tout lieu.<\/p>\n<p>L\u2019emballage comprend 1 boudin de lit et 1sac de transport.<\/p>\n<p>&nbsp;<\/p>\n<table style=\"border: none;\">\n<tbody>\n<tr>\n<td style=\"border-right: none;\"><img loading=\"lazy\" decoding=\"async\" class=\"specs-image alignnone wp-image-11971 size-full\" src=\"http:\/\/b2b.owego-family.com\/wp-content\/uploads\/2020\/11\/free-delivery-150x150.png\" width=\"283\" height=\"232\" \/><\/td>\n<td style=\"border-right: none; text-align: left;\">Livraison gratuite \u00e0 partir de 50 \u20ac pour la Belgique et les Pays-Bas, 100 \u20ac pour le reste de l\u2019Europe<\/td>\n<\/tr>\n<tr>\n<td style=\"border-right: none;\"><img loading=\"lazy\" decoding=\"async\" class=\"specs-image alignnone wp-image-11971 size-full\" src=\"http:\/\/b2b.owego-family.com\/wp-content\/uploads\/2020\/11\/shipping.png\" width=\"283\" height=\"232\" \/><\/td>\n<td style=\"border-right: none; text-align: left;\">Livraison sous 1 \u00e0 5 jours ouvr\u00e9s en Belgique, aux Pays-Bas, en France, en Allemagne, Luxembourg, Espagne et au Italie<\/td>\n<\/tr>\n<tr>\n<td style=\"border-right: none;\"><img loading=\"lazy\" decoding=\"async\" class=\"specs-image alignnone wp-image-11970 size-full\" src=\"http:\/\/b2b.owego-family.com\/wp-content\/uploads\/2020\/11\/credit-card.png\" width=\"297\" height=\"241\" \/><\/td>\n<td style=\"border-right: none; text-align: left;\">Paiement s\u00fbr et s\u00e9curis\u00e9 via Paypal, Bancontact, Ideal, Credit Card, Belfius Direct Net, ING Home\u2019pay et KBC \/ CBC Payment Button<\/td>\n<\/tr>\n<tr>\n<td style=\"border-right: none;\"><img loading=\"lazy\" decoding=\"async\" class=\"specs-image alignnone wp-image-50208 size-full\" src=\"http:\/\/b2b.owego-family.com\/wp-content\/uploads\/2026\/02\/Belgian-brand-grey.png\" alt=\"\" width=\"1000\" height=\"1000\" \/><\/td>\n<td style=\"border-right: none; text-align: left;\">Owego est une marque fi\u00e8re d\u2019\u00eatre Belge<\/td>\n<\/tr>\n<\/tbody>\n<\/table>\n<p>Faites d\u00e9filer la page vers le bas pour plus de d\u00e9tails et de sp\u00e9cifications.<\/p>\n","protected":false},"featured_media":59041,"comment_status":"open","ping_status":"closed","template":"","meta":{"inline_featured_image":false},"product_brand":[],"product_cat":[786,1167,263],"product_tag":[1168,1169],"class_list":{"0":"post-58823","1":"product","2":"type-product","3":"status-publish","4":"has-post-thumbnail","6":"product_cat-idees-cadeaux-moins-25","7":"product_cat-bed-guard-fr","8":"product_cat-sleep-fr","9":"product_tag-bedrand-fr","10":"product_tag-slapen-fr","12":"first","13":"instock","14":"shipping-taxable","15":"purchasable","16":"product-type-simple"},"_links":{"self":[{"href":"https:\/\/owego-family.com\/fr\/wp-json\/wp\/v2\/product\/58823","targetHints":{"allow":["GET"]}}],"collection":[{"href":"https:\/\/owego-family.com\/fr\/wp-json\/wp\/v2\/product"}],"about":[{"href":"https:\/\/owego-family.com\/fr\/wp-json\/wp\/v2\/types\/product"}],"replies":[{"embeddable":true,"href":"https:\/\/owego-family.com\/fr\/wp-json\/wp\/v2\/comments?post=58823"}],"wp:featuredmedia":[{"embeddable":true,"href":"https:\/\/owego-family.com\/fr\/wp-json\/wp\/v2\/media\/59041"}],"wp:attachment":[{"href":"https:\/\/owego-family.com\/fr\/wp-json\/wp\/v2\/media?parent=58823"}],"wp:term":[{"taxonomy":"product_brand","embeddable":true,"href":"https:\/\/owego-family.com\/fr\/wp-json\/wp\/v2\/product_brand?post=58823"},{"taxonomy":"product_cat","embeddable":true,"href":"https:\/\/owego-family.com\/fr\/wp-json\/wp\/v2\/product_cat?post=58823"},{"taxonomy":"product_tag","embeddable":true,"href":"https:\/\/owego-family.com\/fr\/wp-json\/wp\/v2\/product_tag?post=58823"}],"curies":[{"name":"wp","href":"https:\/\/api.w.org\/{rel}","templated":true}]}}